{"id":3,"date":"2018-08-30T14:17:45","date_gmt":"2018-08-30T14:17:45","guid":{"rendered":"https:\/\/www.synergie.ca\/?page_id=3"},"modified":"2025-03-24T15:08:21","modified_gmt":"2025-03-24T19:08:21","slug":"confidentialite","status":"publish","type":"page","link":"https:\/\/www.synergie.ca\/fr\/confidentialite\/","title":{"rendered":"Politique de confidentialit\u00e9"},"content":{"rendered":"\n<h3 class=\"wp-block-heading\"><strong>Notre politique de confidentialit\u00e9<\/strong><\/h3>\n\n\n\n<p>Chez Synergie, nous respectons la vie priv\u00e9e et la protection des renseignements personnels de nos employ\u00e9s, candidats, fournisseurs et clients dans tous les aspects de nos activit\u00e9s commerciales.<\/p>\n\n\n\n<p>La pr\u00e9sente politique a pour but de vous aider \u00e0 comprendre nos pratiques en mati\u00e8re de collecte, d\u2019utilisation, de divulgation et de conservation des renseignements personnels. Bien qu\u2019aucune mesure soit absolument infaillible, Synergie met en place des mesures raisonnables et ad\u00e9quates afin de pr\u00e9server les renseignements personnels que nous collectons et pour que ces informations restent s\u00e9curis\u00e9es et prot\u00e9g\u00e9es lors de la fourniture de services \u00e0 nos clients.\u00a0<\/p>\n\n\n\n<p>Les renseignements personnels sont collect\u00e9s, utilis\u00e9s et divulgu\u00e9s par Synergie conform\u00e9ment \u00e0 la pr\u00e9sente politique de confidentialit\u00e9.\u00a0Notre politique est \u00e9galement con\u00e7ue pour se conformer aux exigences des lois canadiennes en mati\u00e8re de protection de vie priv\u00e9e et des renseignements personnels, incluant la Loi qu\u00e9b\u00e9coise sur la protection des renseignements personnels dans le secteur priv\u00e9.<\/p>\n\n\n\n<p><strong>Type de renseignements personnels collect\u00e9s<\/strong><\/p>\n\n\n\n<p>En tant que demandeur d\u2019emploi utilisant les services de Synergie, il vous est demand\u00e9 de fournir certaines informations afin que nous puissions vous fournir le meilleur service possible.\u00a0En plus de vos coordonn\u00e9es, votre langue de pr\u00e9f\u00e9rence, votre date de naissance (la date de naissance est collect\u00e9e uniquement lorsque des recherches sur les ant\u00e9c\u00e9dents en lien avec l\u2019emploi doivent \u00eatre conduits), de votre curriculum vitae et d\u2019une description du type de travail que vous recherchez, votre dossier peut comprendre les \u00e9l\u00e9ments suivants:<\/p>\n\n\n\n<ul class=\"wp-block-list\">\n<li>Nos notes d\u2019entretien.<\/li>\n\n\n\n<li>Informations obtenues par r\u00e9f\u00e9rence et v\u00e9rification des ant\u00e9c\u00e9dents.<\/li>\n\n\n\n<li>Dossiers en lien avec votre parcours acad\u00e9mique.<\/li>\n\n\n\n<li>Lettres de r\u00e9f\u00e9rences.<\/li>\n\n\n\n<li>R\u00e9sultats des tests de comp\u00e9tences.<\/li>\n\n\n\n<li>Informations requises pour fournir des services de paie, y compris les d\u00e9tails bancaires, les d\u00e9ductions fiscales et les indemnit\u00e9s de vacances. Le num\u00e9ro d\u2019assurance sociale n\u2019est pas collect\u00e9 au stade de la candidature mais uniquement lorsque le candidat aura re\u00e7u une offre d\u2019emploi et ce, \u00e0 des fins fiscales.<\/li>\n<\/ul>\n\n\n\n<p><strong>Utilisations des renseignements personnels<\/strong><\/p>\n\n\n\n<p>Synergie utilise vos renseignements personnels pour:<\/p>\n\n\n\n<ul class=\"wp-block-list\">\n<li>Comprendre vos qualifications, vos besoins et vos pr\u00e9f\u00e9rences.<\/li>\n\n\n\n<li>Vous trouver les meilleures opportunit\u00e9s d\u2019emploi qui vous donneront la satisfaction professionnelle que vous recherchez.<\/li>\n\n\n\n<li>R\u00e9pondre aux demandes d\u2019informations de nos clients concernant les candidats.<\/li>\n\n\n\n<li>Vous fournir une formation appropri\u00e9e ou des services de transition de carri\u00e8re.<\/li>\n\n\n\n<li>\u00c9valuer et d\u00e9velopper nos activit\u00e9s et nos op\u00e9rations pour mieux servir les demandeurs d\u2019emploi et nos clients.<\/li>\n\n\n\n<li>G\u00e9rer les services de paie;<\/li>\n\n\n\n<li>Entrer en contact avec vous concernant votre dossier lorsque n\u00e9cessaire;<\/li>\n\n\n\n<li>V\u00e9rifier vos ant\u00e9c\u00e9dents lorsque cela est n\u00e9cessaire et l\u00e9galement appropri\u00e9;<\/li>\n\n\n\n<li>Assurer la conformit\u00e9 avec les exigences l\u00e9gales et r\u00e9glementaires applicables;<\/li>\n\n\n\n<li>Toute autre finalit\u00e9 pour laquelle nous obtenons votre consentement additionnel.<\/li>\n<\/ul>\n\n\n\n<p>Synergie ne recueille jamais plus de renseignements personnels qu\u2019il n\u2019est n\u00e9cessaire pour atteindre ces objectifs.<\/p>\n\n\n\n<p><strong>Divulgations de renseignements personnels<\/strong><\/p>\n\n\n\n<p>Vos renseignements personnels ne sont divulgu\u00e9s qu\u2019\u00e0 des fins commerciales l\u00e9gitimes (lesquelles sont \u00e9num\u00e9r\u00e9es ci-dessus) ou pour r\u00e9pondre aux exigences l\u00e9gales et r\u00e9glementaires, par exemple pour se conformer \u00e0 une ordonnance du tribunal.<\/p>\n\n\n\n<p>Dans le cours normal de ses activit\u00e9s, Synergie divulguera vos renseignements personnels \u00e0 ses clients d\u00e8s lors qu\u2019ils estiment qu\u2019il existe un potentiel de placement.\u00a0En tant que demandeur d\u2019emploi, vous comptez sur nous pour partager ces informations. Synergie fournira vos informations aux employeurs que s\u2019il y a une offre d\u2019emploi qui vous convient, et nous ne fournirons que les informations requises et demand\u00e9es pour prendre une d\u00e9cision \u00e9clair\u00e9e concernant un candidat.<\/p>\n\n\n\n<p>Nous pouvons partager des renseignements personnels avec nos soci\u00e9t\u00e9s affili\u00e9es, partenaires, entrepreneurs ou autres soci\u00e9t\u00e9s (collectivement \u00abrepr\u00e9sentants\u00bb) que nous utilisons pour fournir des services complets de dotation en personnel.\u00a0Cependant, nous divulguons uniquement les renseignements strictement n\u00e9cessaires pour la fonction qui sera effectu\u00e9e par le repr\u00e9sentant en notre nom.\u00a0<\/p>\n\n\n\n<ul class=\"wp-block-list\">\n<li>Les types de tierces parties avec lesquelles Synergie partage vos renseignements personnels sont\u00a0:<\/li>\n<\/ul>\n\n\n\n<ul class=\"wp-block-list\">\n<li>Les organisations qui effectuent des v\u00e9rifications des ant\u00e9c\u00e9dents, notamment des v\u00e9rifications criminelles, \u00e9ducatives et de cr\u00e9dit, \u00e0 la demande du client.<\/li>\n\n\n\n<li>Centres de test des employ\u00e9s.<\/li>\n\n\n\n<li>Les fournisseurs de services techniques tels que les fournisseurs d\u2019h\u00e9bergement infonuagique.<\/li>\n\n\n\n<li>Nos consultants et conseillers professionnels (comptables, conseillers juridiques, etc.).<\/li>\n<\/ul>\n\n\n\n<p>Nous pourrions \u00e9galement \u00eatre amen\u00e9s \u00e0 communiquer vos renseignements personnels dans le cadre d\u2019une fusion, acquisition, financement par emprunt, vente d\u2019actifs ou de toute op\u00e9ration semblable, ainsi qu\u2019en cas d\u2019insolvabilit\u00e9, de faillite ou de mise sous s\u00e9questre pr\u00e9voyant le transfert \u00e0 une ou plusieurs tierces parties de renseignements personnels \u00e0 titre d\u2019actif commercial.<\/p>\n\n\n\n<p>Dans la foul\u00e9e des pratiques d\u00e9crites ci-dessus, il est possible que vos renseignements personnels soient transf\u00e9r\u00e9s \u00e0 l\u2019ext\u00e9rieur du territoire du Qu\u00e9bec dans des pays \u00e9trangers tels que les \u00c9tats-Unis, o\u00f9 des r\u00e8gles moins protectrices \u00e0 l\u2019\u00e9gard de vos renseignements personnels peuvent s\u2019appliquer.<\/p>\n\n\n\n<p><strong>Consentement<\/strong><\/p>\n\n\n\n<p>En prenant connaissance de cette politique, en utilisant nos services et en nous fournissant vos informations personnelles dans le cadre des services que nous offrons, vous consentez \u00e0 la collecte, \u00e0 l\u2019utilisation et \u00e0 la divulgation de vos informations personnelles telles que sp\u00e9cifi\u00e9es dans les pr\u00e9sentes. Par exemple, si vous indiquez les noms et num\u00e9ros de t\u00e9l\u00e9phone de vos employeurs pr\u00e9c\u00e9dents sur votre CV pour des raisons de v\u00e9rification des r\u00e9f\u00e9rences, vous consentez \u00e0 ce que nous v\u00e9rifions ces r\u00e9f\u00e9rences.<\/p>\n\n\n\n<p>Lorsque cela est n\u00e9cessaire en vertu de la loi applicable, si nous souhaitons utiliser vos renseignements personnels dans un but qui ne vous a pas \u00e9t\u00e9 pr\u00e9alablement indiqu\u00e9 au moment de la collecte et notamment dans cette politique, nous vous demanderons votre consentement avant d\u2019utiliser et\/ou communiquer ces renseignements \u00e0 ces nouvelles fins.<\/p>\n\n\n\n<p><strong>Conservation de vos renseignements personnels<\/strong><\/p>\n\n\n\n<p>Nous conservons vos informations aussi longtemps que vous utilisez nos services de placement, incluant lorsque vous optez pour que nous vous contactions lorsque nous trouvons d\u2019autres opportunit\u00e9s de carri\u00e8res potentiellement int\u00e9ressantes pour vous, ou plus longtemps si la loi l\u2019exige.&nbsp;<\/p>\n\n\n\n<p><strong>S\u00e9curit\u00e9<\/strong><\/p>\n\n\n\n<p>Nous avons mis en place des proc\u00e9dures et des politiques concernant le personnel pour assurer la s\u00e9curit\u00e9 de vos renseignements personnels, sur support papier et \u00e9lectronique.\u00a0Synergie prot\u00e8ge les renseignements personnels fournis par le biais de diverses pratiques et mesures de s\u00e9curit\u00e9.\u00a0Par exemple, nous avons int\u00e9gr\u00e9 les mesures suivantes:<\/p>\n\n\n\n<ul class=\"wp-block-list\">\n<li>L\u2019acc\u00e8s aux fichiers \u00e9lectroniques et papiers est limit\u00e9 aux employ\u00e9s\/repr\u00e9sentants de Hunt en fonction de la n\u00e9cessit\u00e9 qu\u2019ils aient acc\u00e8s aux renseignements d\u00e9pendamment de leur fonction;<\/li>\n\n\n\n<li>Les crit\u00e8res de s\u00e9lection des mots de passe et leur expiration rendent plus difficile les acc\u00e8s non autoris\u00e9s.<\/li>\n\n\n\n<li>La formation du personnel sur l\u2019importance de la protection des renseignements personnels et la s\u00e9curit\u00e9 de l\u2019information est effectu\u00e9e r\u00e9guli\u00e8rement.<\/li>\n\n\n\n<li>Les classeurs restent verrouill\u00e9s en tout temps.<\/li>\n<\/ul>\n\n\n\n<p>Toutefois, nous ne pouvons garantir une s\u00e9curit\u00e9 infaillible dans le contexte de l\u2019utilisation des technologies de l\u2019information telles qu\u2019Internet. Sur notre site Web, vous pouvez poser des questions sur nos services et fournir des informations sur vous-m\u00eame notamment en nous envoyant des courriels \u00e9lectroniques incluant votre CV.&nbsp;Si vous nous fournissez des informations personnelles par courrier \u00e9lectronique non crypt\u00e9, vous devez \u00eatre conscient des risques inh\u00e9rents d\u2019interception sur lesquels nous n\u2019avons aucun contr\u00f4le.<\/p>\n\n\n\n<p><strong>Acc\u00e8s et rectifications \u00e0 vos renseignements personnels<\/strong><\/p>\n\n\n\n<p>Synergie se base sur les renseignements que vous nous transmettez, ainsi que sur les renseignements obtenus par des tiers, par exemple des tiers qui fournissent des r\u00e9f\u00e9rences, des \u00e9tablissements d\u2019enseignement ou des tiers effectuant des v\u00e9rifications des ant\u00e9c\u00e9dents.\u00a0<\/p>\n\n\n\n<p>Vous pouvez \u00e0 tout moment faire une demande \u00e9crite d\u2019acc\u00e8s \u00e0 vos renseignements personnels et nous vous fournirons les renseignements que nous d\u00e9tenons \u00e0 votre sujet dans la mesure de ce que pr\u00e9voient les lois applicables en mati\u00e8re de protection des renseignements personnels.\u00a0Nous nous r\u00e9servons le droit d\u2019exiger des frais raisonnables pour la transcription, reproduction ou transmission de ces renseignements.<\/p>\n\n\n\n<p>Synergie s\u2019efforce de conserver des registres pr\u00e9cis de vos renseignements personnels, mais cela ne peut \u00eatre r\u00e9alis\u00e9 sans votre aide.\u00a0Dans cet effort continu, nous vous demandons de nous informer sans d\u00e9lai de tout changement relatif \u00e0 vos renseignements personnels afin que nous puissions effectuer les modifications n\u00e9cessaires lorsque cela s\u2019av\u00e8re appropri\u00e9.<\/p>\n\n\n\n<p>Pour nous informer de tout changement dans vos renseignements personnels ou pour effectuer une demande d\u2019acc\u00e8s, contactez-nous aux coordonn\u00e9es mentionn\u00e9es dans la section \u00ab&nbsp;contactez-nous&nbsp;\u00bb ci-dessous.<\/p>\n\n\n\n<p><strong>Contactez-nous pour toute demande, question ou pr\u00e9occupation<\/strong><\/p>\n\n\n\n<p>Si vous souhaitez formuler une demande d\u2019acc\u00e8s et\/ou de rectification, si vous avez des questions \u00e0 propos de cette politique ou si vous pensez que Synergie ne s\u2019y conforme pas, veuillez contacter\u00a0: Cora Bucci, Responsable de la protection des renseignements personnels, <a href=\"mailto:rprp-cpo@synergie.ca\">rprp-cpo@synergie.ca<\/a><\/p>\n\n\n\n<p><strong>Changements de politique de confidentialit\u00e9<\/strong><\/p>\n\n\n\n<p>Nous pouvons \u00e0 l\u2019occasion modifier la pr\u00e9sente politique. Nous vous encourageons donc \u00e0 examiner cette politique chaque fois que vous visitez notre site web afin de demeurer inform\u00e9 de la mani\u00e8re dont nous traitons les renseignements personnels.<\/p>\n\n\n\n<p>Derni\u00e8re mise \u00e0 jour de cette politique&nbsp;: Septembre 2023<\/p>\n\n\n\n<p><\/p>\n","protected":false},"excerpt":{"rendered":"<p>Notre politique de confidentialit\u00e9 Chez Synergie, nous respectons la vie priv\u00e9e et la protection des renseignements personnels de nos employ\u00e9s, candidats, fournisseurs et clients dans tous les aspects de nos activit\u00e9s commerciales. La pr\u00e9sente politique a pour but de vous aider \u00e0 comprendre nos pratiques en mati\u00e8re de collecte, d\u2019utilisation, de divulgation et de conservation [&hellip;]<\/p>\n","protected":false},"author":1,"featured_media":0,"parent":0,"menu_order":0,"comment_status":"closed","ping_status":"closed","template":"","meta":{"footnotes":""},"class_list":["post-3","page","type-page","status-publish","hentry"],"yoast_head":"<!-- This site is optimized with the Yoast SEO plugin v27.5 - https:\/\/yoast.com\/product\/yoast-seo-wordpress\/ -->\n<title>- Synergie<\/title>\n<meta name=\"robots\" content=\"index, follow, max-snippet:-1, max-image-preview:large, max-video-preview:-1\" \/>\n<link rel=\"canonical\" href=\"https:\/\/www.synergie.ca\/fr\/confidentialite\/\" \/>\n<meta property=\"og:locale\" content=\"fr_FR\" \/>\n<meta property=\"og:type\" content=\"article\" \/>\n<meta property=\"og:title\" content=\"- Synergie\" \/>\n<meta property=\"og:description\" content=\"Notre politique de confidentialit\u00e9 Chez Synergie, nous respectons la vie priv\u00e9e et la protection des renseignements personnels de nos employ\u00e9s, candidats, fournisseurs et clients dans tous les aspects de nos activit\u00e9s commerciales. La pr\u00e9sente politique a pour but de vous aider \u00e0 comprendre nos pratiques en mati\u00e8re de collecte, d\u2019utilisation, de divulgation et de conservation [&hellip;]\" \/>\n<meta property=\"og:url\" content=\"https:\/\/www.synergie.ca\/fr\/confidentialite\/\" \/>\n<meta property=\"og:site_name\" content=\"Synergie\" \/>\n<meta property=\"article:publisher\" content=\"https:\/\/www.facebook.com\/Synergie.ca\" \/>\n<meta property=\"article:modified_time\" content=\"2025-03-24T19:08:21+00:00\" \/>\n<meta name=\"twitter:card\" content=\"summary_large_image\" \/>\n<meta name=\"twitter:label1\" content=\"Dur\u00e9e de lecture estim\u00e9e\" \/>\n\t<meta name=\"twitter:data1\" content=\"7 minutes\" \/>\n<script type=\"application\/ld+json\" class=\"yoast-schema-graph\">{\"@context\":\"https:\\\/\\\/schema.org\",\"@graph\":[{\"@type\":\"WebPage\",\"@id\":\"https:\\\/\\\/www.synergie.ca\\\/fr\\\/confidentialite\\\/\",\"url\":\"https:\\\/\\\/www.synergie.ca\\\/fr\\\/confidentialite\\\/\",\"name\":\"- Synergie\",\"isPartOf\":{\"@id\":\"https:\\\/\\\/www.synergie.ca\\\/fr\\\/#website\"},\"datePublished\":\"2018-08-30T14:17:45+00:00\",\"dateModified\":\"2025-03-24T19:08:21+00:00\",\"breadcrumb\":{\"@id\":\"https:\\\/\\\/www.synergie.ca\\\/fr\\\/confidentialite\\\/#breadcrumb\"},\"inLanguage\":\"fr-FR\",\"potentialAction\":[{\"@type\":\"ReadAction\",\"target\":[\"https:\\\/\\\/www.synergie.ca\\\/fr\\\/confidentialite\\\/\"]}]},{\"@type\":\"BreadcrumbList\",\"@id\":\"https:\\\/\\\/www.synergie.ca\\\/fr\\\/confidentialite\\\/#breadcrumb\",\"itemListElement\":[{\"@type\":\"ListItem\",\"position\":1,\"name\":\"Home\",\"item\":\"https:\\\/\\\/www.synergie.ca\\\/fr\\\/\"},{\"@type\":\"ListItem\",\"position\":2,\"name\":\"Politique de confidentialit\u00e9\"}]},{\"@type\":\"WebSite\",\"@id\":\"https:\\\/\\\/www.synergie.ca\\\/fr\\\/#website\",\"url\":\"https:\\\/\\\/www.synergie.ca\\\/fr\\\/\",\"name\":\"Synergie\",\"description\":\"\",\"publisher\":{\"@id\":\"https:\\\/\\\/www.synergie.ca\\\/fr\\\/#organization\"},\"potentialAction\":[{\"@type\":\"SearchAction\",\"target\":{\"@type\":\"EntryPoint\",\"urlTemplate\":\"https:\\\/\\\/www.synergie.ca\\\/fr\\\/?s={search_term_string}\"},\"query-input\":{\"@type\":\"PropertyValueSpecification\",\"valueRequired\":true,\"valueName\":\"search_term_string\"}}],\"inLanguage\":\"fr-FR\"},{\"@type\":\"Organization\",\"@id\":\"https:\\\/\\\/www.synergie.ca\\\/fr\\\/#organization\",\"name\":\"Synergie Canada\",\"url\":\"https:\\\/\\\/www.synergie.ca\\\/fr\\\/\",\"logo\":{\"@type\":\"ImageObject\",\"inLanguage\":\"fr-FR\",\"@id\":\"https:\\\/\\\/www.synergie.ca\\\/fr\\\/#\\\/schema\\\/logo\\\/image\\\/\",\"url\":\"https:\\\/\\\/www.synergie.ca\\\/wp-content\\\/uploads\\\/2025\\\/02\\\/LOGO_SYNERGIE_RVB-1.jpg\",\"contentUrl\":\"https:\\\/\\\/www.synergie.ca\\\/wp-content\\\/uploads\\\/2025\\\/02\\\/LOGO_SYNERGIE_RVB-1.jpg\",\"width\":1182,\"height\":1182,\"caption\":\"Synergie Canada\"},\"image\":{\"@id\":\"https:\\\/\\\/www.synergie.ca\\\/fr\\\/#\\\/schema\\\/logo\\\/image\\\/\"},\"sameAs\":[\"https:\\\/\\\/www.facebook.com\\\/Synergie.ca\",\"https:\\\/\\\/www.linkedin.com\\\/company\\\/synergiecanada\"]}]}<\/script>\n<!-- \/ Yoast SEO plugin. -->","yoast_head_json":{"title":"- Synergie","robots":{"index":"index","follow":"follow","max-snippet":"max-snippet:-1","max-image-preview":"max-image-preview:large","max-video-preview":"max-video-preview:-1"},"canonical":"https:\/\/www.synergie.ca\/fr\/confidentialite\/","og_locale":"fr_FR","og_type":"article","og_title":"- Synergie","og_description":"Notre politique de confidentialit\u00e9 Chez Synergie, nous respectons la vie priv\u00e9e et la protection des renseignements personnels de nos employ\u00e9s, candidats, fournisseurs et clients dans tous les aspects de nos activit\u00e9s commerciales. La pr\u00e9sente politique a pour but de vous aider \u00e0 comprendre nos pratiques en mati\u00e8re de collecte, d\u2019utilisation, de divulgation et de conservation [&hellip;]","og_url":"https:\/\/www.synergie.ca\/fr\/confidentialite\/","og_site_name":"Synergie","article_publisher":"https:\/\/www.facebook.com\/Synergie.ca","article_modified_time":"2025-03-24T19:08:21+00:00","twitter_card":"summary_large_image","twitter_misc":{"Dur\u00e9e de lecture estim\u00e9e":"7 minutes"},"schema":{"@context":"https:\/\/schema.org","@graph":[{"@type":"WebPage","@id":"https:\/\/www.synergie.ca\/fr\/confidentialite\/","url":"https:\/\/www.synergie.ca\/fr\/confidentialite\/","name":"- Synergie","isPartOf":{"@id":"https:\/\/www.synergie.ca\/fr\/#website"},"datePublished":"2018-08-30T14:17:45+00:00","dateModified":"2025-03-24T19:08:21+00:00","breadcrumb":{"@id":"https:\/\/www.synergie.ca\/fr\/confidentialite\/#breadcrumb"},"inLanguage":"fr-FR","potentialAction":[{"@type":"ReadAction","target":["https:\/\/www.synergie.ca\/fr\/confidentialite\/"]}]},{"@type":"BreadcrumbList","@id":"https:\/\/www.synergie.ca\/fr\/confidentialite\/#breadcrumb","itemListElement":[{"@type":"ListItem","position":1,"name":"Home","item":"https:\/\/www.synergie.ca\/fr\/"},{"@type":"ListItem","position":2,"name":"Politique de confidentialit\u00e9"}]},{"@type":"WebSite","@id":"https:\/\/www.synergie.ca\/fr\/#website","url":"https:\/\/www.synergie.ca\/fr\/","name":"Synergie","description":"","publisher":{"@id":"https:\/\/www.synergie.ca\/fr\/#organization"},"potentialAction":[{"@type":"SearchAction","target":{"@type":"EntryPoint","urlTemplate":"https:\/\/www.synergie.ca\/fr\/?s={search_term_string}"},"query-input":{"@type":"PropertyValueSpecification","valueRequired":true,"valueName":"search_term_string"}}],"inLanguage":"fr-FR"},{"@type":"Organization","@id":"https:\/\/www.synergie.ca\/fr\/#organization","name":"Synergie Canada","url":"https:\/\/www.synergie.ca\/fr\/","logo":{"@type":"ImageObject","inLanguage":"fr-FR","@id":"https:\/\/www.synergie.ca\/fr\/#\/schema\/logo\/image\/","url":"https:\/\/www.synergie.ca\/wp-content\/uploads\/2025\/02\/LOGO_SYNERGIE_RVB-1.jpg","contentUrl":"https:\/\/www.synergie.ca\/wp-content\/uploads\/2025\/02\/LOGO_SYNERGIE_RVB-1.jpg","width":1182,"height":1182,"caption":"Synergie Canada"},"image":{"@id":"https:\/\/www.synergie.ca\/fr\/#\/schema\/logo\/image\/"},"sameAs":["https:\/\/www.facebook.com\/Synergie.ca","https:\/\/www.linkedin.com\/company\/synergiecanada"]}]}},"_links":{"self":[{"href":"https:\/\/www.synergie.ca\/fr\/wp-json\/wp\/v2\/pages\/3","targetHints":{"allow":["GET"]}}],"collection":[{"href":"https:\/\/www.synergie.ca\/fr\/wp-json\/wp\/v2\/pages"}],"about":[{"href":"https:\/\/www.synergie.ca\/fr\/wp-json\/wp\/v2\/types\/page"}],"author":[{"embeddable":true,"href":"https:\/\/www.synergie.ca\/fr\/wp-json\/wp\/v2\/users\/1"}],"replies":[{"embeddable":true,"href":"https:\/\/www.synergie.ca\/fr\/wp-json\/wp\/v2\/comments?post=3"}],"version-history":[{"count":6,"href":"https:\/\/www.synergie.ca\/fr\/wp-json\/wp\/v2\/pages\/3\/revisions"}],"predecessor-version":[{"id":6000,"href":"https:\/\/www.synergie.ca\/fr\/wp-json\/wp\/v2\/pages\/3\/revisions\/6000"}],"wp:attachment":[{"href":"https:\/\/www.synergie.ca\/fr\/wp-json\/wp\/v2\/media?parent=3"}],"curies":[{"name":"wp","href":"https:\/\/api.w.org\/{rel}","templated":true}]}}