{"id":5294,"date":"2024-12-03T09:39:45","date_gmt":"2024-12-03T14:39:45","guid":{"rendered":"https:\/\/www.synergie.ca\/?page_id=5294"},"modified":"2025-03-24T15:08:53","modified_gmt":"2025-03-24T19:08:53","slug":"ethique-et-anticorruption","status":"publish","type":"page","link":"https:\/\/www.synergie.ca\/fr\/ethique-et-anticorruption\/","title":{"rendered":"Ethique et Anticorruption"},"content":{"rendered":"\n<p>Le groupe SYNERGIE&nbsp; veille \u00e0 la bonne application&nbsp; des normes et des lois en mati\u00e8re d\u2019\u00e9thique et de conformit\u00e9 de ses filiales \u00e0 travers le monde. La long\u00e9vit\u00e9 de notre groupe est due au respect scrupuleux&nbsp; des r\u00e8gles d\u2019\u00e9thique et de probit\u00e9.<\/p>\n\n\n\n<p>Le dispositif anticorruption du groupe SYNERGIE, s\u2019appuie sur les 3 piliers recommand\u00e9s par l\u2019Agence fran\u00e7aise anticorruption AFA&nbsp;:<\/p>\n\n\n\n<ul class=\"wp-block-list\">\n<li>Pilier I&nbsp;&nbsp; : l\u2019engagement de l\u2019instance dirigeante<\/li>\n\n\n\n<li>Pilier II&nbsp; : la connaissance des risques d\u2019atteinte \u00e0 la probit\u00e9<\/li>\n\n\n\n<li>Pilier III&nbsp;: la gestion des risques<\/li>\n<\/ul>\n\n\n\n<p>Est ici pr\u00e9sent\u00e9, l\u2019ensemble des outils permettant \u00e0 tous nos tiers, de constater la conformit\u00e9 du Groupe Synergie \u00e0 la loi n\u00b0 2016-1691 du 9-d\u00e9c-2016 relative \u00e0 la transparence, \u00e0 la lutte contre la corruption et \u00e0 la modernisation de la vie \u00e9conomique, dite loi Sapin 2 :<\/p>\n\n\n\n<ul class=\"wp-block-list\">\n<li><a href=\"https:\/\/www.synergie.com\/sites\/default\/files\/Mot%20du%20Pr%C3%A9sident%20Vaney_Pacte%20anticorruption_VV_F%C3%A9vrier%202022%20%281%29.pdf\">le mot du Pr\u00e9sident Directeur G\u00e9n\u00e9ral de Synergie SE<\/a><\/li>\n\n\n\n<li>la charte de fonctionnement du dispositif anticorruption<\/li>\n\n\n\n<li><a href=\"https:\/\/www.synergie.com\/sites\/default\/files\/code-ethique%20v2022.pdf\">le code d\u2019\u00e9thique et de conduite des affaires<\/a><\/li>\n\n\n\n<li>un programme de formation anticorruption<\/li>\n\n\n\n<li><a href=\"https:\/\/synergie.integrityline.org\/\">un dispositif d\u2019alerte accessible \u00e0 tous<\/a><\/li>\n\n\n\n<li>Une plateforme d\u2019\u00e9valuation des tiers<\/li>\n\n\n\n<li>Politiques et proc\u00e9dures&nbsp;: <a href=\"https:\/\/www.synergie.com\/sites\/default\/files\/2021-02\/Synergie-Politique-cadeaux-et-invitations-2021.pdf\">Politique cadeaux<\/a><\/li>\n\n\n\n<li>La cartographie des risques : le Groupe SYNERGIE a construit de fa\u00e7on transversale, une cartographie des risques lui permettant de mettre en place une proc\u00e9dure de contr\u00f4le adapt\u00e9e \u00e0 chaque exposition identifi\u00e9e. Dans un souci d\u2019efficacit\u00e9, chaque filiale a r\u00e9alis\u00e9 sa propre cartographie des risques, toutes ayant \u00e9t\u00e9 valid\u00e9es par le Comit\u00e9 \u00e9thique du Groupe.\u00a0<\/li>\n\n\n\n<li><strong>Les dispositifs d\u2019alerte<\/strong><br>En cliquant sur\u00a0<a href=\"https:\/\/synergie.integrityline.org\/\" target=\"_blank\" rel=\"noreferrer noopener\"><strong>SYNERGIE INTEGRITY LINE<\/strong><\/a>, vous pouvez acc\u00e9der \u00e0 la plateforme s\u00e9curis\u00e9e Synergie Integrity Line pour d\u00e9clarer une alerte dans le cadre des dispositions de la loi fran\u00e7aise n\u00b0 2016-1691 du 9-d\u00e9c-16 relative \u00e0 la transparence et \u00e0 la lutte contre la corruption ou pour toute autre alerte professionnelle r\u00e9serv\u00e9e aux salari\u00e9s int\u00e9rimaires et permanents du Groupe SYNERGIE.<\/li>\n<\/ul>\n\n\n\n<p>Synergie est membre de plusieurs associations qui travaillent en collaboration afin de lutter contre la corruption :<\/p>\n\n\n\n<figure class=\"wp-block-image\"><img decoding=\"async\" src=\"https:\/\/www.synergie.com\/sites\/default\/files\/logo_nations_unies.png\" alt=\"\"\/><\/figure>\n\n\n\n<p>Depuis 2017, le Groupe Synergie a adh\u00e9r\u00e9 aux 10 principes du&nbsp;<a href=\"https:\/\/www.globalcompact-france.org\/participants\/3807\">Pacte Mondial des Nations Unies&nbsp;<\/a><\/p>\n\n\n\n<figure class=\"wp-block-image\"><img decoding=\"async\" src=\"https:\/\/www.synergie.com\/sites\/default\/files\/logo_middlenext.png\" alt=\"\"\/><\/figure>\n\n\n\n<p>Depuis 2019, Synergie est membre d&rsquo;un groupe de travail anticorruption chez Middlenext, afin de b\u00e9n\u00e9ficier des meilleures pratiques en mati\u00e8re de d\u00e9ploiement du dispositif anticorruption.<\/p>\n","protected":false},"excerpt":{"rendered":"<p>Le groupe SYNERGIE&nbsp; veille \u00e0 la bonne application&nbsp; des normes et des lois en mati\u00e8re d\u2019\u00e9thique et de conformit\u00e9 de ses filiales \u00e0 travers le monde. La long\u00e9vit\u00e9 de notre groupe est due au respect scrupuleux&nbsp; des r\u00e8gles d\u2019\u00e9thique et de probit\u00e9. Le dispositif anticorruption du groupe SYNERGIE, s\u2019appuie sur les 3 piliers recommand\u00e9s par [&hellip;]<\/p>\n","protected":false},"author":1,"featured_media":0,"parent":0,"menu_order":5,"comment_status":"closed","ping_status":"closed","template":"","meta":{"footnotes":""},"class_list":["post-5294","page","type-page","status-publish","hentry"],"yoast_head":"<!-- This site is optimized with the Yoast SEO plugin v27.5 - https:\/\/yoast.com\/product\/yoast-seo-wordpress\/ -->\n<title>- Synergie<\/title>\n<meta name=\"robots\" content=\"index, follow, max-snippet:-1, max-image-preview:large, max-video-preview:-1\" \/>\n<link rel=\"canonical\" href=\"https:\/\/www.synergie.ca\/fr\/ethique-et-anticorruption\/\" \/>\n<meta property=\"og:locale\" content=\"fr_FR\" \/>\n<meta property=\"og:type\" content=\"article\" \/>\n<meta property=\"og:title\" content=\"- Synergie\" \/>\n<meta property=\"og:description\" content=\"Le groupe SYNERGIE&nbsp; veille \u00e0 la bonne application&nbsp; des normes et des lois en mati\u00e8re d\u2019\u00e9thique et de conformit\u00e9 de ses filiales \u00e0 travers le monde. La long\u00e9vit\u00e9 de notre groupe est due au respect scrupuleux&nbsp; des r\u00e8gles d\u2019\u00e9thique et de probit\u00e9. Le dispositif anticorruption du groupe SYNERGIE, s\u2019appuie sur les 3 piliers recommand\u00e9s par [&hellip;]\" \/>\n<meta property=\"og:url\" content=\"https:\/\/www.synergie.ca\/fr\/ethique-et-anticorruption\/\" \/>\n<meta property=\"og:site_name\" content=\"Synergie\" \/>\n<meta property=\"article:publisher\" content=\"https:\/\/www.facebook.com\/Synergie.ca\" \/>\n<meta property=\"article:modified_time\" content=\"2025-03-24T19:08:53+00:00\" \/>\n<meta property=\"og:image\" content=\"https:\/\/www.synergie.com\/sites\/default\/files\/logo_nations_unies.png\" \/>\n<meta name=\"twitter:card\" content=\"summary_large_image\" \/>\n<meta name=\"twitter:label1\" content=\"Dur\u00e9e de lecture estim\u00e9e\" \/>\n\t<meta name=\"twitter:data1\" content=\"2 minutes\" \/>\n<script type=\"application\/ld+json\" class=\"yoast-schema-graph\">{\"@context\":\"https:\\\/\\\/schema.org\",\"@graph\":[{\"@type\":\"WebPage\",\"@id\":\"https:\\\/\\\/www.synergie.ca\\\/fr\\\/ethique-et-anticorruption\\\/\",\"url\":\"https:\\\/\\\/www.synergie.ca\\\/fr\\\/ethique-et-anticorruption\\\/\",\"name\":\"- Synergie\",\"isPartOf\":{\"@id\":\"https:\\\/\\\/www.synergie.ca\\\/fr\\\/#website\"},\"primaryImageOfPage\":{\"@id\":\"https:\\\/\\\/www.synergie.ca\\\/fr\\\/ethique-et-anticorruption\\\/#primaryimage\"},\"image\":{\"@id\":\"https:\\\/\\\/www.synergie.ca\\\/fr\\\/ethique-et-anticorruption\\\/#primaryimage\"},\"thumbnailUrl\":\"https:\\\/\\\/www.synergie.com\\\/sites\\\/default\\\/files\\\/logo_nations_unies.png\",\"datePublished\":\"2024-12-03T14:39:45+00:00\",\"dateModified\":\"2025-03-24T19:08:53+00:00\",\"breadcrumb\":{\"@id\":\"https:\\\/\\\/www.synergie.ca\\\/fr\\\/ethique-et-anticorruption\\\/#breadcrumb\"},\"inLanguage\":\"fr-FR\",\"potentialAction\":[{\"@type\":\"ReadAction\",\"target\":[\"https:\\\/\\\/www.synergie.ca\\\/fr\\\/ethique-et-anticorruption\\\/\"]}]},{\"@type\":\"ImageObject\",\"inLanguage\":\"fr-FR\",\"@id\":\"https:\\\/\\\/www.synergie.ca\\\/fr\\\/ethique-et-anticorruption\\\/#primaryimage\",\"url\":\"https:\\\/\\\/www.synergie.com\\\/sites\\\/default\\\/files\\\/logo_nations_unies.png\",\"contentUrl\":\"https:\\\/\\\/www.synergie.com\\\/sites\\\/default\\\/files\\\/logo_nations_unies.png\"},{\"@type\":\"BreadcrumbList\",\"@id\":\"https:\\\/\\\/www.synergie.ca\\\/fr\\\/ethique-et-anticorruption\\\/#breadcrumb\",\"itemListElement\":[{\"@type\":\"ListItem\",\"position\":1,\"name\":\"Home\",\"item\":\"https:\\\/\\\/www.synergie.ca\\\/fr\\\/\"},{\"@type\":\"ListItem\",\"position\":2,\"name\":\"Ethique et Anticorruption\"}]},{\"@type\":\"WebSite\",\"@id\":\"https:\\\/\\\/www.synergie.ca\\\/fr\\\/#website\",\"url\":\"https:\\\/\\\/www.synergie.ca\\\/fr\\\/\",\"name\":\"Synergie\",\"description\":\"\",\"publisher\":{\"@id\":\"https:\\\/\\\/www.synergie.ca\\\/fr\\\/#organization\"},\"potentialAction\":[{\"@type\":\"SearchAction\",\"target\":{\"@type\":\"EntryPoint\",\"urlTemplate\":\"https:\\\/\\\/www.synergie.ca\\\/fr\\\/?s={search_term_string}\"},\"query-input\":{\"@type\":\"PropertyValueSpecification\",\"valueRequired\":true,\"valueName\":\"search_term_string\"}}],\"inLanguage\":\"fr-FR\"},{\"@type\":\"Organization\",\"@id\":\"https:\\\/\\\/www.synergie.ca\\\/fr\\\/#organization\",\"name\":\"Synergie Canada\",\"url\":\"https:\\\/\\\/www.synergie.ca\\\/fr\\\/\",\"logo\":{\"@type\":\"ImageObject\",\"inLanguage\":\"fr-FR\",\"@id\":\"https:\\\/\\\/www.synergie.ca\\\/fr\\\/#\\\/schema\\\/logo\\\/image\\\/\",\"url\":\"https:\\\/\\\/www.synergie.ca\\\/wp-content\\\/uploads\\\/2025\\\/02\\\/LOGO_SYNERGIE_RVB-1.jpg\",\"contentUrl\":\"https:\\\/\\\/www.synergie.ca\\\/wp-content\\\/uploads\\\/2025\\\/02\\\/LOGO_SYNERGIE_RVB-1.jpg\",\"width\":1182,\"height\":1182,\"caption\":\"Synergie Canada\"},\"image\":{\"@id\":\"https:\\\/\\\/www.synergie.ca\\\/fr\\\/#\\\/schema\\\/logo\\\/image\\\/\"},\"sameAs\":[\"https:\\\/\\\/www.facebook.com\\\/Synergie.ca\",\"https:\\\/\\\/www.linkedin.com\\\/company\\\/synergiecanada\"]}]}<\/script>\n<!-- \/ Yoast SEO plugin. -->","yoast_head_json":{"title":"- Synergie","robots":{"index":"index","follow":"follow","max-snippet":"max-snippet:-1","max-image-preview":"max-image-preview:large","max-video-preview":"max-video-preview:-1"},"canonical":"https:\/\/www.synergie.ca\/fr\/ethique-et-anticorruption\/","og_locale":"fr_FR","og_type":"article","og_title":"- Synergie","og_description":"Le groupe SYNERGIE&nbsp; veille \u00e0 la bonne application&nbsp; des normes et des lois en mati\u00e8re d\u2019\u00e9thique et de conformit\u00e9 de ses filiales \u00e0 travers le monde. La long\u00e9vit\u00e9 de notre groupe est due au respect scrupuleux&nbsp; des r\u00e8gles d\u2019\u00e9thique et de probit\u00e9. Le dispositif anticorruption du groupe SYNERGIE, s\u2019appuie sur les 3 piliers recommand\u00e9s par [&hellip;]","og_url":"https:\/\/www.synergie.ca\/fr\/ethique-et-anticorruption\/","og_site_name":"Synergie","article_publisher":"https:\/\/www.facebook.com\/Synergie.ca","article_modified_time":"2025-03-24T19:08:53+00:00","og_image":[{"url":"https:\/\/www.synergie.com\/sites\/default\/files\/logo_nations_unies.png","type":"","width":"","height":""}],"twitter_card":"summary_large_image","twitter_misc":{"Dur\u00e9e de lecture estim\u00e9e":"2 minutes"},"schema":{"@context":"https:\/\/schema.org","@graph":[{"@type":"WebPage","@id":"https:\/\/www.synergie.ca\/fr\/ethique-et-anticorruption\/","url":"https:\/\/www.synergie.ca\/fr\/ethique-et-anticorruption\/","name":"- Synergie","isPartOf":{"@id":"https:\/\/www.synergie.ca\/fr\/#website"},"primaryImageOfPage":{"@id":"https:\/\/www.synergie.ca\/fr\/ethique-et-anticorruption\/#primaryimage"},"image":{"@id":"https:\/\/www.synergie.ca\/fr\/ethique-et-anticorruption\/#primaryimage"},"thumbnailUrl":"https:\/\/www.synergie.com\/sites\/default\/files\/logo_nations_unies.png","datePublished":"2024-12-03T14:39:45+00:00","dateModified":"2025-03-24T19:08:53+00:00","breadcrumb":{"@id":"https:\/\/www.synergie.ca\/fr\/ethique-et-anticorruption\/#breadcrumb"},"inLanguage":"fr-FR","potentialAction":[{"@type":"ReadAction","target":["https:\/\/www.synergie.ca\/fr\/ethique-et-anticorruption\/"]}]},{"@type":"ImageObject","inLanguage":"fr-FR","@id":"https:\/\/www.synergie.ca\/fr\/ethique-et-anticorruption\/#primaryimage","url":"https:\/\/www.synergie.com\/sites\/default\/files\/logo_nations_unies.png","contentUrl":"https:\/\/www.synergie.com\/sites\/default\/files\/logo_nations_unies.png"},{"@type":"BreadcrumbList","@id":"https:\/\/www.synergie.ca\/fr\/ethique-et-anticorruption\/#breadcrumb","itemListElement":[{"@type":"ListItem","position":1,"name":"Home","item":"https:\/\/www.synergie.ca\/fr\/"},{"@type":"ListItem","position":2,"name":"Ethique et Anticorruption"}]},{"@type":"WebSite","@id":"https:\/\/www.synergie.ca\/fr\/#website","url":"https:\/\/www.synergie.ca\/fr\/","name":"Synergie","description":"","publisher":{"@id":"https:\/\/www.synergie.ca\/fr\/#organization"},"potentialAction":[{"@type":"SearchAction","target":{"@type":"EntryPoint","urlTemplate":"https:\/\/www.synergie.ca\/fr\/?s={search_term_string}"},"query-input":{"@type":"PropertyValueSpecification","valueRequired":true,"valueName":"search_term_string"}}],"inLanguage":"fr-FR"},{"@type":"Organization","@id":"https:\/\/www.synergie.ca\/fr\/#organization","name":"Synergie Canada","url":"https:\/\/www.synergie.ca\/fr\/","logo":{"@type":"ImageObject","inLanguage":"fr-FR","@id":"https:\/\/www.synergie.ca\/fr\/#\/schema\/logo\/image\/","url":"https:\/\/www.synergie.ca\/wp-content\/uploads\/2025\/02\/LOGO_SYNERGIE_RVB-1.jpg","contentUrl":"https:\/\/www.synergie.ca\/wp-content\/uploads\/2025\/02\/LOGO_SYNERGIE_RVB-1.jpg","width":1182,"height":1182,"caption":"Synergie Canada"},"image":{"@id":"https:\/\/www.synergie.ca\/fr\/#\/schema\/logo\/image\/"},"sameAs":["https:\/\/www.facebook.com\/Synergie.ca","https:\/\/www.linkedin.com\/company\/synergiecanada"]}]}},"_links":{"self":[{"href":"https:\/\/www.synergie.ca\/fr\/wp-json\/wp\/v2\/pages\/5294","targetHints":{"allow":["GET"]}}],"collection":[{"href":"https:\/\/www.synergie.ca\/fr\/wp-json\/wp\/v2\/pages"}],"about":[{"href":"https:\/\/www.synergie.ca\/fr\/wp-json\/wp\/v2\/types\/page"}],"author":[{"embeddable":true,"href":"https:\/\/www.synergie.ca\/fr\/wp-json\/wp\/v2\/users\/1"}],"replies":[{"embeddable":true,"href":"https:\/\/www.synergie.ca\/fr\/wp-json\/wp\/v2\/comments?post=5294"}],"version-history":[{"count":7,"href":"https:\/\/www.synergie.ca\/fr\/wp-json\/wp\/v2\/pages\/5294\/revisions"}],"predecessor-version":[{"id":5312,"href":"https:\/\/www.synergie.ca\/fr\/wp-json\/wp\/v2\/pages\/5294\/revisions\/5312"}],"wp:attachment":[{"href":"https:\/\/www.synergie.ca\/fr\/wp-json\/wp\/v2\/media?parent=5294"}],"curies":[{"name":"wp","href":"https:\/\/api.w.org\/{rel}","templated":true}]}}