{"id":6799,"date":"2025-03-13T13:33:54","date_gmt":"2025-03-13T17:33:54","guid":{"rendered":"https:\/\/www.synergie.ca\/?page_id=6799"},"modified":"2025-09-30T11:09:22","modified_gmt":"2025-09-30T15:09:22","slug":"jobs","status":"publish","type":"page","link":"https:\/\/www.synergie.ca\/fr\/jobs\/","title":{"rendered":"Emplois disponibles"},"content":{"rendered":"\n<div class=\"job_listings\" data-location=\"\" data-keywords=\"\" data-show_filters=\"true\" data-show_pagination=\"false\" data-per_page=\"10\" data-orderby=\"featured\" data-order=\"DESC\" data-categories=\"\" data-disable-form-state-storage=\"\" data-featured_first=\"false\" data-post_id=\"6799\" >\n<form class=\"job_filters\">\n\t\n\t<div class=\"search_jobs\">\n\t\t\n\t\t<div class=\"search_keywords\">\n\t\t\t<label for=\"search_keywords\">Mots-cl\u00e9s<\/label>\n\t\t\t<input type=\"text\" name=\"search_keywords\" id=\"search_keywords\" placeholder=\"Mots-cl\u00e9s\" value=\"\" \/>\n\t\t<\/div>\n\n\t\t<div class=\"search_location\">\n\t\t\t<label for=\"search_location\">Localisation<\/label>\n\t\t\t<input type=\"text\" name=\"search_location\" id=\"search_location\" placeholder=\"Localisation\" value=\"\" \/>\n\t\t<\/div>\n\n\t\t\t\t\t<div class=\"search_remote_position\">\n\t\t\t\t<input type=\"checkbox\" class=\"input-checkbox\" name=\"remote_position\" id=\"remote_position\" placeholder=\"Localisation\" value=\"1\"  \/>\n\t\t\t\t<label for=\"remote_position\" id=\"remote_position_label\">Postes en t\u00e9l\u00e9travail uniquement<\/label>\n\t\t\t<\/div>\n\t\t\n\t\t<div style=\"clear: both\"><\/div>\n\n\t\t\n\t\t\t\t\t<div class=\"search_submit\">\n\t\t\t\t<input type=\"submit\" value=\"Rechercher des offres d\u2019emploi\">\n\t\t\t<\/div>\n\t\t\n\t\t\t<\/div>\n\n\t\t<ul class=\"job_types\">\n\t\t\t\t\t<li><label for=\"job_type_freelance\" class=\"freelance\"><input type=\"checkbox\" name=\"filter_job_type[]\" value=\"freelance\"  checked='checked' id=\"job_type_freelance\" \/> Freelance<\/label><\/li>\n\t\t\t\t\t<li><label for=\"job_type_full-time\" class=\"full-time\"><input type=\"checkbox\" name=\"filter_job_type[]\" value=\"full-time\"  checked='checked' id=\"job_type_full-time\" \/> Full Time<\/label><\/li>\n\t\t\t\t\t<li><label for=\"job_type_internship\" class=\"internship\"><input type=\"checkbox\" name=\"filter_job_type[]\" value=\"internship\"  checked='checked' id=\"job_type_internship\" \/> Internship<\/label><\/li>\n\t\t\t\t\t<li><label for=\"job_type_part-time\" class=\"part-time\"><input type=\"checkbox\" name=\"filter_job_type[]\" value=\"part-time\"  checked='checked' id=\"job_type_part-time\" \/> Part Time<\/label><\/li>\n\t\t\t\t\t<li><label for=\"job_type_temporary\" class=\"temporary\"><input type=\"checkbox\" name=\"filter_job_type[]\" value=\"temporary\"  checked='checked' id=\"job_type_temporary\" \/> Temporary<\/label><\/li>\n\t\t\t<\/ul>\n\t<input type=\"hidden\" name=\"filter_job_type[]\" value=\"\" \/>\n<div class=\"showing_jobs\"><\/div><\/form>\n\n\n<noscript>Votre navigateur ne supporte pas JavaScript, ou bien JavaScript est d\u00e9sactiv\u00e9. JavaScript doit \u00eatre activ\u00e9 pour pouvoir visualiser des postes.<\/noscript>\n<ul class=\"job_listings\">\n<\/ul>\n<a class=\"load_more_jobs\" href=\"#\" style=\"display:none;\"><strong>Afficher plus d\u2019offres<\/strong><\/a><\/div>\n","protected":false},"excerpt":{"rendered":"","protected":false},"author":1,"featured_media":7307,"parent":0,"menu_order":0,"comment_status":"closed","ping_status":"closed","template":"","meta":{"footnotes":""},"class_list":["post-6799","page","type-page","status-publish","has-post-thumbnail","hentry"],"yoast_head":"<!-- This site is optimized with the Yoast SEO plugin v27.5 - https:\/\/yoast.com\/product\/yoast-seo-wordpress\/ -->\n<title>- Synergie<\/title>\n<meta name=\"robots\" content=\"index, follow, max-snippet:-1, max-image-preview:large, max-video-preview:-1\" \/>\n<link rel=\"canonical\" href=\"https:\/\/www.synergie.ca\/fr\/jobs\/\" \/>\n<meta property=\"og:locale\" content=\"fr_FR\" \/>\n<meta property=\"og:type\" content=\"article\" \/>\n<meta property=\"og:title\" content=\"- Synergie\" \/>\n<meta property=\"og:url\" content=\"https:\/\/www.synergie.ca\/fr\/jobs\/\" \/>\n<meta property=\"og:site_name\" content=\"Synergie\" \/>\n<meta property=\"article:publisher\" content=\"https:\/\/www.facebook.com\/Synergie.ca\" \/>\n<meta property=\"article:modified_time\" content=\"2025-09-30T15:09:22+00:00\" \/>\n<meta property=\"og:image\" content=\"https:\/\/www.synergie.ca\/wp-content\/uploads\/2025\/08\/Bannieres-Site-web-1.png\" \/>\n\t<meta property=\"og:image:width\" content=\"851\" \/>\n\t<meta property=\"og:image:height\" content=\"315\" \/>\n\t<meta property=\"og:image:type\" content=\"image\/png\" \/>\n<meta name=\"twitter:card\" content=\"summary_large_image\" \/>\n<meta name=\"twitter:label1\" content=\"Dur\u00e9e de lecture estim\u00e9e\" \/>\n\t<meta name=\"twitter:data1\" content=\"1 minute\" \/>\n<script type=\"application\/ld+json\" class=\"yoast-schema-graph\">{\"@context\":\"https:\\\/\\\/schema.org\",\"@graph\":[{\"@type\":\"WebPage\",\"@id\":\"https:\\\/\\\/www.synergie.ca\\\/fr\\\/jobs\\\/\",\"url\":\"https:\\\/\\\/www.synergie.ca\\\/fr\\\/jobs\\\/\",\"name\":\"- Synergie\",\"isPartOf\":{\"@id\":\"https:\\\/\\\/www.synergie.ca\\\/fr\\\/#website\"},\"primaryImageOfPage\":{\"@id\":\"https:\\\/\\\/www.synergie.ca\\\/fr\\\/jobs\\\/#primaryimage\"},\"image\":{\"@id\":\"https:\\\/\\\/www.synergie.ca\\\/fr\\\/jobs\\\/#primaryimage\"},\"thumbnailUrl\":\"https:\\\/\\\/www.synergie.ca\\\/wp-content\\\/uploads\\\/2025\\\/08\\\/Bannieres-Site-web-1.png\",\"datePublished\":\"2025-03-13T17:33:54+00:00\",\"dateModified\":\"2025-09-30T15:09:22+00:00\",\"breadcrumb\":{\"@id\":\"https:\\\/\\\/www.synergie.ca\\\/fr\\\/jobs\\\/#breadcrumb\"},\"inLanguage\":\"fr-FR\",\"potentialAction\":[{\"@type\":\"ReadAction\",\"target\":[\"https:\\\/\\\/www.synergie.ca\\\/fr\\\/jobs\\\/\"]}]},{\"@type\":\"ImageObject\",\"inLanguage\":\"fr-FR\",\"@id\":\"https:\\\/\\\/www.synergie.ca\\\/fr\\\/jobs\\\/#primaryimage\",\"url\":\"https:\\\/\\\/www.synergie.ca\\\/wp-content\\\/uploads\\\/2025\\\/08\\\/Bannieres-Site-web-1.png\",\"contentUrl\":\"https:\\\/\\\/www.synergie.ca\\\/wp-content\\\/uploads\\\/2025\\\/08\\\/Bannieres-Site-web-1.png\",\"width\":851,\"height\":315},{\"@type\":\"BreadcrumbList\",\"@id\":\"https:\\\/\\\/www.synergie.ca\\\/fr\\\/jobs\\\/#breadcrumb\",\"itemListElement\":[{\"@type\":\"ListItem\",\"position\":1,\"name\":\"Home\",\"item\":\"https:\\\/\\\/www.synergie.ca\\\/fr\\\/\"},{\"@type\":\"ListItem\",\"position\":2,\"name\":\"Emplois disponibles\"}]},{\"@type\":\"WebSite\",\"@id\":\"https:\\\/\\\/www.synergie.ca\\\/fr\\\/#website\",\"url\":\"https:\\\/\\\/www.synergie.ca\\\/fr\\\/\",\"name\":\"Synergie\",\"description\":\"\",\"publisher\":{\"@id\":\"https:\\\/\\\/www.synergie.ca\\\/fr\\\/#organization\"},\"potentialAction\":[{\"@type\":\"SearchAction\",\"target\":{\"@type\":\"EntryPoint\",\"urlTemplate\":\"https:\\\/\\\/www.synergie.ca\\\/fr\\\/?s={search_term_string}\"},\"query-input\":{\"@type\":\"PropertyValueSpecification\",\"valueRequired\":true,\"valueName\":\"search_term_string\"}}],\"inLanguage\":\"fr-FR\"},{\"@type\":\"Organization\",\"@id\":\"https:\\\/\\\/www.synergie.ca\\\/fr\\\/#organization\",\"name\":\"Synergie Canada\",\"url\":\"https:\\\/\\\/www.synergie.ca\\\/fr\\\/\",\"logo\":{\"@type\":\"ImageObject\",\"inLanguage\":\"fr-FR\",\"@id\":\"https:\\\/\\\/www.synergie.ca\\\/fr\\\/#\\\/schema\\\/logo\\\/image\\\/\",\"url\":\"https:\\\/\\\/www.synergie.ca\\\/wp-content\\\/uploads\\\/2025\\\/02\\\/LOGO_SYNERGIE_RVB-1.jpg\",\"contentUrl\":\"https:\\\/\\\/www.synergie.ca\\\/wp-content\\\/uploads\\\/2025\\\/02\\\/LOGO_SYNERGIE_RVB-1.jpg\",\"width\":1182,\"height\":1182,\"caption\":\"Synergie Canada\"},\"image\":{\"@id\":\"https:\\\/\\\/www.synergie.ca\\\/fr\\\/#\\\/schema\\\/logo\\\/image\\\/\"},\"sameAs\":[\"https:\\\/\\\/www.facebook.com\\\/Synergie.ca\",\"https:\\\/\\\/www.linkedin.com\\\/company\\\/synergiecanada\"]}]}<\/script>\n<!-- \/ Yoast SEO plugin. -->","yoast_head_json":{"title":"- Synergie","robots":{"index":"index","follow":"follow","max-snippet":"max-snippet:-1","max-image-preview":"max-image-preview:large","max-video-preview":"max-video-preview:-1"},"canonical":"https:\/\/www.synergie.ca\/fr\/jobs\/","og_locale":"fr_FR","og_type":"article","og_title":"- Synergie","og_url":"https:\/\/www.synergie.ca\/fr\/jobs\/","og_site_name":"Synergie","article_publisher":"https:\/\/www.facebook.com\/Synergie.ca","article_modified_time":"2025-09-30T15:09:22+00:00","og_image":[{"width":851,"height":315,"url":"https:\/\/www.synergie.ca\/wp-content\/uploads\/2025\/08\/Bannieres-Site-web-1.png","type":"image\/png"}],"twitter_card":"summary_large_image","twitter_misc":{"Dur\u00e9e de lecture estim\u00e9e":"1 minute"},"schema":{"@context":"https:\/\/schema.org","@graph":[{"@type":"WebPage","@id":"https:\/\/www.synergie.ca\/fr\/jobs\/","url":"https:\/\/www.synergie.ca\/fr\/jobs\/","name":"- Synergie","isPartOf":{"@id":"https:\/\/www.synergie.ca\/fr\/#website"},"primaryImageOfPage":{"@id":"https:\/\/www.synergie.ca\/fr\/jobs\/#primaryimage"},"image":{"@id":"https:\/\/www.synergie.ca\/fr\/jobs\/#primaryimage"},"thumbnailUrl":"https:\/\/www.synergie.ca\/wp-content\/uploads\/2025\/08\/Bannieres-Site-web-1.png","datePublished":"2025-03-13T17:33:54+00:00","dateModified":"2025-09-30T15:09:22+00:00","breadcrumb":{"@id":"https:\/\/www.synergie.ca\/fr\/jobs\/#breadcrumb"},"inLanguage":"fr-FR","potentialAction":[{"@type":"ReadAction","target":["https:\/\/www.synergie.ca\/fr\/jobs\/"]}]},{"@type":"ImageObject","inLanguage":"fr-FR","@id":"https:\/\/www.synergie.ca\/fr\/jobs\/#primaryimage","url":"https:\/\/www.synergie.ca\/wp-content\/uploads\/2025\/08\/Bannieres-Site-web-1.png","contentUrl":"https:\/\/www.synergie.ca\/wp-content\/uploads\/2025\/08\/Bannieres-Site-web-1.png","width":851,"height":315},{"@type":"BreadcrumbList","@id":"https:\/\/www.synergie.ca\/fr\/jobs\/#breadcrumb","itemListElement":[{"@type":"ListItem","position":1,"name":"Home","item":"https:\/\/www.synergie.ca\/fr\/"},{"@type":"ListItem","position":2,"name":"Emplois disponibles"}]},{"@type":"WebSite","@id":"https:\/\/www.synergie.ca\/fr\/#website","url":"https:\/\/www.synergie.ca\/fr\/","name":"Synergie","description":"","publisher":{"@id":"https:\/\/www.synergie.ca\/fr\/#organization"},"potentialAction":[{"@type":"SearchAction","target":{"@type":"EntryPoint","urlTemplate":"https:\/\/www.synergie.ca\/fr\/?s={search_term_string}"},"query-input":{"@type":"PropertyValueSpecification","valueRequired":true,"valueName":"search_term_string"}}],"inLanguage":"fr-FR"},{"@type":"Organization","@id":"https:\/\/www.synergie.ca\/fr\/#organization","name":"Synergie Canada","url":"https:\/\/www.synergie.ca\/fr\/","logo":{"@type":"ImageObject","inLanguage":"fr-FR","@id":"https:\/\/www.synergie.ca\/fr\/#\/schema\/logo\/image\/","url":"https:\/\/www.synergie.ca\/wp-content\/uploads\/2025\/02\/LOGO_SYNERGIE_RVB-1.jpg","contentUrl":"https:\/\/www.synergie.ca\/wp-content\/uploads\/2025\/02\/LOGO_SYNERGIE_RVB-1.jpg","width":1182,"height":1182,"caption":"Synergie Canada"},"image":{"@id":"https:\/\/www.synergie.ca\/fr\/#\/schema\/logo\/image\/"},"sameAs":["https:\/\/www.facebook.com\/Synergie.ca","https:\/\/www.linkedin.com\/company\/synergiecanada"]}]}},"_links":{"self":[{"href":"https:\/\/www.synergie.ca\/fr\/wp-json\/wp\/v2\/pages\/6799","targetHints":{"allow":["GET"]}}],"collection":[{"href":"https:\/\/www.synergie.ca\/fr\/wp-json\/wp\/v2\/pages"}],"about":[{"href":"https:\/\/www.synergie.ca\/fr\/wp-json\/wp\/v2\/types\/page"}],"author":[{"embeddable":true,"href":"https:\/\/www.synergie.ca\/fr\/wp-json\/wp\/v2\/users\/1"}],"replies":[{"embeddable":true,"href":"https:\/\/www.synergie.ca\/fr\/wp-json\/wp\/v2\/comments?post=6799"}],"version-history":[{"count":3,"href":"https:\/\/www.synergie.ca\/fr\/wp-json\/wp\/v2\/pages\/6799\/revisions"}],"predecessor-version":[{"id":7303,"href":"https:\/\/www.synergie.ca\/fr\/wp-json\/wp\/v2\/pages\/6799\/revisions\/7303"}],"wp:featuredmedia":[{"embeddable":true,"href":"https:\/\/www.synergie.ca\/fr\/wp-json\/wp\/v2\/media\/7307"}],"wp:attachment":[{"href":"https:\/\/www.synergie.ca\/fr\/wp-json\/wp\/v2\/media?parent=6799"}],"curies":[{"name":"wp","href":"https:\/\/api.w.org\/{rel}","templated":true}]}}