{"id":6929,"date":"2025-04-07T15:52:33","date_gmt":"2025-04-07T19:52:33","guid":{"rendered":"https:\/\/www.synergie.ca\/?page_id=6929"},"modified":"2026-02-19T13:57:55","modified_gmt":"2026-02-19T18:57:55","slug":"chauffeurs-recherches","status":"publish","type":"page","link":"https:\/\/www.synergie.ca\/fr\/chauffeurs-recherches\/","title":{"rendered":"Chauffeurs recherch\u00e9s"},"content":{"rendered":"\n<p><\/p>\n\n\n\n<p class=\"has-mdm-large-font-size\" style=\"border-style:none;border-width:0px;margin-right:0;margin-left:0\">Nous recherchons un <strong>chauffeur local de classe 1<\/strong> pour un <strong>poste de jour du<\/strong> lundi au vendredi. Profitez d&rsquo;un emploi stable avec d&rsquo;excellents avantages et des conditions de travail favorables, y compris des primes de performance allant de <strong>3 000 \u00e0 6 000 dollars par an<\/strong>.<\/p>\n\n\n\n<div class=\"wp-block-group has-global-padding is-layout-constrained wp-container-core-group-is-layout-a3a72af0 wp-block-group-is-layout-constrained\" style=\"margin-top:0;margin-bottom:0;padding-top:100px;padding-right:2px;padding-bottom:100px;padding-left:2px\">\n<div class=\"wp-block-columns is-layout-flex wp-container-core-columns-is-layout-08c01c1c wp-block-columns-is-layout-flex\">\n<div class=\"wp-block-column is-layout-flow wp-block-column-is-layout-flow\">\n<div class=\"wp-block-buttons is-horizontal is-content-justification-center is-layout-flex wp-container-core-buttons-is-layout-ef1784b4 wp-block-buttons-is-layout-flex\" style=\"margin-bottom:var(--wp--preset--spacing--30)\">\n<div class=\"wp-block-button has-custom-width wp-block-button__width-75\"><a class=\"wp-block-button__link has-base-color has-custom-rouge-background-color has-text-color has-background has-link-color has-mdm-large-font-size has-custom-font-size wp-element-button\" href=\"https:\/\/synergiecanada.jotform.com\/221313057569253\" style=\"padding-right:var(--wp--preset--spacing--10);padding-left:var(--wp--preset--spacing--10)\">Postulez maintenant<\/a><\/div>\n<\/div>\n\n\n\n<p class=\"has-mdm-large-font-size\" style=\"line-height:0.9\"><strong>Type de transport :<\/strong> Drybox<\/p>\n\n\n\n<p class=\"has-mdm-large-font-size\" style=\"line-height:0.9\"><strong>Conduite :<\/strong> Automatique<\/p>\n\n\n\n<p class=\"has-mdm-large-font-size\" style=\"line-height:0.9\"><strong>R\u00e9mun\u00e9ration :<\/strong> 25$\/heure<\/p>\n\n\n\n<p class=\"has-mdm-large-font-size\" style=\"line-height:0.9\"><strong>Heures suppl\u00e9mentaires :<\/strong> apr\u00e8s 40 heures<\/p>\n\n\n\n<p class=\"has-mdm-large-font-size\" style=\"line-height:0.9\"><strong>Horaire :<\/strong> du lundi au vendredi, \u00e9quipe de jour<\/p>\n\n\n\n<p class=\"has-mdm-large-font-size\" style=\"line-height:0.9\"><strong>Heures hebdomadaires moyennes :<\/strong> 50 heures\/semaine<\/p>\n\n\n\n<p class=\"has-mdm-large-font-size\" style=\"line-height:0.9\"><strong>Salaire hebdomadaire brut moyen : <\/strong> 1 375 $ ou plus<\/p>\n\n\n\n<p class=\"has-mdm-large-font-size\" style=\"line-height:0.9\"><strong>R\u00e9gion :<\/strong> Qu\u00e9bec<\/p>\n\n\n\n<p style=\"margin-top:0;margin-bottom:var(--wp--preset--spacing--30)\">&nbsp; &nbsp; &nbsp; &nbsp; &nbsp; &nbsp;<\/p>\n\n\n\n<div class=\"wp-block-cover is-light\" style=\"border-radius:10px;min-height:308px;aspect-ratio:unset;\"><img loading=\"lazy\" decoding=\"async\" width=\"2500\" height=\"1664\" class=\"wp-block-cover__image-background wp-image-4606\" alt=\"\" src=\"https:\/\/www.synergie.ca\/wp-content\/uploads\/2021\/04\/Camion.png\" data-object-fit=\"cover\" srcset=\"https:\/\/www.synergie.ca\/wp-content\/uploads\/2021\/04\/Camion.png 2500w, https:\/\/www.synergie.ca\/wp-content\/uploads\/2021\/04\/Camion-300x200.png 300w, https:\/\/www.synergie.ca\/wp-content\/uploads\/2021\/04\/Camion-1024x682.png 1024w, https:\/\/www.synergie.ca\/wp-content\/uploads\/2021\/04\/Camion-768x511.png 768w, https:\/\/www.synergie.ca\/wp-content\/uploads\/2021\/04\/Camion-1536x1022.png 1536w, https:\/\/www.synergie.ca\/wp-content\/uploads\/2021\/04\/Camion-2048x1363.png 2048w, https:\/\/www.synergie.ca\/wp-content\/uploads\/2021\/04\/Camion-24x16.png 24w, https:\/\/www.synergie.ca\/wp-content\/uploads\/2021\/04\/Camion-36x24.png 36w, https:\/\/www.synergie.ca\/wp-content\/uploads\/2021\/04\/Camion-48x32.png 48w, https:\/\/www.synergie.ca\/wp-content\/uploads\/2021\/04\/Camion-272x182.png 272w\" sizes=\"auto, (max-width: 2500px) 100vw, 2500px\" \/><span aria-hidden=\"true\" class=\"wp-block-cover__background has-background-dim-0 has-background-dim\" style=\"background-color:#7f7e7a\"><\/span><div class=\"wp-block-cover__inner-container has-global-padding is-layout-constrained wp-block-cover-is-layout-constrained\">\n<p class=\"has-text-align-center has-large-font-size\"><\/p>\n<\/div><\/div>\n<\/div>\n\n\n\n<div class=\"wp-block-column is-layout-flow wp-block-column-is-layout-flow\">\n<div class=\"wp-block-cover is-light\" style=\"border-radius:10px;min-height:750px;aspect-ratio:unset;\"><img loading=\"lazy\" decoding=\"async\" width=\"2560\" height=\"1709\" class=\"wp-block-cover__image-background wp-image-4855\" alt=\"\" src=\"https:\/\/www.synergie.ca\/wp-content\/uploads\/2021\/08\/PROFES1-scaled.jpg\" data-object-fit=\"cover\" srcset=\"https:\/\/www.synergie.ca\/wp-content\/uploads\/2021\/08\/PROFES1-scaled.jpg 2560w, https:\/\/www.synergie.ca\/wp-content\/uploads\/2021\/08\/PROFES1-300x200.jpg 300w, https:\/\/www.synergie.ca\/wp-content\/uploads\/2021\/08\/PROFES1-1024x683.jpg 1024w, https:\/\/www.synergie.ca\/wp-content\/uploads\/2021\/08\/PROFES1-768x513.jpg 768w, https:\/\/www.synergie.ca\/wp-content\/uploads\/2021\/08\/PROFES1-1536x1025.jpg 1536w, https:\/\/www.synergie.ca\/wp-content\/uploads\/2021\/08\/PROFES1-2048x1367.jpg 2048w, https:\/\/www.synergie.ca\/wp-content\/uploads\/2021\/08\/PROFES1-24x16.jpg 24w, https:\/\/www.synergie.ca\/wp-content\/uploads\/2021\/08\/PROFES1-36x24.jpg 36w, https:\/\/www.synergie.ca\/wp-content\/uploads\/2021\/08\/PROFES1-48x32.jpg 48w, https:\/\/www.synergie.ca\/wp-content\/uploads\/2021\/08\/PROFES1-272x182.jpg 272w\" sizes=\"auto, (max-width: 2560px) 100vw, 2560px\" \/><span aria-hidden=\"true\" class=\"wp-block-cover__background has-background-dim-0 has-background-dim\" style=\"background-color:#8a828b\"><\/span><div class=\"wp-block-cover__inner-container has-global-padding is-layout-constrained wp-block-cover-is-layout-constrained\">\n<p><\/p>\n\n\n\n<p><\/p>\n\n\n\n<p class=\"has-text-align-right has-custom-rouge-color has-text-color has-link-color has-xx-large-font-size wp-elements-fce6a86353a3ccc036a808493e540ccf\" style=\"line-height:0.9\">Roulez vers l&rsquo;avant<\/p>\n\n\n\n<p class=\"has-text-align-right has-custom-rouge-color has-text-color has-link-color has-xx-large-font-size wp-elements-a268a57e7c840a01397909f6a78739b1\" style=\"line-height:0.5\">avec nous !<\/p>\n\n\n\n<p><\/p>\n\n\n\n<p><\/p>\n<\/div><\/div>\n<\/div>\n<\/div>\n<\/div>\n\n\n\n<main class=\"wp-block-group is-layout-flow wp-block-group-is-layout-flow\" style=\"margin-top:0;margin-bottom:0;padding-top:0;padding-right:0;padding-bottom:0;padding-left:0\"><\/main>\n","protected":false},"excerpt":{"rendered":"<p>Nous recherchons un chauffeur local de classe 1 pour un poste de jour du lundi au vendredi. Profitez d&rsquo;un emploi stable avec d&rsquo;excellents avantages et des conditions de travail favorables, y compris des primes de performance allant de 3 000 \u00e0 6 000 dollars par an. Type de transport : Drybox Conduite : Automatique R\u00e9mun\u00e9ration [&hellip;]<\/p>\n","protected":false},"author":1,"featured_media":0,"parent":0,"menu_order":0,"comment_status":"closed","ping_status":"closed","template":"","meta":{"footnotes":""},"class_list":["post-6929","page","type-page","status-publish","hentry"],"yoast_head":"<!-- This site is optimized with the Yoast SEO plugin v27.4 - https:\/\/yoast.com\/product\/yoast-seo-wordpress\/ -->\n<title>- Synergie<\/title>\n<meta name=\"robots\" content=\"index, follow, max-snippet:-1, max-image-preview:large, max-video-preview:-1\" \/>\n<link rel=\"canonical\" href=\"https:\/\/www.synergie.ca\/fr\/chauffeurs-recherches\/\" \/>\n<meta property=\"og:locale\" content=\"fr_FR\" \/>\n<meta property=\"og:type\" content=\"article\" \/>\n<meta property=\"og:title\" content=\"- Synergie\" \/>\n<meta property=\"og:description\" content=\"Nous recherchons un chauffeur local de classe 1 pour un poste de jour du lundi au vendredi. Profitez d&rsquo;un emploi stable avec d&rsquo;excellents avantages et des conditions de travail favorables, y compris des primes de performance allant de 3 000 \u00e0 6 000 dollars par an. Type de transport : Drybox Conduite : Automatique R\u00e9mun\u00e9ration [&hellip;]\" \/>\n<meta property=\"og:url\" content=\"https:\/\/www.synergie.ca\/fr\/chauffeurs-recherches\/\" \/>\n<meta property=\"og:site_name\" content=\"Synergie\" \/>\n<meta property=\"article:publisher\" content=\"https:\/\/www.facebook.com\/Synergie.ca\" \/>\n<meta property=\"article:modified_time\" content=\"2026-02-19T18:57:55+00:00\" \/>\n<meta property=\"og:image\" content=\"https:\/\/www.synergie.ca\/wp-content\/uploads\/2021\/04\/Camion-1024x682.png\" \/>\n\t<meta property=\"og:image:width\" content=\"1024\" \/>\n\t<meta property=\"og:image:height\" content=\"682\" \/>\n\t<meta property=\"og:image:type\" content=\"image\/png\" \/>\n<meta name=\"twitter:card\" content=\"summary_large_image\" \/>\n<meta name=\"twitter:label1\" content=\"Dur\u00e9e de lecture estim\u00e9e\" \/>\n\t<meta name=\"twitter:data1\" content=\"1 minute\" \/>\n<script type=\"application\/ld+json\" class=\"yoast-schema-graph\">{\"@context\":\"https:\\\/\\\/schema.org\",\"@graph\":[{\"@type\":\"WebPage\",\"@id\":\"https:\\\/\\\/www.synergie.ca\\\/fr\\\/chauffeurs-recherches\\\/\",\"url\":\"https:\\\/\\\/www.synergie.ca\\\/fr\\\/chauffeurs-recherches\\\/\",\"name\":\"- Synergie\",\"isPartOf\":{\"@id\":\"https:\\\/\\\/www.synergie.ca\\\/fr\\\/#website\"},\"primaryImageOfPage\":{\"@id\":\"https:\\\/\\\/www.synergie.ca\\\/fr\\\/chauffeurs-recherches\\\/#primaryimage\"},\"image\":{\"@id\":\"https:\\\/\\\/www.synergie.ca\\\/fr\\\/chauffeurs-recherches\\\/#primaryimage\"},\"thumbnailUrl\":\"https:\\\/\\\/www.synergie.ca\\\/wp-content\\\/uploads\\\/2021\\\/04\\\/Camion.png\",\"datePublished\":\"2025-04-07T19:52:33+00:00\",\"dateModified\":\"2026-02-19T18:57:55+00:00\",\"breadcrumb\":{\"@id\":\"https:\\\/\\\/www.synergie.ca\\\/fr\\\/chauffeurs-recherches\\\/#breadcrumb\"},\"inLanguage\":\"fr-FR\",\"potentialAction\":[{\"@type\":\"ReadAction\",\"target\":[\"https:\\\/\\\/www.synergie.ca\\\/fr\\\/chauffeurs-recherches\\\/\"]}]},{\"@type\":\"ImageObject\",\"inLanguage\":\"fr-FR\",\"@id\":\"https:\\\/\\\/www.synergie.ca\\\/fr\\\/chauffeurs-recherches\\\/#primaryimage\",\"url\":\"https:\\\/\\\/www.synergie.ca\\\/wp-content\\\/uploads\\\/2021\\\/04\\\/Camion.png\",\"contentUrl\":\"https:\\\/\\\/www.synergie.ca\\\/wp-content\\\/uploads\\\/2021\\\/04\\\/Camion.png\"},{\"@type\":\"BreadcrumbList\",\"@id\":\"https:\\\/\\\/www.synergie.ca\\\/fr\\\/chauffeurs-recherches\\\/#breadcrumb\",\"itemListElement\":[{\"@type\":\"ListItem\",\"position\":1,\"name\":\"Home\",\"item\":\"https:\\\/\\\/www.synergie.ca\\\/fr\\\/\"},{\"@type\":\"ListItem\",\"position\":2,\"name\":\"Chauffeurs recherch\u00e9s\"}]},{\"@type\":\"WebSite\",\"@id\":\"https:\\\/\\\/www.synergie.ca\\\/fr\\\/#website\",\"url\":\"https:\\\/\\\/www.synergie.ca\\\/fr\\\/\",\"name\":\"Synergie\",\"description\":\"\",\"publisher\":{\"@id\":\"https:\\\/\\\/www.synergie.ca\\\/fr\\\/#organization\"},\"potentialAction\":[{\"@type\":\"SearchAction\",\"target\":{\"@type\":\"EntryPoint\",\"urlTemplate\":\"https:\\\/\\\/www.synergie.ca\\\/fr\\\/?s={search_term_string}\"},\"query-input\":{\"@type\":\"PropertyValueSpecification\",\"valueRequired\":true,\"valueName\":\"search_term_string\"}}],\"inLanguage\":\"fr-FR\"},{\"@type\":\"Organization\",\"@id\":\"https:\\\/\\\/www.synergie.ca\\\/fr\\\/#organization\",\"name\":\"Synergie Canada\",\"url\":\"https:\\\/\\\/www.synergie.ca\\\/fr\\\/\",\"logo\":{\"@type\":\"ImageObject\",\"inLanguage\":\"fr-FR\",\"@id\":\"https:\\\/\\\/www.synergie.ca\\\/fr\\\/#\\\/schema\\\/logo\\\/image\\\/\",\"url\":\"https:\\\/\\\/www.synergie.ca\\\/wp-content\\\/uploads\\\/2025\\\/02\\\/LOGO_SYNERGIE_RVB-1.jpg\",\"contentUrl\":\"https:\\\/\\\/www.synergie.ca\\\/wp-content\\\/uploads\\\/2025\\\/02\\\/LOGO_SYNERGIE_RVB-1.jpg\",\"width\":1182,\"height\":1182,\"caption\":\"Synergie Canada\"},\"image\":{\"@id\":\"https:\\\/\\\/www.synergie.ca\\\/fr\\\/#\\\/schema\\\/logo\\\/image\\\/\"},\"sameAs\":[\"https:\\\/\\\/www.facebook.com\\\/Synergie.ca\",\"https:\\\/\\\/www.linkedin.com\\\/company\\\/synergiecanada\"]}]}<\/script>\n<!-- \/ Yoast SEO plugin. -->","yoast_head_json":{"title":"- Synergie","robots":{"index":"index","follow":"follow","max-snippet":"max-snippet:-1","max-image-preview":"max-image-preview:large","max-video-preview":"max-video-preview:-1"},"canonical":"https:\/\/www.synergie.ca\/fr\/chauffeurs-recherches\/","og_locale":"fr_FR","og_type":"article","og_title":"- Synergie","og_description":"Nous recherchons un chauffeur local de classe 1 pour un poste de jour du lundi au vendredi. Profitez d&rsquo;un emploi stable avec d&rsquo;excellents avantages et des conditions de travail favorables, y compris des primes de performance allant de 3 000 \u00e0 6 000 dollars par an. Type de transport : Drybox Conduite : Automatique R\u00e9mun\u00e9ration [&hellip;]","og_url":"https:\/\/www.synergie.ca\/fr\/chauffeurs-recherches\/","og_site_name":"Synergie","article_publisher":"https:\/\/www.facebook.com\/Synergie.ca","article_modified_time":"2026-02-19T18:57:55+00:00","og_image":[{"width":1024,"height":682,"url":"https:\/\/www.synergie.ca\/wp-content\/uploads\/2021\/04\/Camion-1024x682.png","type":"image\/png"}],"twitter_card":"summary_large_image","twitter_misc":{"Dur\u00e9e de lecture estim\u00e9e":"1 minute"},"schema":{"@context":"https:\/\/schema.org","@graph":[{"@type":"WebPage","@id":"https:\/\/www.synergie.ca\/fr\/chauffeurs-recherches\/","url":"https:\/\/www.synergie.ca\/fr\/chauffeurs-recherches\/","name":"- Synergie","isPartOf":{"@id":"https:\/\/www.synergie.ca\/fr\/#website"},"primaryImageOfPage":{"@id":"https:\/\/www.synergie.ca\/fr\/chauffeurs-recherches\/#primaryimage"},"image":{"@id":"https:\/\/www.synergie.ca\/fr\/chauffeurs-recherches\/#primaryimage"},"thumbnailUrl":"https:\/\/www.synergie.ca\/wp-content\/uploads\/2021\/04\/Camion.png","datePublished":"2025-04-07T19:52:33+00:00","dateModified":"2026-02-19T18:57:55+00:00","breadcrumb":{"@id":"https:\/\/www.synergie.ca\/fr\/chauffeurs-recherches\/#breadcrumb"},"inLanguage":"fr-FR","potentialAction":[{"@type":"ReadAction","target":["https:\/\/www.synergie.ca\/fr\/chauffeurs-recherches\/"]}]},{"@type":"ImageObject","inLanguage":"fr-FR","@id":"https:\/\/www.synergie.ca\/fr\/chauffeurs-recherches\/#primaryimage","url":"https:\/\/www.synergie.ca\/wp-content\/uploads\/2021\/04\/Camion.png","contentUrl":"https:\/\/www.synergie.ca\/wp-content\/uploads\/2021\/04\/Camion.png"},{"@type":"BreadcrumbList","@id":"https:\/\/www.synergie.ca\/fr\/chauffeurs-recherches\/#breadcrumb","itemListElement":[{"@type":"ListItem","position":1,"name":"Home","item":"https:\/\/www.synergie.ca\/fr\/"},{"@type":"ListItem","position":2,"name":"Chauffeurs recherch\u00e9s"}]},{"@type":"WebSite","@id":"https:\/\/www.synergie.ca\/fr\/#website","url":"https:\/\/www.synergie.ca\/fr\/","name":"Synergie","description":"","publisher":{"@id":"https:\/\/www.synergie.ca\/fr\/#organization"},"potentialAction":[{"@type":"SearchAction","target":{"@type":"EntryPoint","urlTemplate":"https:\/\/www.synergie.ca\/fr\/?s={search_term_string}"},"query-input":{"@type":"PropertyValueSpecification","valueRequired":true,"valueName":"search_term_string"}}],"inLanguage":"fr-FR"},{"@type":"Organization","@id":"https:\/\/www.synergie.ca\/fr\/#organization","name":"Synergie Canada","url":"https:\/\/www.synergie.ca\/fr\/","logo":{"@type":"ImageObject","inLanguage":"fr-FR","@id":"https:\/\/www.synergie.ca\/fr\/#\/schema\/logo\/image\/","url":"https:\/\/www.synergie.ca\/wp-content\/uploads\/2025\/02\/LOGO_SYNERGIE_RVB-1.jpg","contentUrl":"https:\/\/www.synergie.ca\/wp-content\/uploads\/2025\/02\/LOGO_SYNERGIE_RVB-1.jpg","width":1182,"height":1182,"caption":"Synergie Canada"},"image":{"@id":"https:\/\/www.synergie.ca\/fr\/#\/schema\/logo\/image\/"},"sameAs":["https:\/\/www.facebook.com\/Synergie.ca","https:\/\/www.linkedin.com\/company\/synergiecanada"]}]}},"_links":{"self":[{"href":"https:\/\/www.synergie.ca\/fr\/wp-json\/wp\/v2\/pages\/6929","targetHints":{"allow":["GET"]}}],"collection":[{"href":"https:\/\/www.synergie.ca\/fr\/wp-json\/wp\/v2\/pages"}],"about":[{"href":"https:\/\/www.synergie.ca\/fr\/wp-json\/wp\/v2\/types\/page"}],"author":[{"embeddable":true,"href":"https:\/\/www.synergie.ca\/fr\/wp-json\/wp\/v2\/users\/1"}],"replies":[{"embeddable":true,"href":"https:\/\/www.synergie.ca\/fr\/wp-json\/wp\/v2\/comments?post=6929"}],"version-history":[{"count":7,"href":"https:\/\/www.synergie.ca\/fr\/wp-json\/wp\/v2\/pages\/6929\/revisions"}],"predecessor-version":[{"id":9079,"href":"https:\/\/www.synergie.ca\/fr\/wp-json\/wp\/v2\/pages\/6929\/revisions\/9079"}],"wp:attachment":[{"href":"https:\/\/www.synergie.ca\/fr\/wp-json\/wp\/v2\/media?parent=6929"}],"curies":[{"name":"wp","href":"https:\/\/api.w.org\/{rel}","templated":true}]}}