{"id":6983,"date":"2025-04-21T08:35:17","date_gmt":"2025-04-21T12:35:17","guid":{"rendered":"https:\/\/www.synergie.ca\/?page_id=6983"},"modified":"2025-04-21T08:55:52","modified_gmt":"2025-04-21T12:55:52","slug":"placement-permanent","status":"publish","type":"page","link":"https:\/\/www.synergie.ca\/fr\/employeurs\/placement-permanent\/","title":{"rendered":"Placement permanent"},"content":{"rendered":"\n<h2 class=\"wp-block-heading has-text-align-center\">Placement permanent<\/h2>\n\n\n\n<h3 class=\"wp-block-heading\"><strong>Trouvez le bon talent, pour longtemps<\/strong>!<\/h3>\n\n\n\n<p>Dans un march\u00e9 comp\u00e9titif, recruter le bon candidat pour un poste permanent est crucial pour la croissance et la stabilit\u00e9 de votre entreprise. Notre service de placement permanent vous accompagne \u00e0 chaque \u00e9tape pour identifier, \u00e9valuer et int\u00e9grer les meilleurs talents, en parfaite ad\u00e9quation avec vos besoins et votre culture organisationnelle.<\/p>\n\n\n\n<div class=\"wp-block-buttons is-content-justification-center is-layout-flex wp-container-core-buttons-is-layout-a89b3969 wp-block-buttons-is-layout-flex\">\n<div class=\"wp-block-button\"><a class=\"wp-block-button__link has-custom-blanc-color has-custom-rouge-background-color has-text-color has-background has-link-color has-mdm-large-font-size has-text-align-center has-custom-font-size wp-element-button\" href=\"https:\/\/www.synergie.ca\/fr\/employeurs\/demande-de-soumission\/\">Contactez-nous d\u00e8s maintenant<\/a><\/div>\n<\/div>\n\n\n\n<div class=\"wp-block-media-text is-stacked-on-mobile\" style=\"grid-template-columns:40% auto\"><figure class=\"wp-block-media-text__media\"><img loading=\"lazy\" decoding=\"async\" width=\"1024\" height=\"682\" src=\"https:\/\/www.synergie.ca\/wp-content\/uploads\/2025\/04\/job-4131482_1280-1024x682.jpg\" alt=\"\" class=\"wp-image-7017 size-full\" srcset=\"https:\/\/www.synergie.ca\/wp-content\/uploads\/2025\/04\/job-4131482_1280-1024x682.jpg 1024w, https:\/\/www.synergie.ca\/wp-content\/uploads\/2025\/04\/job-4131482_1280-300x200.jpg 300w, https:\/\/www.synergie.ca\/wp-content\/uploads\/2025\/04\/job-4131482_1280-768x512.jpg 768w, https:\/\/www.synergie.ca\/wp-content\/uploads\/2025\/04\/job-4131482_1280.jpg 1280w\" sizes=\"auto, (max-width: 1024px) 100vw, 1024px\" \/><\/figure><div class=\"wp-block-media-text__content\">\n<p><strong><mark style=\"background-color:rgba(0, 0, 0, 0)\" class=\"has-inline-color has-custom-rouge-color\">Un processus rigoureux<\/mark><\/strong><\/p>\n\n\n\n<p>Notre approche repose sur une \u00e9valuation approfondie des comp\u00e9tences, de l&rsquo;exp\u00e9rience et du savoir-\u00eatre, afin d&rsquo;identifier le candidat id\u00e9al pour votre organisation.<\/p>\n<\/div><\/div>\n\n\n\n<div class=\"wp-block-media-text has-media-on-the-right is-stacked-on-mobile\" style=\"grid-template-columns:auto 40%\"><div class=\"wp-block-media-text__content\">\n<p><strong><mark style=\"background-color:rgba(0, 0, 0, 0)\" class=\"has-inline-color has-custom-rouge-color\">Une validation m\u00e9ticuleuse<\/mark><\/strong><\/p>\n\n\n\n<p>Chaque candidat est soumis \u00e0 une \u00e9valuation rigoureuse incluant des entretiens, des tests, ainsi que la v\u00e9rification des r\u00e9f\u00e9rences et des dipl\u00f4mes. Cette d\u00e9marche vous assure un recrutement en toute confiance.<\/p>\n<\/div><figure class=\"wp-block-media-text__media\"><img loading=\"lazy\" decoding=\"async\" width=\"1024\" height=\"682\" src=\"https:\/\/www.synergie.ca\/wp-content\/uploads\/2025\/04\/telework-6795505_1280-1024x682.jpg\" alt=\"\" class=\"wp-image-7015 size-full\" srcset=\"https:\/\/www.synergie.ca\/wp-content\/uploads\/2025\/04\/telework-6795505_1280-1024x682.jpg 1024w, https:\/\/www.synergie.ca\/wp-content\/uploads\/2025\/04\/telework-6795505_1280-300x200.jpg 300w, https:\/\/www.synergie.ca\/wp-content\/uploads\/2025\/04\/telework-6795505_1280-768x512.jpg 768w, https:\/\/www.synergie.ca\/wp-content\/uploads\/2025\/04\/telework-6795505_1280.jpg 1280w\" sizes=\"auto, (max-width: 1024px) 100vw, 1024px\" \/><\/figure><\/div>\n\n\n\n<div class=\"wp-block-media-text is-stacked-on-mobile\" style=\"grid-template-columns:40% auto\"><figure class=\"wp-block-media-text__media\"><img loading=\"lazy\" decoding=\"async\" width=\"1024\" height=\"682\" src=\"https:\/\/www.synergie.ca\/wp-content\/uploads\/2025\/04\/meeting-4019730_1280-1024x682.jpg\" alt=\"\" class=\"wp-image-7013 size-full\" srcset=\"https:\/\/www.synergie.ca\/wp-content\/uploads\/2025\/04\/meeting-4019730_1280-1024x682.jpg 1024w, https:\/\/www.synergie.ca\/wp-content\/uploads\/2025\/04\/meeting-4019730_1280-300x200.jpg 300w, https:\/\/www.synergie.ca\/wp-content\/uploads\/2025\/04\/meeting-4019730_1280-768x512.jpg 768w, https:\/\/www.synergie.ca\/wp-content\/uploads\/2025\/04\/meeting-4019730_1280.jpg 1280w\" sizes=\"auto, (max-width: 1024px) 100vw, 1024px\" \/><\/figure><div class=\"wp-block-media-text__content\">\n<p><strong><mark style=\"background-color:rgba(0, 0, 0, 0)\" class=\"has-inline-color has-custom-rouge-color\">Un accompagnement sur mesure<\/mark><\/strong><\/p>\n\n\n\n<p>Nous analysons votre culture d&rsquo;entreprise, vos d\u00e9fis et vos objectifs pour vous proposer des candidats comp\u00e9tents et align\u00e9s avec votre vision.<\/p>\n<\/div><\/div>\n\n\n\n<p><\/p>\n\n\n\n<div class=\"wp-block-buttons is-content-justification-center is-layout-flex wp-container-core-buttons-is-layout-a89b3969 wp-block-buttons-is-layout-flex\">\n<div class=\"wp-block-button\"><a class=\"wp-block-button__link has-custom-blanc-color has-custom-rouge-background-color has-text-color has-background has-link-color has-mdm-large-font-size has-custom-font-size wp-element-button\" href=\"https:\/\/www.synergie.ca\/fr\/employeurs\/demande-de-soumission\/\">Contactez-nous d\u00e8s maintenant<\/a><\/div>\n<\/div>\n\n\n\n<p><\/p>\n","protected":false},"excerpt":{"rendered":"<p>Placement permanent Trouvez le bon talent, pour longtemps! Dans un march\u00e9 comp\u00e9titif, recruter le bon candidat pour un poste permanent est crucial pour la croissance et la stabilit\u00e9 de votre entreprise. Notre service de placement permanent vous accompagne \u00e0 chaque \u00e9tape pour identifier, \u00e9valuer et int\u00e9grer les meilleurs talents, en parfaite ad\u00e9quation avec vos besoins [&hellip;]<\/p>\n","protected":false},"author":1,"featured_media":0,"parent":109,"menu_order":0,"comment_status":"closed","ping_status":"closed","template":"","meta":{"footnotes":""},"class_list":["post-6983","page","type-page","status-publish","hentry"],"yoast_head":"<!-- This site is optimized with the Yoast SEO plugin v27.5 - https:\/\/yoast.com\/product\/yoast-seo-wordpress\/ -->\n<title>- Synergie<\/title>\n<meta name=\"robots\" content=\"index, follow, max-snippet:-1, max-image-preview:large, max-video-preview:-1\" \/>\n<link rel=\"canonical\" href=\"https:\/\/www.synergie.ca\/fr\/employeurs\/placement-permanent\/\" \/>\n<meta property=\"og:locale\" content=\"fr_FR\" \/>\n<meta property=\"og:type\" content=\"article\" \/>\n<meta property=\"og:title\" content=\"- Synergie\" \/>\n<meta property=\"og:description\" content=\"Placement permanent Trouvez le bon talent, pour longtemps! Dans un march\u00e9 comp\u00e9titif, recruter le bon candidat pour un poste permanent est crucial pour la croissance et la stabilit\u00e9 de votre entreprise. Notre service de placement permanent vous accompagne \u00e0 chaque \u00e9tape pour identifier, \u00e9valuer et int\u00e9grer les meilleurs talents, en parfaite ad\u00e9quation avec vos besoins [&hellip;]\" \/>\n<meta property=\"og:url\" content=\"https:\/\/www.synergie.ca\/fr\/employeurs\/placement-permanent\/\" \/>\n<meta property=\"og:site_name\" content=\"Synergie\" \/>\n<meta property=\"article:publisher\" content=\"https:\/\/www.facebook.com\/Synergie.ca\" \/>\n<meta property=\"article:modified_time\" content=\"2025-04-21T12:55:52+00:00\" \/>\n<meta property=\"og:image\" content=\"https:\/\/www.synergie.ca\/wp-content\/uploads\/2025\/04\/job-4131482_1280-1024x682.jpg\" \/>\n<meta name=\"twitter:card\" content=\"summary_large_image\" \/>\n<meta name=\"twitter:label1\" content=\"Dur\u00e9e de lecture estim\u00e9e\" \/>\n\t<meta name=\"twitter:data1\" content=\"2 minutes\" \/>\n<script type=\"application\/ld+json\" class=\"yoast-schema-graph\">{\"@context\":\"https:\\\/\\\/schema.org\",\"@graph\":[{\"@type\":\"WebPage\",\"@id\":\"https:\\\/\\\/www.synergie.ca\\\/fr\\\/employeurs\\\/placement-permanent\\\/\",\"url\":\"https:\\\/\\\/www.synergie.ca\\\/fr\\\/employeurs\\\/placement-permanent\\\/\",\"name\":\"- Synergie\",\"isPartOf\":{\"@id\":\"https:\\\/\\\/www.synergie.ca\\\/fr\\\/#website\"},\"primaryImageOfPage\":{\"@id\":\"https:\\\/\\\/www.synergie.ca\\\/fr\\\/employeurs\\\/placement-permanent\\\/#primaryimage\"},\"image\":{\"@id\":\"https:\\\/\\\/www.synergie.ca\\\/fr\\\/employeurs\\\/placement-permanent\\\/#primaryimage\"},\"thumbnailUrl\":\"https:\\\/\\\/www.synergie.ca\\\/wp-content\\\/uploads\\\/2025\\\/04\\\/job-4131482_1280-1024x682.jpg\",\"datePublished\":\"2025-04-21T12:35:17+00:00\",\"dateModified\":\"2025-04-21T12:55:52+00:00\",\"breadcrumb\":{\"@id\":\"https:\\\/\\\/www.synergie.ca\\\/fr\\\/employeurs\\\/placement-permanent\\\/#breadcrumb\"},\"inLanguage\":\"fr-FR\",\"potentialAction\":[{\"@type\":\"ReadAction\",\"target\":[\"https:\\\/\\\/www.synergie.ca\\\/fr\\\/employeurs\\\/placement-permanent\\\/\"]}]},{\"@type\":\"ImageObject\",\"inLanguage\":\"fr-FR\",\"@id\":\"https:\\\/\\\/www.synergie.ca\\\/fr\\\/employeurs\\\/placement-permanent\\\/#primaryimage\",\"url\":\"https:\\\/\\\/www.synergie.ca\\\/wp-content\\\/uploads\\\/2025\\\/04\\\/job-4131482_1280-1024x682.jpg\",\"contentUrl\":\"https:\\\/\\\/www.synergie.ca\\\/wp-content\\\/uploads\\\/2025\\\/04\\\/job-4131482_1280-1024x682.jpg\"},{\"@type\":\"BreadcrumbList\",\"@id\":\"https:\\\/\\\/www.synergie.ca\\\/fr\\\/employeurs\\\/placement-permanent\\\/#breadcrumb\",\"itemListElement\":[{\"@type\":\"ListItem\",\"position\":1,\"name\":\"Home\",\"item\":\"https:\\\/\\\/www.synergie.ca\\\/fr\\\/\"},{\"@type\":\"ListItem\",\"position\":2,\"name\":\"Employeurs\",\"item\":\"https:\\\/\\\/www.synergie.ca\\\/fr\\\/employeurs\\\/\"},{\"@type\":\"ListItem\",\"position\":3,\"name\":\"Placement permanent\"}]},{\"@type\":\"WebSite\",\"@id\":\"https:\\\/\\\/www.synergie.ca\\\/fr\\\/#website\",\"url\":\"https:\\\/\\\/www.synergie.ca\\\/fr\\\/\",\"name\":\"Synergie\",\"description\":\"\",\"publisher\":{\"@id\":\"https:\\\/\\\/www.synergie.ca\\\/fr\\\/#organization\"},\"potentialAction\":[{\"@type\":\"SearchAction\",\"target\":{\"@type\":\"EntryPoint\",\"urlTemplate\":\"https:\\\/\\\/www.synergie.ca\\\/fr\\\/?s={search_term_string}\"},\"query-input\":{\"@type\":\"PropertyValueSpecification\",\"valueRequired\":true,\"valueName\":\"search_term_string\"}}],\"inLanguage\":\"fr-FR\"},{\"@type\":\"Organization\",\"@id\":\"https:\\\/\\\/www.synergie.ca\\\/fr\\\/#organization\",\"name\":\"Synergie Canada\",\"url\":\"https:\\\/\\\/www.synergie.ca\\\/fr\\\/\",\"logo\":{\"@type\":\"ImageObject\",\"inLanguage\":\"fr-FR\",\"@id\":\"https:\\\/\\\/www.synergie.ca\\\/fr\\\/#\\\/schema\\\/logo\\\/image\\\/\",\"url\":\"https:\\\/\\\/www.synergie.ca\\\/wp-content\\\/uploads\\\/2025\\\/02\\\/LOGO_SYNERGIE_RVB-1.jpg\",\"contentUrl\":\"https:\\\/\\\/www.synergie.ca\\\/wp-content\\\/uploads\\\/2025\\\/02\\\/LOGO_SYNERGIE_RVB-1.jpg\",\"width\":1182,\"height\":1182,\"caption\":\"Synergie Canada\"},\"image\":{\"@id\":\"https:\\\/\\\/www.synergie.ca\\\/fr\\\/#\\\/schema\\\/logo\\\/image\\\/\"},\"sameAs\":[\"https:\\\/\\\/www.facebook.com\\\/Synergie.ca\",\"https:\\\/\\\/www.linkedin.com\\\/company\\\/synergiecanada\"]}]}<\/script>\n<!-- \/ Yoast SEO plugin. -->","yoast_head_json":{"title":"- Synergie","robots":{"index":"index","follow":"follow","max-snippet":"max-snippet:-1","max-image-preview":"max-image-preview:large","max-video-preview":"max-video-preview:-1"},"canonical":"https:\/\/www.synergie.ca\/fr\/employeurs\/placement-permanent\/","og_locale":"fr_FR","og_type":"article","og_title":"- Synergie","og_description":"Placement permanent Trouvez le bon talent, pour longtemps! Dans un march\u00e9 comp\u00e9titif, recruter le bon candidat pour un poste permanent est crucial pour la croissance et la stabilit\u00e9 de votre entreprise. Notre service de placement permanent vous accompagne \u00e0 chaque \u00e9tape pour identifier, \u00e9valuer et int\u00e9grer les meilleurs talents, en parfaite ad\u00e9quation avec vos besoins [&hellip;]","og_url":"https:\/\/www.synergie.ca\/fr\/employeurs\/placement-permanent\/","og_site_name":"Synergie","article_publisher":"https:\/\/www.facebook.com\/Synergie.ca","article_modified_time":"2025-04-21T12:55:52+00:00","og_image":[{"url":"https:\/\/www.synergie.ca\/wp-content\/uploads\/2025\/04\/job-4131482_1280-1024x682.jpg","type":"","width":"","height":""}],"twitter_card":"summary_large_image","twitter_misc":{"Dur\u00e9e de lecture estim\u00e9e":"2 minutes"},"schema":{"@context":"https:\/\/schema.org","@graph":[{"@type":"WebPage","@id":"https:\/\/www.synergie.ca\/fr\/employeurs\/placement-permanent\/","url":"https:\/\/www.synergie.ca\/fr\/employeurs\/placement-permanent\/","name":"- Synergie","isPartOf":{"@id":"https:\/\/www.synergie.ca\/fr\/#website"},"primaryImageOfPage":{"@id":"https:\/\/www.synergie.ca\/fr\/employeurs\/placement-permanent\/#primaryimage"},"image":{"@id":"https:\/\/www.synergie.ca\/fr\/employeurs\/placement-permanent\/#primaryimage"},"thumbnailUrl":"https:\/\/www.synergie.ca\/wp-content\/uploads\/2025\/04\/job-4131482_1280-1024x682.jpg","datePublished":"2025-04-21T12:35:17+00:00","dateModified":"2025-04-21T12:55:52+00:00","breadcrumb":{"@id":"https:\/\/www.synergie.ca\/fr\/employeurs\/placement-permanent\/#breadcrumb"},"inLanguage":"fr-FR","potentialAction":[{"@type":"ReadAction","target":["https:\/\/www.synergie.ca\/fr\/employeurs\/placement-permanent\/"]}]},{"@type":"ImageObject","inLanguage":"fr-FR","@id":"https:\/\/www.synergie.ca\/fr\/employeurs\/placement-permanent\/#primaryimage","url":"https:\/\/www.synergie.ca\/wp-content\/uploads\/2025\/04\/job-4131482_1280-1024x682.jpg","contentUrl":"https:\/\/www.synergie.ca\/wp-content\/uploads\/2025\/04\/job-4131482_1280-1024x682.jpg"},{"@type":"BreadcrumbList","@id":"https:\/\/www.synergie.ca\/fr\/employeurs\/placement-permanent\/#breadcrumb","itemListElement":[{"@type":"ListItem","position":1,"name":"Home","item":"https:\/\/www.synergie.ca\/fr\/"},{"@type":"ListItem","position":2,"name":"Employeurs","item":"https:\/\/www.synergie.ca\/fr\/employeurs\/"},{"@type":"ListItem","position":3,"name":"Placement permanent"}]},{"@type":"WebSite","@id":"https:\/\/www.synergie.ca\/fr\/#website","url":"https:\/\/www.synergie.ca\/fr\/","name":"Synergie","description":"","publisher":{"@id":"https:\/\/www.synergie.ca\/fr\/#organization"},"potentialAction":[{"@type":"SearchAction","target":{"@type":"EntryPoint","urlTemplate":"https:\/\/www.synergie.ca\/fr\/?s={search_term_string}"},"query-input":{"@type":"PropertyValueSpecification","valueRequired":true,"valueName":"search_term_string"}}],"inLanguage":"fr-FR"},{"@type":"Organization","@id":"https:\/\/www.synergie.ca\/fr\/#organization","name":"Synergie Canada","url":"https:\/\/www.synergie.ca\/fr\/","logo":{"@type":"ImageObject","inLanguage":"fr-FR","@id":"https:\/\/www.synergie.ca\/fr\/#\/schema\/logo\/image\/","url":"https:\/\/www.synergie.ca\/wp-content\/uploads\/2025\/02\/LOGO_SYNERGIE_RVB-1.jpg","contentUrl":"https:\/\/www.synergie.ca\/wp-content\/uploads\/2025\/02\/LOGO_SYNERGIE_RVB-1.jpg","width":1182,"height":1182,"caption":"Synergie Canada"},"image":{"@id":"https:\/\/www.synergie.ca\/fr\/#\/schema\/logo\/image\/"},"sameAs":["https:\/\/www.facebook.com\/Synergie.ca","https:\/\/www.linkedin.com\/company\/synergiecanada"]}]}},"_links":{"self":[{"href":"https:\/\/www.synergie.ca\/fr\/wp-json\/wp\/v2\/pages\/6983","targetHints":{"allow":["GET"]}}],"collection":[{"href":"https:\/\/www.synergie.ca\/fr\/wp-json\/wp\/v2\/pages"}],"about":[{"href":"https:\/\/www.synergie.ca\/fr\/wp-json\/wp\/v2\/types\/page"}],"author":[{"embeddable":true,"href":"https:\/\/www.synergie.ca\/fr\/wp-json\/wp\/v2\/users\/1"}],"replies":[{"embeddable":true,"href":"https:\/\/www.synergie.ca\/fr\/wp-json\/wp\/v2\/comments?post=6983"}],"version-history":[{"count":3,"href":"https:\/\/www.synergie.ca\/fr\/wp-json\/wp\/v2\/pages\/6983\/revisions"}],"predecessor-version":[{"id":7058,"href":"https:\/\/www.synergie.ca\/fr\/wp-json\/wp\/v2\/pages\/6983\/revisions\/7058"}],"up":[{"embeddable":true,"href":"https:\/\/www.synergie.ca\/fr\/wp-json\/wp\/v2\/pages\/109"}],"wp:attachment":[{"href":"https:\/\/www.synergie.ca\/fr\/wp-json\/wp\/v2\/media?parent=6983"}],"curies":[{"name":"wp","href":"https:\/\/api.w.org\/{rel}","templated":true}]}}