{"id":6985,"date":"2025-04-21T08:35:58","date_gmt":"2025-04-21T12:35:58","guid":{"rendered":"https:\/\/www.synergie.ca\/?page_id=6985"},"modified":"2025-04-21T08:58:06","modified_gmt":"2025-04-21T12:58:06","slug":"travail-temporaire","status":"publish","type":"page","link":"https:\/\/www.synergie.ca\/fr\/employeurs\/travail-temporaire\/","title":{"rendered":"Travail temporaire"},"content":{"rendered":"\n<h2 class=\"wp-block-heading has-text-align-center\">Travail temporaire<\/h2>\n\n\n\n<p class=\"has-medium-font-size\"><strong>La flexibilit\u00e9 au service de votre performance<\/strong><\/p>\n\n\n\n<p class=\"has-medium-font-size\">Dans un contexte \u00e9conomique en constante \u00e9volution, le recours au travail temporaire offre aux entreprises la flexibilit\u00e9 n\u00e9cessaire pour s&rsquo;adapter rapidement aux fluctuations de l&rsquo;activit\u00e9. Que ce soit pour faire face \u00e0 un surcro\u00eet de travail, remplacer un employ\u00e9 absent ou tester un poste avant une embauche permanente, notre service de placement temporaire vous permet de r\u00e9pondre efficacement \u00e0 vos besoins en ressources humaines.\u200b<\/p>\n\n\n\n<div class=\"wp-block-buttons is-content-justification-center is-layout-flex wp-container-core-buttons-is-layout-a89b3969 wp-block-buttons-is-layout-flex\">\n<div class=\"wp-block-button\"><a class=\"wp-block-button__link has-custom-blanc-color has-custom-rouge-background-color has-text-color has-background has-link-color has-mdm-large-font-size has-custom-font-size wp-element-button\" href=\"https:\/\/www.synergie.ca\/fr\/employeurs\/demande-de-soumission\/\">Contactez-nous d\u00e8s maintenant<\/a><\/div>\n<\/div>\n\n\n\n<div class=\"wp-block-media-text has-media-on-the-right is-stacked-on-mobile\" style=\"grid-template-columns:auto 40%\"><div class=\"wp-block-media-text__content\">\n<p class=\"has-medium-font-size\"><strong><mark style=\"background-color:rgba(0, 0, 0, 0)\" class=\"has-inline-color has-custom-rouge-color\">Un vivier de talents qualifi\u00e9s et pr\u00eats \u00e0 l\u2019emploi<\/mark><\/strong><\/p>\n\n\n\n<p class=\"has-medium-font-size\">Nos candidats, soigneusement s\u00e9lectionn\u00e9s pour leurs comp\u00e9tences et leur exp\u00e9rience, sont pr\u00eats \u00e0 int\u00e9grer votre \u00e9quipe et \u00e0 contribuer imm\u00e9diatement \u00e0 vos projets. Gr\u00e2ce \u00e0 notre processus de recrutement rigoureux, nous vous assurons des profils adapt\u00e9s \u00e0 vos exigences.<\/p>\n<\/div><figure class=\"wp-block-media-text__media\"><img loading=\"lazy\" decoding=\"async\" width=\"727\" height=\"485\" src=\"https:\/\/www.synergie.ca\/wp-content\/uploads\/2019\/06\/1267338.jpg\" alt=\"\" class=\"wp-image-1902 size-full\" srcset=\"https:\/\/www.synergie.ca\/wp-content\/uploads\/2019\/06\/1267338.jpg 727w, https:\/\/www.synergie.ca\/wp-content\/uploads\/2019\/06\/1267338-300x200.jpg 300w, https:\/\/www.synergie.ca\/wp-content\/uploads\/2019\/06\/1267338-24x16.jpg 24w, https:\/\/www.synergie.ca\/wp-content\/uploads\/2019\/06\/1267338-36x24.jpg 36w, https:\/\/www.synergie.ca\/wp-content\/uploads\/2019\/06\/1267338-48x32.jpg 48w, https:\/\/www.synergie.ca\/wp-content\/uploads\/2019\/06\/1267338-272x182.jpg 272w\" sizes=\"auto, (max-width: 727px) 100vw, 727px\" \/><\/figure><\/div>\n\n\n\n<div class=\"wp-block-media-text is-stacked-on-mobile\" style=\"grid-template-columns:40% auto\"><figure class=\"wp-block-media-text__media\"><img loading=\"lazy\" decoding=\"async\" width=\"1024\" height=\"768\" src=\"https:\/\/www.synergie.ca\/wp-content\/uploads\/2024\/06\/ai-generated-7954475_1280-1-1024x768.jpg\" alt=\"\" class=\"wp-image-5716 size-full\" srcset=\"https:\/\/www.synergie.ca\/wp-content\/uploads\/2024\/06\/ai-generated-7954475_1280-1-1024x768.jpg 1024w, https:\/\/www.synergie.ca\/wp-content\/uploads\/2024\/06\/ai-generated-7954475_1280-1-300x225.jpg 300w, https:\/\/www.synergie.ca\/wp-content\/uploads\/2024\/06\/ai-generated-7954475_1280-1-768x576.jpg 768w, https:\/\/www.synergie.ca\/wp-content\/uploads\/2024\/06\/ai-generated-7954475_1280-1.jpg 1280w\" sizes=\"auto, (max-width: 1024px) 100vw, 1024px\" \/><\/figure><div class=\"wp-block-media-text__content\">\n<p><strong><mark style=\"background-color:rgba(0, 0, 0, 0)\" class=\"has-inline-color has-custom-rouge-color\">Une r\u00e9activit\u00e9 \u00e0 toute \u00e9preuve<\/mark><\/strong><\/p>\n\n\n\n<p>Vos besoins \u00e9voluent rapidement ? Notre vaste r\u00e9seau de professionnels et notre capacit\u00e9 \u00e0 mobiliser rapidement les ressources n\u00e9cessaires nous permettent de vous proposer le bon talent au bon moment, r\u00e9duisant ainsi les d\u00e9lais de recrutement et assurant la continuit\u00e9 de vos op\u00e9rations.<\/p>\n<\/div><\/div>\n\n\n\n<div class=\"wp-block-media-text has-media-on-the-right is-stacked-on-mobile\" style=\"grid-template-columns:auto 40%\"><div class=\"wp-block-media-text__content\">\n<p><strong><mark style=\"background-color:rgba(0, 0, 0, 0)\" class=\"has-inline-color has-custom-rouge-color\">Un accompagnement constant<\/mark><\/strong><\/p>\n\n\n\n<p>Peu importe la dur\u00e9e du contrat, nous assurons un suivi r\u00e9gulier de nos travailleurs temporaires pour garantir une int\u00e9gration r\u00e9ussie et une performance optimale. Nous restons \u00e0 votre \u00e9coute tout au long de la collaboration pour ajuster notre accompagnement en fonction de vos besoins.<\/p>\n<\/div><figure class=\"wp-block-media-text__media\"><img loading=\"lazy\" decoding=\"async\" width=\"624\" height=\"416\" src=\"https:\/\/www.synergie.ca\/wp-content\/uploads\/2019\/12\/Image-entrevue-1.jpg\" alt=\"\" class=\"wp-image-2074 size-full\" srcset=\"https:\/\/www.synergie.ca\/wp-content\/uploads\/2019\/12\/Image-entrevue-1.jpg 624w, https:\/\/www.synergie.ca\/wp-content\/uploads\/2019\/12\/Image-entrevue-1-300x200.jpg 300w, https:\/\/www.synergie.ca\/wp-content\/uploads\/2019\/12\/Image-entrevue-1-24x16.jpg 24w, https:\/\/www.synergie.ca\/wp-content\/uploads\/2019\/12\/Image-entrevue-1-36x24.jpg 36w, https:\/\/www.synergie.ca\/wp-content\/uploads\/2019\/12\/Image-entrevue-1-48x32.jpg 48w, https:\/\/www.synergie.ca\/wp-content\/uploads\/2019\/12\/Image-entrevue-1-272x182.jpg 272w\" sizes=\"auto, (max-width: 624px) 100vw, 624px\" \/><\/figure><\/div>\n\n\n\n<p><\/p>\n\n\n\n<div class=\"wp-block-buttons is-content-justification-center is-layout-flex wp-container-core-buttons-is-layout-a89b3969 wp-block-buttons-is-layout-flex\">\n<div class=\"wp-block-button\"><a class=\"wp-block-button__link has-custom-blanc-color has-custom-rouge-background-color has-text-color has-background has-link-color has-mdm-large-font-size has-custom-font-size wp-element-button\" href=\"https:\/\/www.synergie.ca\/fr\/employeurs\/demande-de-soumission\/\">Contactez-nous d\u00e8s maintenant<\/a><\/div>\n<\/div>\n","protected":false},"excerpt":{"rendered":"<p>Travail temporaire La flexibilit\u00e9 au service de votre performance Dans un contexte \u00e9conomique en constante \u00e9volution, le recours au travail temporaire offre aux entreprises la flexibilit\u00e9 n\u00e9cessaire pour s&rsquo;adapter rapidement aux fluctuations de l&rsquo;activit\u00e9. Que ce soit pour faire face \u00e0 un surcro\u00eet de travail, remplacer un employ\u00e9 absent ou tester un poste avant une [&hellip;]<\/p>\n","protected":false},"author":1,"featured_media":0,"parent":109,"menu_order":0,"comment_status":"closed","ping_status":"closed","template":"","meta":{"footnotes":""},"class_list":["post-6985","page","type-page","status-publish","hentry"],"yoast_head":"<!-- This site is optimized with the Yoast SEO plugin v27.5 - https:\/\/yoast.com\/product\/yoast-seo-wordpress\/ -->\n<title>- Synergie<\/title>\n<meta name=\"robots\" content=\"index, follow, max-snippet:-1, max-image-preview:large, max-video-preview:-1\" \/>\n<link rel=\"canonical\" href=\"https:\/\/www.synergie.ca\/fr\/employeurs\/travail-temporaire\/\" \/>\n<meta property=\"og:locale\" content=\"fr_FR\" \/>\n<meta property=\"og:type\" content=\"article\" \/>\n<meta property=\"og:title\" content=\"- Synergie\" \/>\n<meta property=\"og:description\" content=\"Travail temporaire La flexibilit\u00e9 au service de votre performance Dans un contexte \u00e9conomique en constante \u00e9volution, le recours au travail temporaire offre aux entreprises la flexibilit\u00e9 n\u00e9cessaire pour s&rsquo;adapter rapidement aux fluctuations de l&rsquo;activit\u00e9. Que ce soit pour faire face \u00e0 un surcro\u00eet de travail, remplacer un employ\u00e9 absent ou tester un poste avant une [&hellip;]\" \/>\n<meta property=\"og:url\" content=\"https:\/\/www.synergie.ca\/fr\/employeurs\/travail-temporaire\/\" \/>\n<meta property=\"og:site_name\" content=\"Synergie\" \/>\n<meta property=\"article:publisher\" content=\"https:\/\/www.facebook.com\/Synergie.ca\" \/>\n<meta property=\"article:modified_time\" content=\"2025-04-21T12:58:06+00:00\" \/>\n<meta property=\"og:image\" content=\"https:\/\/www.synergie.ca\/wp-content\/uploads\/2019\/06\/1267338.jpg\" \/>\n<meta name=\"twitter:card\" content=\"summary_large_image\" \/>\n<meta name=\"twitter:label1\" content=\"Dur\u00e9e de lecture estim\u00e9e\" \/>\n\t<meta name=\"twitter:data1\" content=\"2 minutes\" \/>\n<script type=\"application\/ld+json\" class=\"yoast-schema-graph\">{\"@context\":\"https:\\\/\\\/schema.org\",\"@graph\":[{\"@type\":\"WebPage\",\"@id\":\"https:\\\/\\\/www.synergie.ca\\\/fr\\\/employeurs\\\/travail-temporaire\\\/\",\"url\":\"https:\\\/\\\/www.synergie.ca\\\/fr\\\/employeurs\\\/travail-temporaire\\\/\",\"name\":\"- Synergie\",\"isPartOf\":{\"@id\":\"https:\\\/\\\/www.synergie.ca\\\/fr\\\/#website\"},\"primaryImageOfPage\":{\"@id\":\"https:\\\/\\\/www.synergie.ca\\\/fr\\\/employeurs\\\/travail-temporaire\\\/#primaryimage\"},\"image\":{\"@id\":\"https:\\\/\\\/www.synergie.ca\\\/fr\\\/employeurs\\\/travail-temporaire\\\/#primaryimage\"},\"thumbnailUrl\":\"https:\\\/\\\/www.synergie.ca\\\/wp-content\\\/uploads\\\/2019\\\/06\\\/1267338.jpg\",\"datePublished\":\"2025-04-21T12:35:58+00:00\",\"dateModified\":\"2025-04-21T12:58:06+00:00\",\"breadcrumb\":{\"@id\":\"https:\\\/\\\/www.synergie.ca\\\/fr\\\/employeurs\\\/travail-temporaire\\\/#breadcrumb\"},\"inLanguage\":\"fr-FR\",\"potentialAction\":[{\"@type\":\"ReadAction\",\"target\":[\"https:\\\/\\\/www.synergie.ca\\\/fr\\\/employeurs\\\/travail-temporaire\\\/\"]}]},{\"@type\":\"ImageObject\",\"inLanguage\":\"fr-FR\",\"@id\":\"https:\\\/\\\/www.synergie.ca\\\/fr\\\/employeurs\\\/travail-temporaire\\\/#primaryimage\",\"url\":\"https:\\\/\\\/www.synergie.ca\\\/wp-content\\\/uploads\\\/2019\\\/06\\\/1267338.jpg\",\"contentUrl\":\"https:\\\/\\\/www.synergie.ca\\\/wp-content\\\/uploads\\\/2019\\\/06\\\/1267338.jpg\"},{\"@type\":\"BreadcrumbList\",\"@id\":\"https:\\\/\\\/www.synergie.ca\\\/fr\\\/employeurs\\\/travail-temporaire\\\/#breadcrumb\",\"itemListElement\":[{\"@type\":\"ListItem\",\"position\":1,\"name\":\"Home\",\"item\":\"https:\\\/\\\/www.synergie.ca\\\/fr\\\/\"},{\"@type\":\"ListItem\",\"position\":2,\"name\":\"Employeurs\",\"item\":\"https:\\\/\\\/www.synergie.ca\\\/fr\\\/employeurs\\\/\"},{\"@type\":\"ListItem\",\"position\":3,\"name\":\"Travail temporaire\"}]},{\"@type\":\"WebSite\",\"@id\":\"https:\\\/\\\/www.synergie.ca\\\/fr\\\/#website\",\"url\":\"https:\\\/\\\/www.synergie.ca\\\/fr\\\/\",\"name\":\"Synergie\",\"description\":\"\",\"publisher\":{\"@id\":\"https:\\\/\\\/www.synergie.ca\\\/fr\\\/#organization\"},\"potentialAction\":[{\"@type\":\"SearchAction\",\"target\":{\"@type\":\"EntryPoint\",\"urlTemplate\":\"https:\\\/\\\/www.synergie.ca\\\/fr\\\/?s={search_term_string}\"},\"query-input\":{\"@type\":\"PropertyValueSpecification\",\"valueRequired\":true,\"valueName\":\"search_term_string\"}}],\"inLanguage\":\"fr-FR\"},{\"@type\":\"Organization\",\"@id\":\"https:\\\/\\\/www.synergie.ca\\\/fr\\\/#organization\",\"name\":\"Synergie Canada\",\"url\":\"https:\\\/\\\/www.synergie.ca\\\/fr\\\/\",\"logo\":{\"@type\":\"ImageObject\",\"inLanguage\":\"fr-FR\",\"@id\":\"https:\\\/\\\/www.synergie.ca\\\/fr\\\/#\\\/schema\\\/logo\\\/image\\\/\",\"url\":\"https:\\\/\\\/www.synergie.ca\\\/wp-content\\\/uploads\\\/2025\\\/02\\\/LOGO_SYNERGIE_RVB-1.jpg\",\"contentUrl\":\"https:\\\/\\\/www.synergie.ca\\\/wp-content\\\/uploads\\\/2025\\\/02\\\/LOGO_SYNERGIE_RVB-1.jpg\",\"width\":1182,\"height\":1182,\"caption\":\"Synergie Canada\"},\"image\":{\"@id\":\"https:\\\/\\\/www.synergie.ca\\\/fr\\\/#\\\/schema\\\/logo\\\/image\\\/\"},\"sameAs\":[\"https:\\\/\\\/www.facebook.com\\\/Synergie.ca\",\"https:\\\/\\\/www.linkedin.com\\\/company\\\/synergiecanada\"]}]}<\/script>\n<!-- \/ Yoast SEO plugin. -->","yoast_head_json":{"title":"- Synergie","robots":{"index":"index","follow":"follow","max-snippet":"max-snippet:-1","max-image-preview":"max-image-preview:large","max-video-preview":"max-video-preview:-1"},"canonical":"https:\/\/www.synergie.ca\/fr\/employeurs\/travail-temporaire\/","og_locale":"fr_FR","og_type":"article","og_title":"- Synergie","og_description":"Travail temporaire La flexibilit\u00e9 au service de votre performance Dans un contexte \u00e9conomique en constante \u00e9volution, le recours au travail temporaire offre aux entreprises la flexibilit\u00e9 n\u00e9cessaire pour s&rsquo;adapter rapidement aux fluctuations de l&rsquo;activit\u00e9. Que ce soit pour faire face \u00e0 un surcro\u00eet de travail, remplacer un employ\u00e9 absent ou tester un poste avant une [&hellip;]","og_url":"https:\/\/www.synergie.ca\/fr\/employeurs\/travail-temporaire\/","og_site_name":"Synergie","article_publisher":"https:\/\/www.facebook.com\/Synergie.ca","article_modified_time":"2025-04-21T12:58:06+00:00","og_image":[{"url":"https:\/\/www.synergie.ca\/wp-content\/uploads\/2019\/06\/1267338.jpg","type":"","width":"","height":""}],"twitter_card":"summary_large_image","twitter_misc":{"Dur\u00e9e de lecture estim\u00e9e":"2 minutes"},"schema":{"@context":"https:\/\/schema.org","@graph":[{"@type":"WebPage","@id":"https:\/\/www.synergie.ca\/fr\/employeurs\/travail-temporaire\/","url":"https:\/\/www.synergie.ca\/fr\/employeurs\/travail-temporaire\/","name":"- Synergie","isPartOf":{"@id":"https:\/\/www.synergie.ca\/fr\/#website"},"primaryImageOfPage":{"@id":"https:\/\/www.synergie.ca\/fr\/employeurs\/travail-temporaire\/#primaryimage"},"image":{"@id":"https:\/\/www.synergie.ca\/fr\/employeurs\/travail-temporaire\/#primaryimage"},"thumbnailUrl":"https:\/\/www.synergie.ca\/wp-content\/uploads\/2019\/06\/1267338.jpg","datePublished":"2025-04-21T12:35:58+00:00","dateModified":"2025-04-21T12:58:06+00:00","breadcrumb":{"@id":"https:\/\/www.synergie.ca\/fr\/employeurs\/travail-temporaire\/#breadcrumb"},"inLanguage":"fr-FR","potentialAction":[{"@type":"ReadAction","target":["https:\/\/www.synergie.ca\/fr\/employeurs\/travail-temporaire\/"]}]},{"@type":"ImageObject","inLanguage":"fr-FR","@id":"https:\/\/www.synergie.ca\/fr\/employeurs\/travail-temporaire\/#primaryimage","url":"https:\/\/www.synergie.ca\/wp-content\/uploads\/2019\/06\/1267338.jpg","contentUrl":"https:\/\/www.synergie.ca\/wp-content\/uploads\/2019\/06\/1267338.jpg"},{"@type":"BreadcrumbList","@id":"https:\/\/www.synergie.ca\/fr\/employeurs\/travail-temporaire\/#breadcrumb","itemListElement":[{"@type":"ListItem","position":1,"name":"Home","item":"https:\/\/www.synergie.ca\/fr\/"},{"@type":"ListItem","position":2,"name":"Employeurs","item":"https:\/\/www.synergie.ca\/fr\/employeurs\/"},{"@type":"ListItem","position":3,"name":"Travail temporaire"}]},{"@type":"WebSite","@id":"https:\/\/www.synergie.ca\/fr\/#website","url":"https:\/\/www.synergie.ca\/fr\/","name":"Synergie","description":"","publisher":{"@id":"https:\/\/www.synergie.ca\/fr\/#organization"},"potentialAction":[{"@type":"SearchAction","target":{"@type":"EntryPoint","urlTemplate":"https:\/\/www.synergie.ca\/fr\/?s={search_term_string}"},"query-input":{"@type":"PropertyValueSpecification","valueRequired":true,"valueName":"search_term_string"}}],"inLanguage":"fr-FR"},{"@type":"Organization","@id":"https:\/\/www.synergie.ca\/fr\/#organization","name":"Synergie Canada","url":"https:\/\/www.synergie.ca\/fr\/","logo":{"@type":"ImageObject","inLanguage":"fr-FR","@id":"https:\/\/www.synergie.ca\/fr\/#\/schema\/logo\/image\/","url":"https:\/\/www.synergie.ca\/wp-content\/uploads\/2025\/02\/LOGO_SYNERGIE_RVB-1.jpg","contentUrl":"https:\/\/www.synergie.ca\/wp-content\/uploads\/2025\/02\/LOGO_SYNERGIE_RVB-1.jpg","width":1182,"height":1182,"caption":"Synergie Canada"},"image":{"@id":"https:\/\/www.synergie.ca\/fr\/#\/schema\/logo\/image\/"},"sameAs":["https:\/\/www.facebook.com\/Synergie.ca","https:\/\/www.linkedin.com\/company\/synergiecanada"]}]}},"_links":{"self":[{"href":"https:\/\/www.synergie.ca\/fr\/wp-json\/wp\/v2\/pages\/6985","targetHints":{"allow":["GET"]}}],"collection":[{"href":"https:\/\/www.synergie.ca\/fr\/wp-json\/wp\/v2\/pages"}],"about":[{"href":"https:\/\/www.synergie.ca\/fr\/wp-json\/wp\/v2\/types\/page"}],"author":[{"embeddable":true,"href":"https:\/\/www.synergie.ca\/fr\/wp-json\/wp\/v2\/users\/1"}],"replies":[{"embeddable":true,"href":"https:\/\/www.synergie.ca\/fr\/wp-json\/wp\/v2\/comments?post=6985"}],"version-history":[{"count":6,"href":"https:\/\/www.synergie.ca\/fr\/wp-json\/wp\/v2\/pages\/6985\/revisions"}],"predecessor-version":[{"id":7062,"href":"https:\/\/www.synergie.ca\/fr\/wp-json\/wp\/v2\/pages\/6985\/revisions\/7062"}],"up":[{"embeddable":true,"href":"https:\/\/www.synergie.ca\/fr\/wp-json\/wp\/v2\/pages\/109"}],"wp:attachment":[{"href":"https:\/\/www.synergie.ca\/fr\/wp-json\/wp\/v2\/media?parent=6985"}],"curies":[{"name":"wp","href":"https:\/\/api.w.org\/{rel}","templated":true}]}}