{"id":6989,"date":"2025-04-21T08:34:50","date_gmt":"2025-04-21T12:34:50","guid":{"rendered":"https:\/\/www.synergie.ca\/?page_id=6989"},"modified":"2025-04-21T08:51:40","modified_gmt":"2025-04-21T12:51:40","slug":"conseil-rh-formation","status":"publish","type":"page","link":"https:\/\/www.synergie.ca\/fr\/employeurs\/conseil-rh-formation\/","title":{"rendered":"Conseil RH &amp; formation"},"content":{"rendered":"\n<h2 class=\"wp-block-heading has-text-align-center\">Conseil RH &amp; formation<\/h2>\n\n\n\n<p class=\"has-text-align-left has-mdm-large-font-size\"><strong>Optimisez votre capital humain pour b\u00e2tir une organisation r\u00e9siliente et performante<\/strong>.<\/p>\n\n\n\n<p class=\"has-medium-font-size\">Dans un environnement en constante \u00e9volution, vos talents sont votre atout le plus pr\u00e9cieux. Nous vous accompagnons \u00e0 chaque \u00e9tape pour transformer vos pratiques RH en leviers de performance durable.<\/p>\n\n\n\n<div class=\"wp-block-buttons is-content-justification-center is-layout-flex wp-container-core-buttons-is-layout-a89b3969 wp-block-buttons-is-layout-flex\">\n<div class=\"wp-block-button\"><a class=\"wp-block-button__link has-custom-blanc-color has-custom-rouge-background-color has-text-color has-background has-link-color has-mdm-large-font-size has-text-align-center has-custom-font-size wp-element-button\">Contactez-nous d\u00e8s maintenant<\/a><\/div>\n<\/div>\n\n\n\n<p><\/p>\n\n\n\n<div class=\"wp-block-media-text has-media-on-the-right is-stacked-on-mobile\" style=\"margin-right:0;margin-left:0;grid-template-columns:auto 40%\"><div class=\"wp-block-media-text__content\">\n<p class=\"has-medium-font-size\"><strong><mark style=\"background-color:rgba(0, 0, 0, 0)\" class=\"has-inline-color has-custom-rouge-color\">Diagnostic et optimisation des processus RH<\/mark><\/strong><br>Nous r\u00e9alisons une analyse approfondie de vos pratiques et processus RH afin d\u2019identifier les forces, les axes d\u2019am\u00e9lioration et les opportunit\u00e9s d\u2019alignement strat\u00e9gique. Notre objectif : renforcer votre efficacit\u00e9 op\u00e9rationnelle et soutenir vos ambitions de croissance.\u200b<\/p>\n<\/div><figure class=\"wp-block-media-text__media\"><img decoding=\"async\" src=\"https:\/\/www.synergie.ca\/wp-content\/uploads\/2025\/02\/notebook-2386034_1280-1-1024x682.jpg\" alt=\"\" class=\"wp-image-6154 size-full\"\/><\/figure><\/div>\n\n\n\n<div class=\"wp-block-media-text is-stacked-on-mobile\" style=\"grid-template-columns:40% auto\"><figure class=\"wp-block-media-text__media\"><img loading=\"lazy\" decoding=\"async\" width=\"1024\" height=\"682\" src=\"https:\/\/www.synergie.ca\/wp-content\/uploads\/2025\/02\/notebook-2386034_1280-2-1024x682.jpg\" alt=\"\" class=\"wp-image-6394 size-full\" srcset=\"https:\/\/www.synergie.ca\/wp-content\/uploads\/2025\/02\/notebook-2386034_1280-2-1024x682.jpg 1024w, https:\/\/www.synergie.ca\/wp-content\/uploads\/2025\/02\/notebook-2386034_1280-2-300x200.jpg 300w, https:\/\/www.synergie.ca\/wp-content\/uploads\/2025\/02\/notebook-2386034_1280-2-768x512.jpg 768w, https:\/\/www.synergie.ca\/wp-content\/uploads\/2025\/02\/notebook-2386034_1280-2.jpg 1280w\" sizes=\"auto, (max-width: 1024px) 100vw, 1024px\" \/><\/figure><div class=\"wp-block-media-text__content\">\n<p class=\"has-medium-font-size\"><strong><mark style=\"background-color:rgba(0, 0, 0, 0)\" class=\"has-inline-color has-custom-rouge-color\">Attraction, r\u00e9tention et mobilisation des talents<\/mark><\/strong><br>Nous vous aidons \u00e0 b\u00e2tir une culture d\u2019entreprise forte et authentique, capable d\u2019attirer, de fid\u00e9liser et de mobiliser les talents cl\u00e9s. Gr\u00e2ce \u00e0 des strat\u00e9gies sur mesure, nous favorisons l\u2019engagement de vos \u00e9quipes et la p\u00e9rennit\u00e9 de vos ressources humaines.<\/p>\n<\/div><\/div>\n\n\n\n<div class=\"wp-block-media-text has-media-on-the-right is-stacked-on-mobile\" style=\"grid-template-columns:auto 40%\"><div class=\"wp-block-media-text__content\">\n<p class=\"has-medium-font-size\"><strong><mark style=\"background-color:rgba(0, 0, 0, 0)\" class=\"has-inline-color has-custom-rouge-color\">Accompagnement strat\u00e9gique<\/mark><\/strong><br>Que ce soit pour la gestion du changement, la planification de la rel\u00e8ve ou la r\u00e9solution de conflits, nous sommes \u00e0 vos c\u00f4t\u00e9s pour naviguer avec succ\u00e8s \u00e0 travers les d\u00e9fis organisationnels. Notre expertise vous permet de transformer les transitions en opportunit\u00e9s de d\u00e9veloppement.<\/p>\n<\/div><figure class=\"wp-block-media-text__media\"><img loading=\"lazy\" decoding=\"async\" width=\"1024\" height=\"682\" src=\"https:\/\/www.synergie.ca\/wp-content\/uploads\/2019\/12\/hands-1445244_1280-1024x682.jpg\" alt=\"\" class=\"wp-image-6904 size-full\" srcset=\"https:\/\/www.synergie.ca\/wp-content\/uploads\/2019\/12\/hands-1445244_1280-1024x682.jpg 1024w, https:\/\/www.synergie.ca\/wp-content\/uploads\/2019\/12\/hands-1445244_1280-300x200.jpg 300w, https:\/\/www.synergie.ca\/wp-content\/uploads\/2019\/12\/hands-1445244_1280-768x512.jpg 768w, https:\/\/www.synergie.ca\/wp-content\/uploads\/2019\/12\/hands-1445244_1280.jpg 1280w\" sizes=\"auto, (max-width: 1024px) 100vw, 1024px\" \/><\/figure><\/div>\n\n\n\n<h3 class=\"wp-block-heading has-text-align-left has-mdm-large-font-size\"><strong>D\u00e9veloppez les comp\u00e9tences qui propulsent votre organisation<\/strong><\/h3>\n\n\n\n<p class=\"has-medium-font-size\">Dans un monde professionnel en constante \u00e9volution, la formation continue est un levier essentiel pour renforcer le leadership, stimuler l&rsquo;engagement des \u00e9quipes et assurer une croissance durable. Nous concevons des parcours de formation sur mesure, align\u00e9s sur vos enjeux strat\u00e9giques et adapt\u00e9s \u00e0 la r\u00e9alit\u00e9 de vos gestionnaires.<\/p>\n\n\n\n<div class=\"wp-block-buttons is-content-justification-center is-layout-flex wp-container-core-buttons-is-layout-a89b3969 wp-block-buttons-is-layout-flex\">\n<div class=\"wp-block-button\"><a class=\"wp-block-button__link has-custom-blanc-color has-custom-rouge-background-color has-text-color has-background has-link-color has-mdm-large-font-size has-custom-font-size wp-element-button\" href=\"https:\/\/www.synergie.ca\/fr\/employeurs\/demande-de-soumission\/\">Contactez-nous d\u00e8s maintenant<\/a><\/div>\n<\/div>\n\n\n\n<p><\/p>\n\n\n\n<div class=\"wp-block-media-text is-stacked-on-mobile\" style=\"grid-template-columns:40% auto\"><figure class=\"wp-block-media-text__media\"><img loading=\"lazy\" decoding=\"async\" width=\"1024\" height=\"640\" src=\"https:\/\/www.synergie.ca\/wp-content\/uploads\/2025\/04\/meeting-2284501_1280-1024x640.jpg\" alt=\"\" class=\"wp-image-7005 size-full\" srcset=\"https:\/\/www.synergie.ca\/wp-content\/uploads\/2025\/04\/meeting-2284501_1280-1024x640.jpg 1024w, https:\/\/www.synergie.ca\/wp-content\/uploads\/2025\/04\/meeting-2284501_1280-300x188.jpg 300w, https:\/\/www.synergie.ca\/wp-content\/uploads\/2025\/04\/meeting-2284501_1280-768x480.jpg 768w, https:\/\/www.synergie.ca\/wp-content\/uploads\/2025\/04\/meeting-2284501_1280.jpg 1280w\" sizes=\"auto, (max-width: 1024px) 100vw, 1024px\" \/><\/figure><div class=\"wp-block-media-text__content\">\n<p><strong><mark style=\"background-color:rgba(0, 0, 0, 0)\" class=\"has-inline-color has-custom-rouge-color\">Leadership et gestion du changement<\/mark><\/strong><\/p>\n\n\n\n<p>Pr\u00e9parez vos leaders \u00e0 piloter le changement avec agilit\u00e9. Nos formations renforcent leurs comp\u00e9tences en communication, en prise de d\u00e9cision et en gestion des transitions organisationnelles.<\/p>\n<\/div><\/div>\n\n\n\n<div class=\"wp-block-media-text has-media-on-the-right is-stacked-on-mobile\" style=\"grid-template-columns:auto 40%\"><div class=\"wp-block-media-text__content\">\n<p><strong><mark style=\"background-color:rgba(0, 0, 0, 0)\" class=\"has-inline-color has-custom-rouge-color\">D\u00e9veloppement des comp\u00e9tences manag\u00e9riales<\/mark><\/strong><\/p>\n\n\n\n<p>Accompagnez vos gestionnaires dans l&rsquo;acquisition des outils et des m\u00e9thodes n\u00e9cessaires pour diriger efficacement leurs \u00e9quipes. Nos programmes couvrent la d\u00e9l\u00e9gation, la motivation, la r\u00e9solution de conflits et la gestion de la performance.<\/p>\n<\/div><figure class=\"wp-block-media-text__media\"><img loading=\"lazy\" decoding=\"async\" width=\"1024\" height=\"646\" src=\"https:\/\/www.synergie.ca\/wp-content\/uploads\/2025\/04\/teamwork-3213924_1280-1024x646.jpg\" alt=\"\" class=\"wp-image-7007 size-full\" srcset=\"https:\/\/www.synergie.ca\/wp-content\/uploads\/2025\/04\/teamwork-3213924_1280-1024x646.jpg 1024w, https:\/\/www.synergie.ca\/wp-content\/uploads\/2025\/04\/teamwork-3213924_1280-300x189.jpg 300w, https:\/\/www.synergie.ca\/wp-content\/uploads\/2025\/04\/teamwork-3213924_1280-768x484.jpg 768w, https:\/\/www.synergie.ca\/wp-content\/uploads\/2025\/04\/teamwork-3213924_1280.jpg 1280w\" sizes=\"auto, (max-width: 1024px) 100vw, 1024px\" \/><\/figure><\/div>\n\n\n\n<div class=\"wp-block-media-text is-stacked-on-mobile\" style=\"grid-template-columns:40% auto\"><figure class=\"wp-block-media-text__media\"><img loading=\"lazy\" decoding=\"async\" width=\"1024\" height=\"682\" src=\"https:\/\/www.synergie.ca\/wp-content\/uploads\/2025\/04\/laptop-3196481_1280-1024x682.jpg\" alt=\"\" class=\"wp-image-7003 size-full\" srcset=\"https:\/\/www.synergie.ca\/wp-content\/uploads\/2025\/04\/laptop-3196481_1280-1024x682.jpg 1024w, https:\/\/www.synergie.ca\/wp-content\/uploads\/2025\/04\/laptop-3196481_1280-300x200.jpg 300w, https:\/\/www.synergie.ca\/wp-content\/uploads\/2025\/04\/laptop-3196481_1280-768x512.jpg 768w, https:\/\/www.synergie.ca\/wp-content\/uploads\/2025\/04\/laptop-3196481_1280.jpg 1280w\" sizes=\"auto, (max-width: 1024px) 100vw, 1024px\" \/><\/figure><div class=\"wp-block-media-text__content\">\n<p><strong><mark style=\"background-color:rgba(0, 0, 0, 0)\" class=\"has-inline-color has-custom-rouge-color\">Culture d&rsquo;entreprise et mobilisation des talents<\/mark><\/strong><\/p>\n\n\n\n<p>Rassemblez vos \u00e9quipes autour de valeurs communes et d&rsquo;une vision partag\u00e9e. Nous vous aidons \u00e0 b\u00e2tir une culture d&rsquo;entreprise forte, propice \u00e0 l&rsquo;engagement et \u00e0 la r\u00e9tention des talents.<\/p>\n<\/div><\/div>\n\n\n\n<p><\/p>\n\n\n\n<div class=\"wp-block-buttons is-content-justification-center is-layout-flex wp-container-core-buttons-is-layout-a89b3969 wp-block-buttons-is-layout-flex\">\n<div class=\"wp-block-button\"><a class=\"wp-block-button__link has-custom-blanc-color has-custom-rouge-background-color has-text-color has-background has-link-color has-mdm-large-font-size has-custom-font-size wp-element-button\" href=\"https:\/\/www.synergie.ca\/fr\/employeurs\/demande-de-soumission\/\">Contactez-nous d\u00e8s maintenant<\/a><\/div>\n<\/div>\n\n\n\n<p><\/p>\n\n\n\n<p><\/p>\n","protected":false},"excerpt":{"rendered":"<p>Conseil RH &amp; formation Optimisez votre capital humain pour b\u00e2tir une organisation r\u00e9siliente et performante. Dans un environnement en constante \u00e9volution, vos talents sont votre atout le plus pr\u00e9cieux. Nous vous accompagnons \u00e0 chaque \u00e9tape pour transformer vos pratiques RH en leviers de performance durable. Diagnostic et optimisation des processus RHNous r\u00e9alisons une analyse approfondie [&hellip;]<\/p>\n","protected":false},"author":1,"featured_media":0,"parent":109,"menu_order":0,"comment_status":"closed","ping_status":"closed","template":"","meta":{"footnotes":""},"class_list":["post-6989","page","type-page","status-publish","hentry"],"yoast_head":"<!-- This site is optimized with the Yoast SEO plugin v27.5 - https:\/\/yoast.com\/product\/yoast-seo-wordpress\/ -->\n<title>- Synergie<\/title>\n<meta name=\"robots\" content=\"index, follow, max-snippet:-1, max-image-preview:large, max-video-preview:-1\" \/>\n<link rel=\"canonical\" href=\"https:\/\/www.synergie.ca\/fr\/employeurs\/conseil-rh-formation\/\" \/>\n<meta property=\"og:locale\" content=\"fr_FR\" \/>\n<meta property=\"og:type\" content=\"article\" \/>\n<meta property=\"og:title\" content=\"- Synergie\" \/>\n<meta property=\"og:description\" content=\"Conseil RH &amp; formation Optimisez votre capital humain pour b\u00e2tir une organisation r\u00e9siliente et performante. Dans un environnement en constante \u00e9volution, vos talents sont votre atout le plus pr\u00e9cieux. Nous vous accompagnons \u00e0 chaque \u00e9tape pour transformer vos pratiques RH en leviers de performance durable. Diagnostic et optimisation des processus RHNous r\u00e9alisons une analyse approfondie [&hellip;]\" \/>\n<meta property=\"og:url\" content=\"https:\/\/www.synergie.ca\/fr\/employeurs\/conseil-rh-formation\/\" \/>\n<meta property=\"og:site_name\" content=\"Synergie\" \/>\n<meta property=\"article:publisher\" content=\"https:\/\/www.facebook.com\/Synergie.ca\" \/>\n<meta property=\"article:modified_time\" content=\"2025-04-21T12:51:40+00:00\" \/>\n<meta property=\"og:image\" content=\"https:\/\/www.synergie.ca\/wp-content\/uploads\/2025\/02\/notebook-2386034_1280-1-1024x682.jpg\" \/>\n<meta name=\"twitter:card\" content=\"summary_large_image\" \/>\n<meta name=\"twitter:label1\" content=\"Dur\u00e9e de lecture estim\u00e9e\" \/>\n\t<meta name=\"twitter:data1\" content=\"3 minutes\" \/>\n<script type=\"application\/ld+json\" class=\"yoast-schema-graph\">{\"@context\":\"https:\\\/\\\/schema.org\",\"@graph\":[{\"@type\":\"WebPage\",\"@id\":\"https:\\\/\\\/www.synergie.ca\\\/fr\\\/employeurs\\\/conseil-rh-formation\\\/\",\"url\":\"https:\\\/\\\/www.synergie.ca\\\/fr\\\/employeurs\\\/conseil-rh-formation\\\/\",\"name\":\"- Synergie\",\"isPartOf\":{\"@id\":\"https:\\\/\\\/www.synergie.ca\\\/fr\\\/#website\"},\"primaryImageOfPage\":{\"@id\":\"https:\\\/\\\/www.synergie.ca\\\/fr\\\/employeurs\\\/conseil-rh-formation\\\/#primaryimage\"},\"image\":{\"@id\":\"https:\\\/\\\/www.synergie.ca\\\/fr\\\/employeurs\\\/conseil-rh-formation\\\/#primaryimage\"},\"thumbnailUrl\":\"https:\\\/\\\/www.synergie.ca\\\/wp-content\\\/uploads\\\/2025\\\/02\\\/notebook-2386034_1280-1-1024x682.jpg\",\"datePublished\":\"2025-04-21T12:34:50+00:00\",\"dateModified\":\"2025-04-21T12:51:40+00:00\",\"breadcrumb\":{\"@id\":\"https:\\\/\\\/www.synergie.ca\\\/fr\\\/employeurs\\\/conseil-rh-formation\\\/#breadcrumb\"},\"inLanguage\":\"fr-FR\",\"potentialAction\":[{\"@type\":\"ReadAction\",\"target\":[\"https:\\\/\\\/www.synergie.ca\\\/fr\\\/employeurs\\\/conseil-rh-formation\\\/\"]}]},{\"@type\":\"ImageObject\",\"inLanguage\":\"fr-FR\",\"@id\":\"https:\\\/\\\/www.synergie.ca\\\/fr\\\/employeurs\\\/conseil-rh-formation\\\/#primaryimage\",\"url\":\"https:\\\/\\\/www.synergie.ca\\\/wp-content\\\/uploads\\\/2025\\\/02\\\/notebook-2386034_1280-1-1024x682.jpg\",\"contentUrl\":\"https:\\\/\\\/www.synergie.ca\\\/wp-content\\\/uploads\\\/2025\\\/02\\\/notebook-2386034_1280-1-1024x682.jpg\"},{\"@type\":\"BreadcrumbList\",\"@id\":\"https:\\\/\\\/www.synergie.ca\\\/fr\\\/employeurs\\\/conseil-rh-formation\\\/#breadcrumb\",\"itemListElement\":[{\"@type\":\"ListItem\",\"position\":1,\"name\":\"Home\",\"item\":\"https:\\\/\\\/www.synergie.ca\\\/fr\\\/\"},{\"@type\":\"ListItem\",\"position\":2,\"name\":\"Employeurs\",\"item\":\"https:\\\/\\\/www.synergie.ca\\\/fr\\\/employeurs\\\/\"},{\"@type\":\"ListItem\",\"position\":3,\"name\":\"Conseil RH &amp; formation\"}]},{\"@type\":\"WebSite\",\"@id\":\"https:\\\/\\\/www.synergie.ca\\\/fr\\\/#website\",\"url\":\"https:\\\/\\\/www.synergie.ca\\\/fr\\\/\",\"name\":\"Synergie\",\"description\":\"\",\"publisher\":{\"@id\":\"https:\\\/\\\/www.synergie.ca\\\/fr\\\/#organization\"},\"potentialAction\":[{\"@type\":\"SearchAction\",\"target\":{\"@type\":\"EntryPoint\",\"urlTemplate\":\"https:\\\/\\\/www.synergie.ca\\\/fr\\\/?s={search_term_string}\"},\"query-input\":{\"@type\":\"PropertyValueSpecification\",\"valueRequired\":true,\"valueName\":\"search_term_string\"}}],\"inLanguage\":\"fr-FR\"},{\"@type\":\"Organization\",\"@id\":\"https:\\\/\\\/www.synergie.ca\\\/fr\\\/#organization\",\"name\":\"Synergie Canada\",\"url\":\"https:\\\/\\\/www.synergie.ca\\\/fr\\\/\",\"logo\":{\"@type\":\"ImageObject\",\"inLanguage\":\"fr-FR\",\"@id\":\"https:\\\/\\\/www.synergie.ca\\\/fr\\\/#\\\/schema\\\/logo\\\/image\\\/\",\"url\":\"https:\\\/\\\/www.synergie.ca\\\/wp-content\\\/uploads\\\/2025\\\/02\\\/LOGO_SYNERGIE_RVB-1.jpg\",\"contentUrl\":\"https:\\\/\\\/www.synergie.ca\\\/wp-content\\\/uploads\\\/2025\\\/02\\\/LOGO_SYNERGIE_RVB-1.jpg\",\"width\":1182,\"height\":1182,\"caption\":\"Synergie Canada\"},\"image\":{\"@id\":\"https:\\\/\\\/www.synergie.ca\\\/fr\\\/#\\\/schema\\\/logo\\\/image\\\/\"},\"sameAs\":[\"https:\\\/\\\/www.facebook.com\\\/Synergie.ca\",\"https:\\\/\\\/www.linkedin.com\\\/company\\\/synergiecanada\"]}]}<\/script>\n<!-- \/ Yoast SEO plugin. -->","yoast_head_json":{"title":"- Synergie","robots":{"index":"index","follow":"follow","max-snippet":"max-snippet:-1","max-image-preview":"max-image-preview:large","max-video-preview":"max-video-preview:-1"},"canonical":"https:\/\/www.synergie.ca\/fr\/employeurs\/conseil-rh-formation\/","og_locale":"fr_FR","og_type":"article","og_title":"- Synergie","og_description":"Conseil RH &amp; formation Optimisez votre capital humain pour b\u00e2tir une organisation r\u00e9siliente et performante. Dans un environnement en constante \u00e9volution, vos talents sont votre atout le plus pr\u00e9cieux. Nous vous accompagnons \u00e0 chaque \u00e9tape pour transformer vos pratiques RH en leviers de performance durable. Diagnostic et optimisation des processus RHNous r\u00e9alisons une analyse approfondie [&hellip;]","og_url":"https:\/\/www.synergie.ca\/fr\/employeurs\/conseil-rh-formation\/","og_site_name":"Synergie","article_publisher":"https:\/\/www.facebook.com\/Synergie.ca","article_modified_time":"2025-04-21T12:51:40+00:00","og_image":[{"url":"https:\/\/www.synergie.ca\/wp-content\/uploads\/2025\/02\/notebook-2386034_1280-1-1024x682.jpg","type":"","width":"","height":""}],"twitter_card":"summary_large_image","twitter_misc":{"Dur\u00e9e de lecture estim\u00e9e":"3 minutes"},"schema":{"@context":"https:\/\/schema.org","@graph":[{"@type":"WebPage","@id":"https:\/\/www.synergie.ca\/fr\/employeurs\/conseil-rh-formation\/","url":"https:\/\/www.synergie.ca\/fr\/employeurs\/conseil-rh-formation\/","name":"- Synergie","isPartOf":{"@id":"https:\/\/www.synergie.ca\/fr\/#website"},"primaryImageOfPage":{"@id":"https:\/\/www.synergie.ca\/fr\/employeurs\/conseil-rh-formation\/#primaryimage"},"image":{"@id":"https:\/\/www.synergie.ca\/fr\/employeurs\/conseil-rh-formation\/#primaryimage"},"thumbnailUrl":"https:\/\/www.synergie.ca\/wp-content\/uploads\/2025\/02\/notebook-2386034_1280-1-1024x682.jpg","datePublished":"2025-04-21T12:34:50+00:00","dateModified":"2025-04-21T12:51:40+00:00","breadcrumb":{"@id":"https:\/\/www.synergie.ca\/fr\/employeurs\/conseil-rh-formation\/#breadcrumb"},"inLanguage":"fr-FR","potentialAction":[{"@type":"ReadAction","target":["https:\/\/www.synergie.ca\/fr\/employeurs\/conseil-rh-formation\/"]}]},{"@type":"ImageObject","inLanguage":"fr-FR","@id":"https:\/\/www.synergie.ca\/fr\/employeurs\/conseil-rh-formation\/#primaryimage","url":"https:\/\/www.synergie.ca\/wp-content\/uploads\/2025\/02\/notebook-2386034_1280-1-1024x682.jpg","contentUrl":"https:\/\/www.synergie.ca\/wp-content\/uploads\/2025\/02\/notebook-2386034_1280-1-1024x682.jpg"},{"@type":"BreadcrumbList","@id":"https:\/\/www.synergie.ca\/fr\/employeurs\/conseil-rh-formation\/#breadcrumb","itemListElement":[{"@type":"ListItem","position":1,"name":"Home","item":"https:\/\/www.synergie.ca\/fr\/"},{"@type":"ListItem","position":2,"name":"Employeurs","item":"https:\/\/www.synergie.ca\/fr\/employeurs\/"},{"@type":"ListItem","position":3,"name":"Conseil RH &amp; formation"}]},{"@type":"WebSite","@id":"https:\/\/www.synergie.ca\/fr\/#website","url":"https:\/\/www.synergie.ca\/fr\/","name":"Synergie","description":"","publisher":{"@id":"https:\/\/www.synergie.ca\/fr\/#organization"},"potentialAction":[{"@type":"SearchAction","target":{"@type":"EntryPoint","urlTemplate":"https:\/\/www.synergie.ca\/fr\/?s={search_term_string}"},"query-input":{"@type":"PropertyValueSpecification","valueRequired":true,"valueName":"search_term_string"}}],"inLanguage":"fr-FR"},{"@type":"Organization","@id":"https:\/\/www.synergie.ca\/fr\/#organization","name":"Synergie Canada","url":"https:\/\/www.synergie.ca\/fr\/","logo":{"@type":"ImageObject","inLanguage":"fr-FR","@id":"https:\/\/www.synergie.ca\/fr\/#\/schema\/logo\/image\/","url":"https:\/\/www.synergie.ca\/wp-content\/uploads\/2025\/02\/LOGO_SYNERGIE_RVB-1.jpg","contentUrl":"https:\/\/www.synergie.ca\/wp-content\/uploads\/2025\/02\/LOGO_SYNERGIE_RVB-1.jpg","width":1182,"height":1182,"caption":"Synergie Canada"},"image":{"@id":"https:\/\/www.synergie.ca\/fr\/#\/schema\/logo\/image\/"},"sameAs":["https:\/\/www.facebook.com\/Synergie.ca","https:\/\/www.linkedin.com\/company\/synergiecanada"]}]}},"_links":{"self":[{"href":"https:\/\/www.synergie.ca\/fr\/wp-json\/wp\/v2\/pages\/6989","targetHints":{"allow":["GET"]}}],"collection":[{"href":"https:\/\/www.synergie.ca\/fr\/wp-json\/wp\/v2\/pages"}],"about":[{"href":"https:\/\/www.synergie.ca\/fr\/wp-json\/wp\/v2\/types\/page"}],"author":[{"embeddable":true,"href":"https:\/\/www.synergie.ca\/fr\/wp-json\/wp\/v2\/users\/1"}],"replies":[{"embeddable":true,"href":"https:\/\/www.synergie.ca\/fr\/wp-json\/wp\/v2\/comments?post=6989"}],"version-history":[{"count":5,"href":"https:\/\/www.synergie.ca\/fr\/wp-json\/wp\/v2\/pages\/6989\/revisions"}],"predecessor-version":[{"id":7054,"href":"https:\/\/www.synergie.ca\/fr\/wp-json\/wp\/v2\/pages\/6989\/revisions\/7054"}],"up":[{"embeddable":true,"href":"https:\/\/www.synergie.ca\/fr\/wp-json\/wp\/v2\/pages\/109"}],"wp:attachment":[{"href":"https:\/\/www.synergie.ca\/fr\/wp-json\/wp\/v2\/media?parent=6989"}],"curies":[{"name":"wp","href":"https:\/\/api.w.org\/{rel}","templated":true}]}}