{"id":6991,"date":"2025-04-21T08:34:42","date_gmt":"2025-04-21T12:34:42","guid":{"rendered":"https:\/\/www.synergie.ca\/?page_id=6991"},"modified":"2025-04-21T08:52:46","modified_gmt":"2025-04-21T12:52:46","slug":"externalisation-du-recrutement","status":"publish","type":"page","link":"https:\/\/www.synergie.ca\/fr\/employeurs\/externalisation-du-recrutement\/","title":{"rendered":"Externalisation du recrutement"},"content":{"rendered":"\n<h2 class=\"wp-block-heading has-text-align-center\">Externalisation du recrutement<\/h2>\n\n\n\n<h3 class=\"wp-block-heading\"><strong>Une solution sur mesure pour optimiser vos ressources<\/strong><\/h3>\n\n\n\n<p>Dans un march\u00e9 de l\u2019emploi en constante \u00e9volution, attirer et s\u00e9lectionner les meilleurs talents n\u00e9cessite du temps, des ressources et une expertise pointue. En externalisant tout ou partie de votre processus de recrutement, vous b\u00e9n\u00e9ficiez d\u2019un accompagnement strat\u00e9gique, d\u2019outils performants et d\u2019un acc\u00e8s privil\u00e9gi\u00e9 \u00e0 des candidats de qualit\u00e9, tout en vous concentrant sur votre c\u0153ur d\u2019activit\u00e9.<\/p>\n\n\n\n<p><\/p>\n\n\n\n<div class=\"wp-block-buttons is-content-justification-center is-layout-flex wp-container-core-buttons-is-layout-a89b3969 wp-block-buttons-is-layout-flex\">\n<div class=\"wp-block-button\"><a class=\"wp-block-button__link has-custom-blanc-color has-custom-rouge-background-color has-text-color has-background has-link-color has-mdm-large-font-size has-custom-font-size wp-element-button\" href=\"https:\/\/www.synergie.ca\/fr\/employeurs\/demande-de-soumission\/\">Contactez-nous d\u00e8s maintenant<\/a><\/div>\n<\/div>\n\n\n\n<div class=\"wp-block-media-text has-media-on-the-right is-stacked-on-mobile\" style=\"grid-template-columns:auto 40%\"><div class=\"wp-block-media-text__content\">\n<p class=\"has-medium-font-size\"><strong><mark style=\"background-color:rgba(0, 0, 0, 0)\" class=\"has-inline-color has-custom-rouge-color\">Une approche personnalis\u00e9e<\/mark><\/strong><\/p>\n\n\n\n<p class=\"has-medium-font-size\">Que vous ayez un besoin ponctuel ou souhaitiez d\u00e9l\u00e9guer l&rsquo;ensemble de votre processus de recrutement, nous adaptons nos strat\u00e9gies \u00e0 votre r\u00e9alit\u00e9 d\u2019affaires. Notre flexibilit\u00e9 nous permet de r\u00e9pondre efficacement \u00e0 vos exigences sp\u00e9cifiques.<\/p>\n<\/div><figure class=\"wp-block-media-text__media\"><img loading=\"lazy\" decoding=\"async\" width=\"1024\" height=\"682\" src=\"https:\/\/www.synergie.ca\/wp-content\/uploads\/2025\/02\/image-homme-de-carriere-1024x682.jpg\" alt=\"\" class=\"wp-image-6160 size-full\" srcset=\"https:\/\/www.synergie.ca\/wp-content\/uploads\/2025\/02\/image-homme-de-carriere-1024x682.jpg 1024w, https:\/\/www.synergie.ca\/wp-content\/uploads\/2025\/02\/image-homme-de-carriere-300x200.jpg 300w, https:\/\/www.synergie.ca\/wp-content\/uploads\/2025\/02\/image-homme-de-carriere-768x511.jpg 768w, https:\/\/www.synergie.ca\/wp-content\/uploads\/2025\/02\/image-homme-de-carriere-1536x1022.jpg 1536w, https:\/\/www.synergie.ca\/wp-content\/uploads\/2025\/02\/image-homme-de-carriere-2048x1363.jpg 2048w\" sizes=\"auto, (max-width: 1024px) 100vw, 1024px\" \/><\/figure><\/div>\n\n\n\n<div class=\"wp-block-media-text is-stacked-on-mobile\" style=\"grid-template-columns:40% auto\"><figure class=\"wp-block-media-text__media\"><img loading=\"lazy\" decoding=\"async\" width=\"1024\" height=\"701\" src=\"https:\/\/www.synergie.ca\/wp-content\/uploads\/2025\/02\/business-8812043_1280-1024x701.jpg\" alt=\"\" class=\"wp-image-6314 size-full\" srcset=\"https:\/\/www.synergie.ca\/wp-content\/uploads\/2025\/02\/business-8812043_1280-1024x701.jpg 1024w, https:\/\/www.synergie.ca\/wp-content\/uploads\/2025\/02\/business-8812043_1280-300x205.jpg 300w, https:\/\/www.synergie.ca\/wp-content\/uploads\/2025\/02\/business-8812043_1280-768x526.jpg 768w, https:\/\/www.synergie.ca\/wp-content\/uploads\/2025\/02\/business-8812043_1280.jpg 1280w\" sizes=\"auto, (max-width: 1024px) 100vw, 1024px\" \/><\/figure><div class=\"wp-block-media-text__content\">\n<p><strong><mark style=\"background-color:rgba(0, 0, 0, 0)\" class=\"has-inline-color has-custom-rouge-color\">Un acc\u00e8s privil\u00e9gi\u00e9 aux meilleurs talents<\/mark><\/strong><\/p>\n\n\n\n<p>Gr\u00e2ce \u00e0 notre expertise en sourcing et \u00e0 notre r\u00e9seau \u00e9tendu, nous identifions rapidement les candidats qui correspondent \u00e0 vos attentes. Notre approche proactive nous permet de rep\u00e9rer des profils de qualit\u00e9, souvent en dehors des canaux de recrutement traditionnels.<\/p>\n<\/div><\/div>\n\n\n\n<div class=\"wp-block-media-text has-media-on-the-right is-stacked-on-mobile\" style=\"grid-template-columns:auto 40%\"><div class=\"wp-block-media-text__content\">\n<p><strong><mark style=\"background-color:rgba(0, 0, 0, 0)\" class=\"has-inline-color has-custom-rouge-color\">Efficacit\u00e9 et optimisation des ressources<\/mark><\/strong><\/p>\n\n\n\n<p>En nous confiant votre recrutement, vous r\u00e9duisez vos d\u00e9lais d\u2019embauche et optimisez vos ressources internes. Notre processus structur\u00e9 et notre expertise vous garantissent une efficacit\u00e9 accrue et une meilleure allocation de vos ressources.<\/p>\n<\/div><figure class=\"wp-block-media-text__media\"><img loading=\"lazy\" decoding=\"async\" width=\"1024\" height=\"683\" src=\"https:\/\/www.synergie.ca\/wp-content\/uploads\/2025\/02\/business-g3eb11b797_1920-1024x683.jpg\" alt=\"\" class=\"wp-image-6033 size-full\" srcset=\"https:\/\/www.synergie.ca\/wp-content\/uploads\/2025\/02\/business-g3eb11b797_1920-1024x683.jpg 1024w, https:\/\/www.synergie.ca\/wp-content\/uploads\/2025\/02\/business-g3eb11b797_1920-300x200.jpg 300w, https:\/\/www.synergie.ca\/wp-content\/uploads\/2025\/02\/business-g3eb11b797_1920-768x512.jpg 768w, https:\/\/www.synergie.ca\/wp-content\/uploads\/2025\/02\/business-g3eb11b797_1920-1536x1024.jpg 1536w, https:\/\/www.synergie.ca\/wp-content\/uploads\/2025\/02\/business-g3eb11b797_1920.jpg 1920w\" sizes=\"auto, (max-width: 1024px) 100vw, 1024px\" \/><\/figure><\/div>\n\n\n\n<p><\/p>\n\n\n\n<div class=\"wp-block-buttons is-content-justification-center is-layout-flex wp-container-core-buttons-is-layout-a89b3969 wp-block-buttons-is-layout-flex\">\n<div class=\"wp-block-button\"><a class=\"wp-block-button__link has-custom-blanc-color has-custom-rouge-background-color has-text-color has-background has-link-color has-mdm-large-font-size has-custom-font-size wp-element-button\" href=\"https:\/\/www.synergie.ca\/fr\/employeurs\/demande-de-soumission\/\">Contactez-nous d\u00e8s maintenant<\/a><\/div>\n<\/div>\n\n\n\n<p><\/p>\n","protected":false},"excerpt":{"rendered":"<p>Externalisation du recrutement Une solution sur mesure pour optimiser vos ressources Dans un march\u00e9 de l\u2019emploi en constante \u00e9volution, attirer et s\u00e9lectionner les meilleurs talents n\u00e9cessite du temps, des ressources et une expertise pointue. En externalisant tout ou partie de votre processus de recrutement, vous b\u00e9n\u00e9ficiez d\u2019un accompagnement strat\u00e9gique, d\u2019outils performants et d\u2019un acc\u00e8s privil\u00e9gi\u00e9 [&hellip;]<\/p>\n","protected":false},"author":1,"featured_media":0,"parent":109,"menu_order":0,"comment_status":"closed","ping_status":"closed","template":"","meta":{"footnotes":""},"class_list":["post-6991","page","type-page","status-publish","hentry"],"yoast_head":"<!-- This site is optimized with the Yoast SEO plugin v27.4 - https:\/\/yoast.com\/product\/yoast-seo-wordpress\/ -->\n<title>- Synergie<\/title>\n<meta name=\"robots\" content=\"index, follow, max-snippet:-1, max-image-preview:large, max-video-preview:-1\" \/>\n<link rel=\"canonical\" href=\"https:\/\/www.synergie.ca\/fr\/employeurs\/externalisation-du-recrutement\/\" \/>\n<meta property=\"og:locale\" content=\"fr_FR\" \/>\n<meta property=\"og:type\" content=\"article\" \/>\n<meta property=\"og:title\" content=\"- Synergie\" \/>\n<meta property=\"og:description\" content=\"Externalisation du recrutement Une solution sur mesure pour optimiser vos ressources Dans un march\u00e9 de l\u2019emploi en constante \u00e9volution, attirer et s\u00e9lectionner les meilleurs talents n\u00e9cessite du temps, des ressources et une expertise pointue. En externalisant tout ou partie de votre processus de recrutement, vous b\u00e9n\u00e9ficiez d\u2019un accompagnement strat\u00e9gique, d\u2019outils performants et d\u2019un acc\u00e8s privil\u00e9gi\u00e9 [&hellip;]\" \/>\n<meta property=\"og:url\" content=\"https:\/\/www.synergie.ca\/fr\/employeurs\/externalisation-du-recrutement\/\" \/>\n<meta property=\"og:site_name\" content=\"Synergie\" \/>\n<meta property=\"article:publisher\" content=\"https:\/\/www.facebook.com\/Synergie.ca\" \/>\n<meta property=\"article:modified_time\" content=\"2025-04-21T12:52:46+00:00\" \/>\n<meta property=\"og:image\" content=\"https:\/\/www.synergie.ca\/wp-content\/uploads\/2025\/02\/image-homme-de-carriere-1024x682.jpg\" \/>\n<meta name=\"twitter:card\" content=\"summary_large_image\" \/>\n<meta name=\"twitter:label1\" content=\"Dur\u00e9e de lecture estim\u00e9e\" \/>\n\t<meta name=\"twitter:data1\" content=\"2 minutes\" \/>\n<script type=\"application\/ld+json\" class=\"yoast-schema-graph\">{\"@context\":\"https:\\\/\\\/schema.org\",\"@graph\":[{\"@type\":\"WebPage\",\"@id\":\"https:\\\/\\\/www.synergie.ca\\\/fr\\\/employeurs\\\/externalisation-du-recrutement\\\/\",\"url\":\"https:\\\/\\\/www.synergie.ca\\\/fr\\\/employeurs\\\/externalisation-du-recrutement\\\/\",\"name\":\"- Synergie\",\"isPartOf\":{\"@id\":\"https:\\\/\\\/www.synergie.ca\\\/fr\\\/#website\"},\"primaryImageOfPage\":{\"@id\":\"https:\\\/\\\/www.synergie.ca\\\/fr\\\/employeurs\\\/externalisation-du-recrutement\\\/#primaryimage\"},\"image\":{\"@id\":\"https:\\\/\\\/www.synergie.ca\\\/fr\\\/employeurs\\\/externalisation-du-recrutement\\\/#primaryimage\"},\"thumbnailUrl\":\"https:\\\/\\\/www.synergie.ca\\\/wp-content\\\/uploads\\\/2025\\\/02\\\/image-homme-de-carriere-1024x682.jpg\",\"datePublished\":\"2025-04-21T12:34:42+00:00\",\"dateModified\":\"2025-04-21T12:52:46+00:00\",\"breadcrumb\":{\"@id\":\"https:\\\/\\\/www.synergie.ca\\\/fr\\\/employeurs\\\/externalisation-du-recrutement\\\/#breadcrumb\"},\"inLanguage\":\"fr-FR\",\"potentialAction\":[{\"@type\":\"ReadAction\",\"target\":[\"https:\\\/\\\/www.synergie.ca\\\/fr\\\/employeurs\\\/externalisation-du-recrutement\\\/\"]}]},{\"@type\":\"ImageObject\",\"inLanguage\":\"fr-FR\",\"@id\":\"https:\\\/\\\/www.synergie.ca\\\/fr\\\/employeurs\\\/externalisation-du-recrutement\\\/#primaryimage\",\"url\":\"https:\\\/\\\/www.synergie.ca\\\/wp-content\\\/uploads\\\/2025\\\/02\\\/image-homme-de-carriere-1024x682.jpg\",\"contentUrl\":\"https:\\\/\\\/www.synergie.ca\\\/wp-content\\\/uploads\\\/2025\\\/02\\\/image-homme-de-carriere-1024x682.jpg\"},{\"@type\":\"BreadcrumbList\",\"@id\":\"https:\\\/\\\/www.synergie.ca\\\/fr\\\/employeurs\\\/externalisation-du-recrutement\\\/#breadcrumb\",\"itemListElement\":[{\"@type\":\"ListItem\",\"position\":1,\"name\":\"Home\",\"item\":\"https:\\\/\\\/www.synergie.ca\\\/fr\\\/\"},{\"@type\":\"ListItem\",\"position\":2,\"name\":\"Employeurs\",\"item\":\"https:\\\/\\\/www.synergie.ca\\\/fr\\\/employeurs\\\/\"},{\"@type\":\"ListItem\",\"position\":3,\"name\":\"Externalisation du recrutement\"}]},{\"@type\":\"WebSite\",\"@id\":\"https:\\\/\\\/www.synergie.ca\\\/fr\\\/#website\",\"url\":\"https:\\\/\\\/www.synergie.ca\\\/fr\\\/\",\"name\":\"Synergie\",\"description\":\"\",\"publisher\":{\"@id\":\"https:\\\/\\\/www.synergie.ca\\\/fr\\\/#organization\"},\"potentialAction\":[{\"@type\":\"SearchAction\",\"target\":{\"@type\":\"EntryPoint\",\"urlTemplate\":\"https:\\\/\\\/www.synergie.ca\\\/fr\\\/?s={search_term_string}\"},\"query-input\":{\"@type\":\"PropertyValueSpecification\",\"valueRequired\":true,\"valueName\":\"search_term_string\"}}],\"inLanguage\":\"fr-FR\"},{\"@type\":\"Organization\",\"@id\":\"https:\\\/\\\/www.synergie.ca\\\/fr\\\/#organization\",\"name\":\"Synergie Canada\",\"url\":\"https:\\\/\\\/www.synergie.ca\\\/fr\\\/\",\"logo\":{\"@type\":\"ImageObject\",\"inLanguage\":\"fr-FR\",\"@id\":\"https:\\\/\\\/www.synergie.ca\\\/fr\\\/#\\\/schema\\\/logo\\\/image\\\/\",\"url\":\"https:\\\/\\\/www.synergie.ca\\\/wp-content\\\/uploads\\\/2025\\\/02\\\/LOGO_SYNERGIE_RVB-1.jpg\",\"contentUrl\":\"https:\\\/\\\/www.synergie.ca\\\/wp-content\\\/uploads\\\/2025\\\/02\\\/LOGO_SYNERGIE_RVB-1.jpg\",\"width\":1182,\"height\":1182,\"caption\":\"Synergie Canada\"},\"image\":{\"@id\":\"https:\\\/\\\/www.synergie.ca\\\/fr\\\/#\\\/schema\\\/logo\\\/image\\\/\"},\"sameAs\":[\"https:\\\/\\\/www.facebook.com\\\/Synergie.ca\",\"https:\\\/\\\/www.linkedin.com\\\/company\\\/synergiecanada\"]}]}<\/script>\n<!-- \/ Yoast SEO plugin. -->","yoast_head_json":{"title":"- Synergie","robots":{"index":"index","follow":"follow","max-snippet":"max-snippet:-1","max-image-preview":"max-image-preview:large","max-video-preview":"max-video-preview:-1"},"canonical":"https:\/\/www.synergie.ca\/fr\/employeurs\/externalisation-du-recrutement\/","og_locale":"fr_FR","og_type":"article","og_title":"- Synergie","og_description":"Externalisation du recrutement Une solution sur mesure pour optimiser vos ressources Dans un march\u00e9 de l\u2019emploi en constante \u00e9volution, attirer et s\u00e9lectionner les meilleurs talents n\u00e9cessite du temps, des ressources et une expertise pointue. En externalisant tout ou partie de votre processus de recrutement, vous b\u00e9n\u00e9ficiez d\u2019un accompagnement strat\u00e9gique, d\u2019outils performants et d\u2019un acc\u00e8s privil\u00e9gi\u00e9 [&hellip;]","og_url":"https:\/\/www.synergie.ca\/fr\/employeurs\/externalisation-du-recrutement\/","og_site_name":"Synergie","article_publisher":"https:\/\/www.facebook.com\/Synergie.ca","article_modified_time":"2025-04-21T12:52:46+00:00","og_image":[{"url":"https:\/\/www.synergie.ca\/wp-content\/uploads\/2025\/02\/image-homme-de-carriere-1024x682.jpg","type":"","width":"","height":""}],"twitter_card":"summary_large_image","twitter_misc":{"Dur\u00e9e de lecture estim\u00e9e":"2 minutes"},"schema":{"@context":"https:\/\/schema.org","@graph":[{"@type":"WebPage","@id":"https:\/\/www.synergie.ca\/fr\/employeurs\/externalisation-du-recrutement\/","url":"https:\/\/www.synergie.ca\/fr\/employeurs\/externalisation-du-recrutement\/","name":"- Synergie","isPartOf":{"@id":"https:\/\/www.synergie.ca\/fr\/#website"},"primaryImageOfPage":{"@id":"https:\/\/www.synergie.ca\/fr\/employeurs\/externalisation-du-recrutement\/#primaryimage"},"image":{"@id":"https:\/\/www.synergie.ca\/fr\/employeurs\/externalisation-du-recrutement\/#primaryimage"},"thumbnailUrl":"https:\/\/www.synergie.ca\/wp-content\/uploads\/2025\/02\/image-homme-de-carriere-1024x682.jpg","datePublished":"2025-04-21T12:34:42+00:00","dateModified":"2025-04-21T12:52:46+00:00","breadcrumb":{"@id":"https:\/\/www.synergie.ca\/fr\/employeurs\/externalisation-du-recrutement\/#breadcrumb"},"inLanguage":"fr-FR","potentialAction":[{"@type":"ReadAction","target":["https:\/\/www.synergie.ca\/fr\/employeurs\/externalisation-du-recrutement\/"]}]},{"@type":"ImageObject","inLanguage":"fr-FR","@id":"https:\/\/www.synergie.ca\/fr\/employeurs\/externalisation-du-recrutement\/#primaryimage","url":"https:\/\/www.synergie.ca\/wp-content\/uploads\/2025\/02\/image-homme-de-carriere-1024x682.jpg","contentUrl":"https:\/\/www.synergie.ca\/wp-content\/uploads\/2025\/02\/image-homme-de-carriere-1024x682.jpg"},{"@type":"BreadcrumbList","@id":"https:\/\/www.synergie.ca\/fr\/employeurs\/externalisation-du-recrutement\/#breadcrumb","itemListElement":[{"@type":"ListItem","position":1,"name":"Home","item":"https:\/\/www.synergie.ca\/fr\/"},{"@type":"ListItem","position":2,"name":"Employeurs","item":"https:\/\/www.synergie.ca\/fr\/employeurs\/"},{"@type":"ListItem","position":3,"name":"Externalisation du recrutement"}]},{"@type":"WebSite","@id":"https:\/\/www.synergie.ca\/fr\/#website","url":"https:\/\/www.synergie.ca\/fr\/","name":"Synergie","description":"","publisher":{"@id":"https:\/\/www.synergie.ca\/fr\/#organization"},"potentialAction":[{"@type":"SearchAction","target":{"@type":"EntryPoint","urlTemplate":"https:\/\/www.synergie.ca\/fr\/?s={search_term_string}"},"query-input":{"@type":"PropertyValueSpecification","valueRequired":true,"valueName":"search_term_string"}}],"inLanguage":"fr-FR"},{"@type":"Organization","@id":"https:\/\/www.synergie.ca\/fr\/#organization","name":"Synergie Canada","url":"https:\/\/www.synergie.ca\/fr\/","logo":{"@type":"ImageObject","inLanguage":"fr-FR","@id":"https:\/\/www.synergie.ca\/fr\/#\/schema\/logo\/image\/","url":"https:\/\/www.synergie.ca\/wp-content\/uploads\/2025\/02\/LOGO_SYNERGIE_RVB-1.jpg","contentUrl":"https:\/\/www.synergie.ca\/wp-content\/uploads\/2025\/02\/LOGO_SYNERGIE_RVB-1.jpg","width":1182,"height":1182,"caption":"Synergie Canada"},"image":{"@id":"https:\/\/www.synergie.ca\/fr\/#\/schema\/logo\/image\/"},"sameAs":["https:\/\/www.facebook.com\/Synergie.ca","https:\/\/www.linkedin.com\/company\/synergiecanada"]}]}},"_links":{"self":[{"href":"https:\/\/www.synergie.ca\/fr\/wp-json\/wp\/v2\/pages\/6991","targetHints":{"allow":["GET"]}}],"collection":[{"href":"https:\/\/www.synergie.ca\/fr\/wp-json\/wp\/v2\/pages"}],"about":[{"href":"https:\/\/www.synergie.ca\/fr\/wp-json\/wp\/v2\/types\/page"}],"author":[{"embeddable":true,"href":"https:\/\/www.synergie.ca\/fr\/wp-json\/wp\/v2\/users\/1"}],"replies":[{"embeddable":true,"href":"https:\/\/www.synergie.ca\/fr\/wp-json\/wp\/v2\/comments?post=6991"}],"version-history":[{"count":6,"href":"https:\/\/www.synergie.ca\/fr\/wp-json\/wp\/v2\/pages\/6991\/revisions"}],"predecessor-version":[{"id":7056,"href":"https:\/\/www.synergie.ca\/fr\/wp-json\/wp\/v2\/pages\/6991\/revisions\/7056"}],"up":[{"embeddable":true,"href":"https:\/\/www.synergie.ca\/fr\/wp-json\/wp\/v2\/pages\/109"}],"wp:attachment":[{"href":"https:\/\/www.synergie.ca\/fr\/wp-json\/wp\/v2\/media?parent=6991"}],"curies":[{"name":"wp","href":"https:\/\/api.w.org\/{rel}","templated":true}]}}