{"id":6993,"date":"2025-04-21T08:35:11","date_gmt":"2025-04-21T12:35:11","guid":{"rendered":"https:\/\/www.synergie.ca\/?page_id=6993"},"modified":"2025-10-03T14:23:10","modified_gmt":"2025-10-03T18:23:10","slug":"solutions-sur-mesure","status":"publish","type":"page","link":"https:\/\/www.synergie.ca\/fr\/employeurs\/solutions-sur-mesure\/","title":{"rendered":"Solutions sur mesure"},"content":{"rendered":"\n<h2 class=\"wp-block-heading has-text-align-center\">Solutions sur mesure<\/h2>\n\n\n\n<h3 class=\"wp-block-heading\"><strong>Pour r\u00e9pondre \u00e0 vos besoins sp\u00e9cifiques<\/strong><\/h3>\n\n\n\n<p>Chaque entreprise est unique, avec ses propres d\u00e9fis et priorit\u00e9s en mati\u00e8re de ressources humaines. C&rsquo;est pourquoi nous offrons des services flexibles et modulables, con\u00e7us pour s&rsquo;adapter pr\u00e9cis\u00e9ment \u00e0 votre r\u00e9alit\u00e9 d&rsquo;affaires.<\/p>\n\n\n\n<div class=\"wp-block-buttons is-content-justification-center is-layout-flex wp-container-core-buttons-is-layout-a89b3969 wp-block-buttons-is-layout-flex\">\n<div class=\"wp-block-button\"><a class=\"wp-block-button__link has-base-color has-custom-rouge-background-color has-text-color has-background has-link-color has-mdm-large-font-size has-text-align-center has-custom-font-size wp-element-button\" href=\"https:\/\/www.synergie.ca\/fr\/employeurs\/demande-de-soumission\/\">Contactez-nous d\u00e8s maintenant<\/a><\/div>\n<\/div>\n\n\n\n<div class=\"wp-block-media-text is-stacked-on-mobile\" style=\"grid-template-columns:40% auto\"><figure class=\"wp-block-media-text__media\"><img loading=\"lazy\" decoding=\"async\" width=\"1024\" height=\"679\" src=\"https:\/\/www.synergie.ca\/wp-content\/uploads\/2025\/02\/man-6208470_1280-1-1024x679.jpg\" alt=\"\" class=\"wp-image-6156 size-full\" srcset=\"https:\/\/www.synergie.ca\/wp-content\/uploads\/2025\/02\/man-6208470_1280-1-1024x679.jpg 1024w, https:\/\/www.synergie.ca\/wp-content\/uploads\/2025\/02\/man-6208470_1280-1-300x199.jpg 300w, https:\/\/www.synergie.ca\/wp-content\/uploads\/2025\/02\/man-6208470_1280-1-768x509.jpg 768w, https:\/\/www.synergie.ca\/wp-content\/uploads\/2025\/02\/man-6208470_1280-1.jpg 1280w\" sizes=\"auto, (max-width: 1024px) 100vw, 1024px\" \/><\/figure><div class=\"wp-block-media-text__content\">\n<p><strong><mark style=\"background-color:rgba(0, 0, 0, 0)\" class=\"has-inline-color has-custom-rouge-color\">Un recrutement personnalis\u00e9 selon vos besoins<\/mark><\/strong><\/p>\n\n\n\n<p>Que vous ayez besoin d&rsquo;un soutien ponctuel ou d&rsquo;une prise en charge compl\u00e8te du processus de recrutement, nous sommes l\u00e0 pour vous aider. De l&rsquo;affichage des postes \u00e0 la pr\u00e9s\u00e9lection des candidats, en passant par la conduite des entrevues et les validations pr\u00e9-emploi, nous intervenons l\u00e0 o\u00f9 vous en avez besoin.<\/p>\n<\/div><\/div>\n\n\n\n<div class=\"wp-block-media-text has-media-on-the-right is-stacked-on-mobile\" style=\"grid-template-columns:auto 40%\"><div class=\"wp-block-media-text__content\">\n<p><strong><mark style=\"background-color:rgba(0, 0, 0, 0)\" class=\"has-inline-color has-custom-rouge-color\">Un accompagnement RH sur mesure<\/mark><\/strong><\/p>\n\n\n\n<p>Nos experts vous accompagnent dans la gestion de vos ressources humaines, en vous proposant des solutions concr\u00e8tes et efficaces adapt\u00e9es \u00e0 vos enjeux sp\u00e9cifiques. Que ce soit pour la gestion des talents, la formation, la conformit\u00e9 r\u00e9glementaire ou d&rsquo;autres aspects RH, nous sommes \u00e0 vos c\u00f4t\u00e9s pour vous guider.<\/p>\n<\/div><figure class=\"wp-block-media-text__media\"><img loading=\"lazy\" decoding=\"async\" width=\"1024\" height=\"682\" src=\"https:\/\/www.synergie.ca\/wp-content\/uploads\/2025\/02\/image-homme-de-carriere-1024x682.jpg\" alt=\"\" class=\"wp-image-6160 size-full\" srcset=\"https:\/\/www.synergie.ca\/wp-content\/uploads\/2025\/02\/image-homme-de-carriere-1024x682.jpg 1024w, https:\/\/www.synergie.ca\/wp-content\/uploads\/2025\/02\/image-homme-de-carriere-300x200.jpg 300w, https:\/\/www.synergie.ca\/wp-content\/uploads\/2025\/02\/image-homme-de-carriere-768x511.jpg 768w, https:\/\/www.synergie.ca\/wp-content\/uploads\/2025\/02\/image-homme-de-carriere-1536x1022.jpg 1536w, https:\/\/www.synergie.ca\/wp-content\/uploads\/2025\/02\/image-homme-de-carriere-2048x1363.jpg 2048w\" sizes=\"auto, (max-width: 1024px) 100vw, 1024px\" \/><\/figure><\/div>\n\n\n\n<div class=\"wp-block-media-text is-stacked-on-mobile\" style=\"grid-template-columns:40% auto\"><figure class=\"wp-block-media-text__media\"><img loading=\"lazy\" decoding=\"async\" width=\"1024\" height=\"447\" src=\"https:\/\/www.synergie.ca\/wp-content\/uploads\/2025\/02\/businessman-8504702_1280-1024x447.jpg\" alt=\"\" class=\"wp-image-6312 size-full\" srcset=\"https:\/\/www.synergie.ca\/wp-content\/uploads\/2025\/02\/businessman-8504702_1280-1024x447.jpg 1024w, https:\/\/www.synergie.ca\/wp-content\/uploads\/2025\/02\/businessman-8504702_1280-300x131.jpg 300w, https:\/\/www.synergie.ca\/wp-content\/uploads\/2025\/02\/businessman-8504702_1280-768x335.jpg 768w, https:\/\/www.synergie.ca\/wp-content\/uploads\/2025\/02\/businessman-8504702_1280.jpg 1280w\" sizes=\"auto, (max-width: 1024px) 100vw, 1024px\" \/><\/figure><div class=\"wp-block-media-text__content\">\n<p><strong><mark style=\"background-color:rgba(0, 0, 0, 0)\" class=\"has-inline-color has-custom-rouge-color\">Un service flexible, align\u00e9 sur vos priorit\u00e9s<\/mark><\/strong><\/p>\n\n\n\n<p>Peu importe l&rsquo;ampleur ou la complexit\u00e9 de vos besoins, nous nous adaptons \u00e0 votre r\u00e9alit\u00e9. Notre approche personnalis\u00e9e garantit un accompagnement qui respecte vos d\u00e9lais, vos ressources et vos objectifs strat\u00e9giques.<\/p>\n<\/div><\/div>\n\n\n\n<p><\/p>\n\n\n\n<div class=\"wp-block-buttons has-custom-font-size has-mdm-large-font-size is-content-justification-center is-layout-flex wp-container-core-buttons-is-layout-a89b3969 wp-block-buttons-is-layout-flex\">\n<div class=\"wp-block-button\"><a class=\"wp-block-button__link has-custom-blanc-color has-custom-rouge-background-color has-text-color has-background has-link-color wp-element-button\" href=\"https:\/\/www.synergie.ca\/fr\/employeurs\/demande-de-soumission\/\">Contactez-nous d\u00e8s maintenant<\/a><\/div>\n<\/div>\n\n\n\n<p><\/p>\n","protected":false},"excerpt":{"rendered":"<p>Solutions sur mesure Pour r\u00e9pondre \u00e0 vos besoins sp\u00e9cifiques Chaque entreprise est unique, avec ses propres d\u00e9fis et priorit\u00e9s en mati\u00e8re de ressources humaines. C&rsquo;est pourquoi nous offrons des services flexibles et modulables, con\u00e7us pour s&rsquo;adapter pr\u00e9cis\u00e9ment \u00e0 votre r\u00e9alit\u00e9 d&rsquo;affaires. Un recrutement personnalis\u00e9 selon vos besoins Que vous ayez besoin d&rsquo;un soutien ponctuel ou [&hellip;]<\/p>\n","protected":false},"author":1,"featured_media":0,"parent":109,"menu_order":0,"comment_status":"closed","ping_status":"closed","template":"","meta":{"footnotes":""},"class_list":["post-6993","page","type-page","status-publish","hentry"],"yoast_head":"<!-- This site is optimized with the Yoast SEO plugin v27.5 - https:\/\/yoast.com\/product\/yoast-seo-wordpress\/ -->\n<title>- Synergie<\/title>\n<meta name=\"robots\" content=\"index, follow, max-snippet:-1, max-image-preview:large, max-video-preview:-1\" \/>\n<link rel=\"canonical\" href=\"https:\/\/www.synergie.ca\/fr\/employeurs\/solutions-sur-mesure\/\" \/>\n<meta property=\"og:locale\" content=\"fr_FR\" \/>\n<meta property=\"og:type\" content=\"article\" \/>\n<meta property=\"og:title\" content=\"- Synergie\" \/>\n<meta property=\"og:description\" content=\"Solutions sur mesure Pour r\u00e9pondre \u00e0 vos besoins sp\u00e9cifiques Chaque entreprise est unique, avec ses propres d\u00e9fis et priorit\u00e9s en mati\u00e8re de ressources humaines. C&rsquo;est pourquoi nous offrons des services flexibles et modulables, con\u00e7us pour s&rsquo;adapter pr\u00e9cis\u00e9ment \u00e0 votre r\u00e9alit\u00e9 d&rsquo;affaires. Un recrutement personnalis\u00e9 selon vos besoins Que vous ayez besoin d&rsquo;un soutien ponctuel ou [&hellip;]\" \/>\n<meta property=\"og:url\" content=\"https:\/\/www.synergie.ca\/fr\/employeurs\/solutions-sur-mesure\/\" \/>\n<meta property=\"og:site_name\" content=\"Synergie\" \/>\n<meta property=\"article:publisher\" content=\"https:\/\/www.facebook.com\/Synergie.ca\" \/>\n<meta property=\"article:modified_time\" content=\"2025-10-03T18:23:10+00:00\" \/>\n<meta property=\"og:image\" content=\"https:\/\/www.synergie.ca\/wp-content\/uploads\/2025\/02\/man-6208470_1280-1-1024x679.jpg\" \/>\n<meta name=\"twitter:card\" content=\"summary_large_image\" \/>\n<script type=\"application\/ld+json\" class=\"yoast-schema-graph\">{\"@context\":\"https:\\\/\\\/schema.org\",\"@graph\":[{\"@type\":\"WebPage\",\"@id\":\"https:\\\/\\\/www.synergie.ca\\\/fr\\\/employeurs\\\/solutions-sur-mesure\\\/\",\"url\":\"https:\\\/\\\/www.synergie.ca\\\/fr\\\/employeurs\\\/solutions-sur-mesure\\\/\",\"name\":\"- Synergie\",\"isPartOf\":{\"@id\":\"https:\\\/\\\/www.synergie.ca\\\/fr\\\/#website\"},\"primaryImageOfPage\":{\"@id\":\"https:\\\/\\\/www.synergie.ca\\\/fr\\\/employeurs\\\/solutions-sur-mesure\\\/#primaryimage\"},\"image\":{\"@id\":\"https:\\\/\\\/www.synergie.ca\\\/fr\\\/employeurs\\\/solutions-sur-mesure\\\/#primaryimage\"},\"thumbnailUrl\":\"https:\\\/\\\/www.synergie.ca\\\/wp-content\\\/uploads\\\/2025\\\/02\\\/man-6208470_1280-1-1024x679.jpg\",\"datePublished\":\"2025-04-21T12:35:11+00:00\",\"dateModified\":\"2025-10-03T18:23:10+00:00\",\"breadcrumb\":{\"@id\":\"https:\\\/\\\/www.synergie.ca\\\/fr\\\/employeurs\\\/solutions-sur-mesure\\\/#breadcrumb\"},\"inLanguage\":\"fr-FR\",\"potentialAction\":[{\"@type\":\"ReadAction\",\"target\":[\"https:\\\/\\\/www.synergie.ca\\\/fr\\\/employeurs\\\/solutions-sur-mesure\\\/\"]}]},{\"@type\":\"ImageObject\",\"inLanguage\":\"fr-FR\",\"@id\":\"https:\\\/\\\/www.synergie.ca\\\/fr\\\/employeurs\\\/solutions-sur-mesure\\\/#primaryimage\",\"url\":\"https:\\\/\\\/www.synergie.ca\\\/wp-content\\\/uploads\\\/2025\\\/02\\\/man-6208470_1280-1-1024x679.jpg\",\"contentUrl\":\"https:\\\/\\\/www.synergie.ca\\\/wp-content\\\/uploads\\\/2025\\\/02\\\/man-6208470_1280-1-1024x679.jpg\"},{\"@type\":\"BreadcrumbList\",\"@id\":\"https:\\\/\\\/www.synergie.ca\\\/fr\\\/employeurs\\\/solutions-sur-mesure\\\/#breadcrumb\",\"itemListElement\":[{\"@type\":\"ListItem\",\"position\":1,\"name\":\"Home\",\"item\":\"https:\\\/\\\/www.synergie.ca\\\/fr\\\/\"},{\"@type\":\"ListItem\",\"position\":2,\"name\":\"Employeurs\",\"item\":\"https:\\\/\\\/www.synergie.ca\\\/fr\\\/employeurs\\\/\"},{\"@type\":\"ListItem\",\"position\":3,\"name\":\"Solutions sur mesure\"}]},{\"@type\":\"WebSite\",\"@id\":\"https:\\\/\\\/www.synergie.ca\\\/fr\\\/#website\",\"url\":\"https:\\\/\\\/www.synergie.ca\\\/fr\\\/\",\"name\":\"Synergie\",\"description\":\"\",\"publisher\":{\"@id\":\"https:\\\/\\\/www.synergie.ca\\\/fr\\\/#organization\"},\"potentialAction\":[{\"@type\":\"SearchAction\",\"target\":{\"@type\":\"EntryPoint\",\"urlTemplate\":\"https:\\\/\\\/www.synergie.ca\\\/fr\\\/?s={search_term_string}\"},\"query-input\":{\"@type\":\"PropertyValueSpecification\",\"valueRequired\":true,\"valueName\":\"search_term_string\"}}],\"inLanguage\":\"fr-FR\"},{\"@type\":\"Organization\",\"@id\":\"https:\\\/\\\/www.synergie.ca\\\/fr\\\/#organization\",\"name\":\"Synergie Canada\",\"url\":\"https:\\\/\\\/www.synergie.ca\\\/fr\\\/\",\"logo\":{\"@type\":\"ImageObject\",\"inLanguage\":\"fr-FR\",\"@id\":\"https:\\\/\\\/www.synergie.ca\\\/fr\\\/#\\\/schema\\\/logo\\\/image\\\/\",\"url\":\"https:\\\/\\\/www.synergie.ca\\\/wp-content\\\/uploads\\\/2025\\\/02\\\/LOGO_SYNERGIE_RVB-1.jpg\",\"contentUrl\":\"https:\\\/\\\/www.synergie.ca\\\/wp-content\\\/uploads\\\/2025\\\/02\\\/LOGO_SYNERGIE_RVB-1.jpg\",\"width\":1182,\"height\":1182,\"caption\":\"Synergie Canada\"},\"image\":{\"@id\":\"https:\\\/\\\/www.synergie.ca\\\/fr\\\/#\\\/schema\\\/logo\\\/image\\\/\"},\"sameAs\":[\"https:\\\/\\\/www.facebook.com\\\/Synergie.ca\",\"https:\\\/\\\/www.linkedin.com\\\/company\\\/synergiecanada\"]}]}<\/script>\n<!-- \/ Yoast SEO plugin. -->","yoast_head_json":{"title":"- Synergie","robots":{"index":"index","follow":"follow","max-snippet":"max-snippet:-1","max-image-preview":"max-image-preview:large","max-video-preview":"max-video-preview:-1"},"canonical":"https:\/\/www.synergie.ca\/fr\/employeurs\/solutions-sur-mesure\/","og_locale":"fr_FR","og_type":"article","og_title":"- Synergie","og_description":"Solutions sur mesure Pour r\u00e9pondre \u00e0 vos besoins sp\u00e9cifiques Chaque entreprise est unique, avec ses propres d\u00e9fis et priorit\u00e9s en mati\u00e8re de ressources humaines. C&rsquo;est pourquoi nous offrons des services flexibles et modulables, con\u00e7us pour s&rsquo;adapter pr\u00e9cis\u00e9ment \u00e0 votre r\u00e9alit\u00e9 d&rsquo;affaires. Un recrutement personnalis\u00e9 selon vos besoins Que vous ayez besoin d&rsquo;un soutien ponctuel ou [&hellip;]","og_url":"https:\/\/www.synergie.ca\/fr\/employeurs\/solutions-sur-mesure\/","og_site_name":"Synergie","article_publisher":"https:\/\/www.facebook.com\/Synergie.ca","article_modified_time":"2025-10-03T18:23:10+00:00","og_image":[{"url":"https:\/\/www.synergie.ca\/wp-content\/uploads\/2025\/02\/man-6208470_1280-1-1024x679.jpg","type":"","width":"","height":""}],"twitter_card":"summary_large_image","schema":{"@context":"https:\/\/schema.org","@graph":[{"@type":"WebPage","@id":"https:\/\/www.synergie.ca\/fr\/employeurs\/solutions-sur-mesure\/","url":"https:\/\/www.synergie.ca\/fr\/employeurs\/solutions-sur-mesure\/","name":"- Synergie","isPartOf":{"@id":"https:\/\/www.synergie.ca\/fr\/#website"},"primaryImageOfPage":{"@id":"https:\/\/www.synergie.ca\/fr\/employeurs\/solutions-sur-mesure\/#primaryimage"},"image":{"@id":"https:\/\/www.synergie.ca\/fr\/employeurs\/solutions-sur-mesure\/#primaryimage"},"thumbnailUrl":"https:\/\/www.synergie.ca\/wp-content\/uploads\/2025\/02\/man-6208470_1280-1-1024x679.jpg","datePublished":"2025-04-21T12:35:11+00:00","dateModified":"2025-10-03T18:23:10+00:00","breadcrumb":{"@id":"https:\/\/www.synergie.ca\/fr\/employeurs\/solutions-sur-mesure\/#breadcrumb"},"inLanguage":"fr-FR","potentialAction":[{"@type":"ReadAction","target":["https:\/\/www.synergie.ca\/fr\/employeurs\/solutions-sur-mesure\/"]}]},{"@type":"ImageObject","inLanguage":"fr-FR","@id":"https:\/\/www.synergie.ca\/fr\/employeurs\/solutions-sur-mesure\/#primaryimage","url":"https:\/\/www.synergie.ca\/wp-content\/uploads\/2025\/02\/man-6208470_1280-1-1024x679.jpg","contentUrl":"https:\/\/www.synergie.ca\/wp-content\/uploads\/2025\/02\/man-6208470_1280-1-1024x679.jpg"},{"@type":"BreadcrumbList","@id":"https:\/\/www.synergie.ca\/fr\/employeurs\/solutions-sur-mesure\/#breadcrumb","itemListElement":[{"@type":"ListItem","position":1,"name":"Home","item":"https:\/\/www.synergie.ca\/fr\/"},{"@type":"ListItem","position":2,"name":"Employeurs","item":"https:\/\/www.synergie.ca\/fr\/employeurs\/"},{"@type":"ListItem","position":3,"name":"Solutions sur mesure"}]},{"@type":"WebSite","@id":"https:\/\/www.synergie.ca\/fr\/#website","url":"https:\/\/www.synergie.ca\/fr\/","name":"Synergie","description":"","publisher":{"@id":"https:\/\/www.synergie.ca\/fr\/#organization"},"potentialAction":[{"@type":"SearchAction","target":{"@type":"EntryPoint","urlTemplate":"https:\/\/www.synergie.ca\/fr\/?s={search_term_string}"},"query-input":{"@type":"PropertyValueSpecification","valueRequired":true,"valueName":"search_term_string"}}],"inLanguage":"fr-FR"},{"@type":"Organization","@id":"https:\/\/www.synergie.ca\/fr\/#organization","name":"Synergie Canada","url":"https:\/\/www.synergie.ca\/fr\/","logo":{"@type":"ImageObject","inLanguage":"fr-FR","@id":"https:\/\/www.synergie.ca\/fr\/#\/schema\/logo\/image\/","url":"https:\/\/www.synergie.ca\/wp-content\/uploads\/2025\/02\/LOGO_SYNERGIE_RVB-1.jpg","contentUrl":"https:\/\/www.synergie.ca\/wp-content\/uploads\/2025\/02\/LOGO_SYNERGIE_RVB-1.jpg","width":1182,"height":1182,"caption":"Synergie Canada"},"image":{"@id":"https:\/\/www.synergie.ca\/fr\/#\/schema\/logo\/image\/"},"sameAs":["https:\/\/www.facebook.com\/Synergie.ca","https:\/\/www.linkedin.com\/company\/synergiecanada"]}]}},"_links":{"self":[{"href":"https:\/\/www.synergie.ca\/fr\/wp-json\/wp\/v2\/pages\/6993","targetHints":{"allow":["GET"]}}],"collection":[{"href":"https:\/\/www.synergie.ca\/fr\/wp-json\/wp\/v2\/pages"}],"about":[{"href":"https:\/\/www.synergie.ca\/fr\/wp-json\/wp\/v2\/types\/page"}],"author":[{"embeddable":true,"href":"https:\/\/www.synergie.ca\/fr\/wp-json\/wp\/v2\/users\/1"}],"replies":[{"embeddable":true,"href":"https:\/\/www.synergie.ca\/fr\/wp-json\/wp\/v2\/comments?post=6993"}],"version-history":[{"count":6,"href":"https:\/\/www.synergie.ca\/fr\/wp-json\/wp\/v2\/pages\/6993\/revisions"}],"predecessor-version":[{"id":7594,"href":"https:\/\/www.synergie.ca\/fr\/wp-json\/wp\/v2\/pages\/6993\/revisions\/7594"}],"up":[{"embeddable":true,"href":"https:\/\/www.synergie.ca\/fr\/wp-json\/wp\/v2\/pages\/109"}],"wp:attachment":[{"href":"https:\/\/www.synergie.ca\/fr\/wp-json\/wp\/v2\/media?parent=6993"}],"curies":[{"name":"wp","href":"https:\/\/api.w.org\/{rel}","templated":true}]}}